{"id":85,"date":"2010-06-17T04:21:17","date_gmt":"2010-06-17T04:21:17","guid":{"rendered":""},"modified":"2010-06-17T04:21:17","modified_gmt":"2010-06-17T04:21:17","slug":"give-monthly","status":"publish","type":"page","link":"https:\/\/westernlaw.org\/es\/give-monthly\/","title":{"rendered":"Programa de socios de Keystone"},"content":{"rendered":"<p>Las especies clave juegan un papel fundamental en el mantenimiento de la estructura de una comunidad ecol\u00f3gica. Nuestros Keystone Partners juegan un papel fundamental en la protecci\u00f3n de la vida silvestre del Oeste. <\/p>\n<p>Lo invitamos a unirse a Keystone Partners, nuestro programa de donaciones mensuales, para ayudar a abogar por la preservaci\u00f3n y restauraci\u00f3n de \u00e1reas silvestres cruciales para la supervivencia de las especies clave.<\/p>\n<p>La membres\u00eda en Keystone Partners le ofrece una forma conveniente de donar y nos permite ahorrar en el papel y los costos de los env\u00edos. Sus donaciones mensuales se cargar\u00e1n autom\u00e1ticamente a su tarjeta de cr\u00e9dito o se deducir\u00e1n de su cuenta bancaria a trav\u00e9s de una transferencia electr\u00f3nica de fondos. <\/p>\n<p>As\u00f3ciese con nosotros para salvar los majestuosos h\u00e1bitats del oeste para proteger el lince, el oso pardo, el salm\u00f3n, los lobos y otros animales salvajes amenazados. Convi\u00e9rtase en Keystone Partner hoy con su compromiso de $5 por mes o m\u00e1s. <strong><a href=\"https:\/\/app.etapestry.com\/onlineforms\/WesternEnvironmentalLawCent\/donate.html\" target=\"_blank\">Reg\u00edstrate hoy<\/a> <\/strong>y convertirse en una parte sostenible de nuestro trabajo.<\/p>\n<p><a href=\"http:\/\/www.guidestar.org\/organizations\/93-1010269\/western-environmental-law-center.aspx\" target=\"_blank\"><img decoding=\"async\" class=\"imagecache-small\" src=\"https:\/\/westernlaw.org\/wp-content\/uploads\/GSX_TierLogo_GOLD-CMYK-LG cutout_0.jpg\" alt=\"\"><\/a><\/p>\n<p>\u00a1WELC tiene la calificaci\u00f3n m\u00e1s alta de GuideStar!<\/p>\n<div class=\"field_image\"><img decoding=\"async\" src=\"https:\/\/westernlaw.org\/wp-content\/uploads\/GSX_TierLogo_GOLD-CMYK-LG cutout_0_58c82836f3dac.jpg\"><\/div>","protected":false},"excerpt":{"rendered":"<p>Keystone species play a critical role in maintaining the structure of an ecological community. Our Keystone Partners play a critical role in the protection of the wildlife of the West. We invite you to join Keystone Partners, our monthly giving program, to help advocate for the preservation and restoration of wildlands crucial to the survival [&hellip;]<\/p>\n","protected":false},"author":0,"featured_media":0,"parent":0,"menu_order":0,"comment_status":"open","ping_status":"open","template":"","meta":{"_et_pb_use_builder":"","_et_pb_old_content":"","_et_gb_content_width":"","_uag_custom_page_level_css":"","_monsterinsights_skip_tracking":false,"_monsterinsights_sitenote_active":false,"_monsterinsights_sitenote_note":"","_monsterinsights_sitenote_category":0,"footnotes":""},"categories":[],"tags":[],"class_list":["post-85","page","type-page","status-publish","hentry"],"yoast_head":"<!-- This site is optimized with the Yoast SEO plugin v27.3 - https:\/\/yoast.com\/product\/yoast-seo-wordpress\/ -->\n<title>Keystone Partners Program - Western Environmental Law Center<\/title>\n<meta name=\"robots\" content=\"index, follow, max-snippet:-1, max-image-preview:large, max-video-preview:-1\" \/>\n<link rel=\"canonical\" href=\"https:\/\/westernlaw.org\/es\/give-monthly\/\" \/>\n<meta property=\"og:locale\" content=\"es_MX\" \/>\n<meta property=\"og:type\" content=\"article\" \/>\n<meta property=\"og:title\" content=\"Keystone Partners Program - Western Environmental Law Center\" \/>\n<meta property=\"og:description\" content=\"Keystone species play a critical role in maintaining the structure of an ecological community. Our Keystone Partners play a critical role in the protection of the wildlife of the West. We invite you to join Keystone Partners, our monthly giving program, to help advocate for the preservation and restoration of wildlands crucial to the survival [&hellip;]\" \/>\n<meta property=\"og:url\" content=\"https:\/\/westernlaw.org\/es\/give-monthly\/\" \/>\n<meta property=\"og:site_name\" content=\"Western Environmental Law Center\" \/>\n<meta property=\"article:publisher\" content=\"https:\/\/www.facebook.com\/westernlaw\/\" \/>\n<meta property=\"og:image\" content=\"https:\/\/westernlaw.org\/wp-content\/uploads\/2023\/03\/WELC-General-FB-Default.jpg\" \/>\n\t<meta property=\"og:image:width\" content=\"1200\" \/>\n\t<meta property=\"og:image:height\" content=\"628\" \/>\n\t<meta property=\"og:image:type\" content=\"image\/jpeg\" \/>\n<meta name=\"twitter:card\" content=\"summary_large_image\" \/>\n<meta name=\"twitter:site\" content=\"@westernlaw\" \/>\n<meta name=\"twitter:label1\" content=\"Tiempo de lectura\" \/>\n\t<meta name=\"twitter:data1\" content=\"1 minuto\" \/>\n<script type=\"application\/ld+json\" class=\"yoast-schema-graph\">{\"@context\":\"https:\\\/\\\/schema.org\",\"@graph\":[{\"@type\":\"WebPage\",\"@id\":\"https:\\\/\\\/westernlaw.org\\\/give-monthly\\\/\",\"url\":\"https:\\\/\\\/westernlaw.org\\\/give-monthly\\\/\",\"name\":\"Keystone Partners Program - Western Environmental Law Center\",\"isPartOf\":{\"@id\":\"https:\\\/\\\/westernlaw.org\\\/#website\"},\"datePublished\":\"2010-06-17T04:21:17+00:00\",\"breadcrumb\":{\"@id\":\"https:\\\/\\\/westernlaw.org\\\/give-monthly\\\/#breadcrumb\"},\"inLanguage\":\"es\",\"potentialAction\":[{\"@type\":\"ReadAction\",\"target\":[\"https:\\\/\\\/westernlaw.org\\\/give-monthly\\\/\"]}]},{\"@type\":\"BreadcrumbList\",\"@id\":\"https:\\\/\\\/westernlaw.org\\\/give-monthly\\\/#breadcrumb\",\"itemListElement\":[{\"@type\":\"ListItem\",\"position\":1,\"name\":\"Home\",\"item\":\"https:\\\/\\\/westernlaw.org\\\/\"},{\"@type\":\"ListItem\",\"position\":2,\"name\":\"Keystone Partners Program\"}]},{\"@type\":\"WebSite\",\"@id\":\"https:\\\/\\\/westernlaw.org\\\/#website\",\"url\":\"https:\\\/\\\/westernlaw.org\\\/\",\"name\":\"Western Environmental Law Center\",\"description\":\"Defending the West\",\"publisher\":{\"@id\":\"https:\\\/\\\/westernlaw.org\\\/#organization\"},\"potentialAction\":[{\"@type\":\"SearchAction\",\"target\":{\"@type\":\"EntryPoint\",\"urlTemplate\":\"https:\\\/\\\/westernlaw.org\\\/?s={search_term_string}\"},\"query-input\":{\"@type\":\"PropertyValueSpecification\",\"valueRequired\":true,\"valueName\":\"search_term_string\"}}],\"inLanguage\":\"es\"},{\"@type\":\"Organization\",\"@id\":\"https:\\\/\\\/westernlaw.org\\\/#organization\",\"name\":\"Western Environmental Law Center\",\"url\":\"https:\\\/\\\/westernlaw.org\\\/\",\"logo\":{\"@type\":\"ImageObject\",\"inLanguage\":\"es\",\"@id\":\"https:\\\/\\\/westernlaw.org\\\/#\\\/schema\\\/logo\\\/image\\\/\",\"url\":\"https:\\\/\\\/westernlaw.org\\\/wp-content\\\/uploads\\\/2017\\\/03\\\/WELC-logo-600-1.png\",\"contentUrl\":\"https:\\\/\\\/westernlaw.org\\\/wp-content\\\/uploads\\\/2017\\\/03\\\/WELC-logo-600-1.png\",\"width\":600,\"height\":600,\"caption\":\"Western Environmental Law Center\"},\"image\":{\"@id\":\"https:\\\/\\\/westernlaw.org\\\/#\\\/schema\\\/logo\\\/image\\\/\"},\"sameAs\":[\"https:\\\/\\\/www.facebook.com\\\/westernlaw\\\/\",\"https:\\\/\\\/x.com\\\/westernlaw\",\"https:\\\/\\\/www.instagram.com\\\/welc_org\\\/\"]}]}<\/script>\n<!-- \/ Yoast SEO plugin. -->","yoast_head_json":{"title":"Programa de Socios Keystone - Centro de Derecho Ambiental Occidental","robots":{"index":"index","follow":"follow","max-snippet":"max-snippet:-1","max-image-preview":"max-image-preview:large","max-video-preview":"max-video-preview:-1"},"canonical":"https:\/\/westernlaw.org\/es\/give-monthly\/","og_locale":"es_MX","og_type":"article","og_title":"Keystone Partners Program - Western Environmental Law Center","og_description":"Keystone species play a critical role in maintaining the structure of an ecological community. Our Keystone Partners play a critical role in the protection of the wildlife of the West. We invite you to join Keystone Partners, our monthly giving program, to help advocate for the preservation and restoration of wildlands crucial to the survival [&hellip;]","og_url":"https:\/\/westernlaw.org\/es\/give-monthly\/","og_site_name":"Western Environmental Law Center","article_publisher":"https:\/\/www.facebook.com\/westernlaw\/","og_image":[{"width":1200,"height":628,"url":"https:\/\/westernlaw.org\/wp-content\/uploads\/2023\/03\/WELC-General-FB-Default.jpg","type":"image\/jpeg"}],"twitter_card":"summary_large_image","twitter_site":"@westernlaw","twitter_misc":{"Tiempo de lectura":"1 minuto"},"schema":{"@context":"https:\/\/schema.org","@graph":[{"@type":"WebPage","@id":"https:\/\/westernlaw.org\/give-monthly\/","url":"https:\/\/westernlaw.org\/give-monthly\/","name":"Programa de Socios Keystone - Centro de Derecho Ambiental Occidental","isPartOf":{"@id":"https:\/\/westernlaw.org\/#website"},"datePublished":"2010-06-17T04:21:17+00:00","breadcrumb":{"@id":"https:\/\/westernlaw.org\/give-monthly\/#breadcrumb"},"inLanguage":"es","potentialAction":[{"@type":"ReadAction","target":["https:\/\/westernlaw.org\/give-monthly\/"]}]},{"@type":"BreadcrumbList","@id":"https:\/\/westernlaw.org\/give-monthly\/#breadcrumb","itemListElement":[{"@type":"ListItem","position":1,"name":"Home","item":"https:\/\/westernlaw.org\/"},{"@type":"ListItem","position":2,"name":"Keystone Partners Program"}]},{"@type":"WebSite","@id":"https:\/\/westernlaw.org\/#website","url":"https:\/\/westernlaw.org\/","name":"Centro de Derecho Ambiental Occidental","description":"Defendemos el Oeste","publisher":{"@id":"https:\/\/westernlaw.org\/#organization"},"potentialAction":[{"@type":"SearchAction","target":{"@type":"EntryPoint","urlTemplate":"https:\/\/westernlaw.org\/?s={search_term_string}"},"query-input":{"@type":"PropertyValueSpecification","valueRequired":true,"valueName":"search_term_string"}}],"inLanguage":"es"},{"@type":"Organization","@id":"https:\/\/westernlaw.org\/#organization","name":"Centro de Derecho Ambiental Occidental","url":"https:\/\/westernlaw.org\/","logo":{"@type":"ImageObject","inLanguage":"es","@id":"https:\/\/westernlaw.org\/#\/schema\/logo\/image\/","url":"https:\/\/westernlaw.org\/wp-content\/uploads\/2017\/03\/WELC-logo-600-1.png","contentUrl":"https:\/\/westernlaw.org\/wp-content\/uploads\/2017\/03\/WELC-logo-600-1.png","width":600,"height":600,"caption":"Western Environmental Law Center"},"image":{"@id":"https:\/\/westernlaw.org\/#\/schema\/logo\/image\/"},"sameAs":["https:\/\/www.facebook.com\/westernlaw\/","https:\/\/x.com\/westernlaw","https:\/\/www.instagram.com\/welc_org\/"]}]}},"uagb_featured_image_src":{"full":false,"thumbnail":false,"medium":false,"medium_large":false,"large":false,"1536x1536":false,"2048x2048":false,"trp-custom-language-flag":false,"bloom_image":false,"et-pb-post-main-image":false,"et-pb-post-main-image-fullwidth":false,"et-pb-portfolio-image":false,"et-pb-portfolio-module-image":false,"et-pb-portfolio-image-single":false,"et-pb-gallery-module-image-portrait":false,"et-pb-post-main-image-fullwidth-large":false,"et-pb-image--responsive--desktop":false,"et-pb-image--responsive--tablet":false,"et-pb-image--responsive--phone":false,"gform-image-choice-sm":false,"gform-image-choice-md":false,"gform-image-choice-lg":false},"uagb_author_info":{"display_name":"","author_link":"https:\/\/westernlaw.org\/es\/author\/"},"uagb_comment_info":0,"uagb_excerpt":"Keystone species play a critical role in maintaining the structure of an ecological community. Our Keystone Partners play a critical role in the protection of the wildlife of the West. We invite you to join Keystone Partners, our monthly giving program, to help advocate for the preservation and restoration of wildlands crucial to the survival&hellip;","post_mailing_queue_ids":[],"_links":{"self":[{"href":"https:\/\/westernlaw.org\/es\/wp-json\/wp\/v2\/pages\/85","targetHints":{"allow":["GET"]}}],"collection":[{"href":"https:\/\/westernlaw.org\/es\/wp-json\/wp\/v2\/pages"}],"about":[{"href":"https:\/\/westernlaw.org\/es\/wp-json\/wp\/v2\/types\/page"}],"replies":[{"embeddable":true,"href":"https:\/\/westernlaw.org\/es\/wp-json\/wp\/v2\/comments?post=85"}],"version-history":[{"count":0,"href":"https:\/\/westernlaw.org\/es\/wp-json\/wp\/v2\/pages\/85\/revisions"}],"wp:attachment":[{"href":"https:\/\/westernlaw.org\/es\/wp-json\/wp\/v2\/media?parent=85"}],"wp:term":[{"taxonomy":"category","embeddable":true,"href":"https:\/\/westernlaw.org\/es\/wp-json\/wp\/v2\/categories?post=85"},{"taxonomy":"post_tag","embeddable":true,"href":"https:\/\/westernlaw.org\/es\/wp-json\/wp\/v2\/tags?post=85"}],"curies":[{"name":"gracias","href":"https:\/\/api.w.org\/{rel}","templated":true}]}}