{"id":6472,"date":"2016-05-02T23:25:17","date_gmt":"2016-05-02T23:25:17","guid":{"rendered":"https:\/\/westernlaw.org\/2016-docket-0\/"},"modified":"2016-05-02T23:25:17","modified_gmt":"2016-05-02T23:25:17","slug":"2016-docket-0","status":"publish","type":"page","link":"https:\/\/westernlaw.org\/es\/2016-docket-0\/","title":{"rendered":"Lista 2016"},"content":{"rendered":"<div class=\"field_slide_image\"><img decoding=\"async\" src=\"http:\/\/westernlaw.org\/wp-content\/uploads\/Docket Slide.jpg\"><\/div>\n<div class=\"field_copyright\">Robert Shea Fotograf\u00eda<\/div>\n<div class=\"field_caption\">REPORTE ESPECIAL<\/p>\n<p>Lea sobre los casos m\u00e1s importantes en los que trabajar\u00e1 nuestro equipo legal este a\u00f1o para defender el medio ambiente y las comunidades del oeste americano.<\/p><\/div>","protected":false},"excerpt":{"rendered":"<p>Robert Shea Photography INFORME ESPECIAL Lea acerca de los casos m\u00e1s importantes en los que trabajar\u00e1 nuestro equipo legal este a\u00f1o para defender el medio ambiente y las comunidades del oeste americano.<\/p>","protected":false},"author":20,"featured_media":0,"parent":0,"menu_order":0,"comment_status":"open","ping_status":"open","template":"","meta":{"_et_pb_use_builder":"","_et_pb_old_content":"","_et_gb_content_width":"","_monsterinsights_skip_tracking":false,"_monsterinsights_sitenote_active":false,"_monsterinsights_sitenote_note":"","_monsterinsights_sitenote_category":0,"footnotes":""},"categories":[],"tags":[],"class_list":["post-6472","page","type-page","status-publish","hentry"],"yoast_head":"<!-- This site is optimized with the Yoast SEO plugin v27.5 - https:\/\/yoast.com\/product\/yoast-seo-wordpress\/ -->\n<title>2016 Docket - Western Environmental Law Center<\/title>\n<meta name=\"robots\" content=\"index, follow, max-snippet:-1, max-image-preview:large, max-video-preview:-1\" \/>\n<link rel=\"canonical\" href=\"https:\/\/westernlaw.org\/es\/2016-docket-0\/\" \/>\n<meta property=\"og:locale\" content=\"es_MX\" \/>\n<meta property=\"og:type\" content=\"article\" \/>\n<meta property=\"og:title\" content=\"2016 Docket - Western Environmental Law Center\" \/>\n<meta property=\"og:description\" content=\"Robert Shea Photography SPECIAL REPORT Read about the most important cases our legal team will work on this year to defend the American West&#8217;s environment and communities.\" \/>\n<meta property=\"og:url\" content=\"https:\/\/westernlaw.org\/es\/2016-docket-0\/\" \/>\n<meta property=\"og:site_name\" content=\"Western Environmental Law Center\" \/>\n<meta property=\"article:publisher\" content=\"https:\/\/www.facebook.com\/westernlaw\/\" \/>\n<meta property=\"og:image\" content=\"https:\/\/westernlaw.org\/wp-content\/uploads\/2023\/03\/WELC-General-FB-Default.jpg\" \/>\n\t<meta property=\"og:image:width\" content=\"1200\" \/>\n\t<meta property=\"og:image:height\" content=\"628\" \/>\n\t<meta property=\"og:image:type\" content=\"image\/jpeg\" \/>\n<meta name=\"twitter:card\" content=\"summary_large_image\" \/>\n<meta name=\"twitter:site\" content=\"@westernlaw\" \/>\n<script type=\"application\/ld+json\" class=\"yoast-schema-graph\">{\"@context\":\"https:\\\/\\\/schema.org\",\"@graph\":[{\"@type\":\"WebPage\",\"@id\":\"https:\\\/\\\/westernlaw.org\\\/2016-docket-0\\\/\",\"url\":\"https:\\\/\\\/westernlaw.org\\\/2016-docket-0\\\/\",\"name\":\"2016 Docket - Western Environmental Law Center\",\"isPartOf\":{\"@id\":\"https:\\\/\\\/westernlaw.org\\\/#website\"},\"datePublished\":\"2016-05-02T23:25:17+00:00\",\"breadcrumb\":{\"@id\":\"https:\\\/\\\/westernlaw.org\\\/2016-docket-0\\\/#breadcrumb\"},\"inLanguage\":\"es\",\"potentialAction\":[{\"@type\":\"ReadAction\",\"target\":[\"https:\\\/\\\/westernlaw.org\\\/2016-docket-0\\\/\"]}]},{\"@type\":\"BreadcrumbList\",\"@id\":\"https:\\\/\\\/westernlaw.org\\\/2016-docket-0\\\/#breadcrumb\",\"itemListElement\":[{\"@type\":\"ListItem\",\"position\":1,\"name\":\"Home\",\"item\":\"https:\\\/\\\/westernlaw.org\\\/\"},{\"@type\":\"ListItem\",\"position\":2,\"name\":\"2016 Docket\"}]},{\"@type\":\"WebSite\",\"@id\":\"https:\\\/\\\/westernlaw.org\\\/#website\",\"url\":\"https:\\\/\\\/westernlaw.org\\\/\",\"name\":\"Western Environmental Law Center\",\"description\":\"Defending the West\",\"publisher\":{\"@id\":\"https:\\\/\\\/westernlaw.org\\\/#organization\"},\"potentialAction\":[{\"@type\":\"SearchAction\",\"target\":{\"@type\":\"EntryPoint\",\"urlTemplate\":\"https:\\\/\\\/westernlaw.org\\\/?s={search_term_string}\"},\"query-input\":{\"@type\":\"PropertyValueSpecification\",\"valueRequired\":true,\"valueName\":\"search_term_string\"}}],\"inLanguage\":\"es\"},{\"@type\":\"Organization\",\"@id\":\"https:\\\/\\\/westernlaw.org\\\/#organization\",\"name\":\"Western Environmental Law Center\",\"url\":\"https:\\\/\\\/westernlaw.org\\\/\",\"logo\":{\"@type\":\"ImageObject\",\"inLanguage\":\"es\",\"@id\":\"https:\\\/\\\/westernlaw.org\\\/#\\\/schema\\\/logo\\\/image\\\/\",\"url\":\"https:\\\/\\\/westernlaw.org\\\/wp-content\\\/uploads\\\/2017\\\/03\\\/WELC-logo-600-1.png\",\"contentUrl\":\"https:\\\/\\\/westernlaw.org\\\/wp-content\\\/uploads\\\/2017\\\/03\\\/WELC-logo-600-1.png\",\"width\":600,\"height\":600,\"caption\":\"Western Environmental Law Center\"},\"image\":{\"@id\":\"https:\\\/\\\/westernlaw.org\\\/#\\\/schema\\\/logo\\\/image\\\/\"},\"sameAs\":[\"https:\\\/\\\/www.facebook.com\\\/westernlaw\\\/\",\"https:\\\/\\\/x.com\\\/westernlaw\",\"https:\\\/\\\/www.instagram.com\\\/welc_org\\\/\"]}]}<\/script>\n<!-- \/ Yoast SEO plugin. -->","yoast_head_json":{"title":"Expediente 2016 - Centro de Derecho Ambiental Occidental","robots":{"index":"index","follow":"follow","max-snippet":"max-snippet:-1","max-image-preview":"max-image-preview:large","max-video-preview":"max-video-preview:-1"},"canonical":"https:\/\/westernlaw.org\/es\/2016-docket-0\/","og_locale":"es_MX","og_type":"article","og_title":"2016 Docket - Western Environmental Law Center","og_description":"Robert Shea Photography SPECIAL REPORT Read about the most important cases our legal team will work on this year to defend the American West&#8217;s environment and communities.","og_url":"https:\/\/westernlaw.org\/es\/2016-docket-0\/","og_site_name":"Western Environmental Law Center","article_publisher":"https:\/\/www.facebook.com\/westernlaw\/","og_image":[{"width":1200,"height":628,"url":"https:\/\/westernlaw.org\/wp-content\/uploads\/2023\/03\/WELC-General-FB-Default.jpg","type":"image\/jpeg"}],"twitter_card":"summary_large_image","twitter_site":"@westernlaw","schema":{"@context":"https:\/\/schema.org","@graph":[{"@type":"WebPage","@id":"https:\/\/westernlaw.org\/2016-docket-0\/","url":"https:\/\/westernlaw.org\/2016-docket-0\/","name":"Expediente 2016 - Centro de Derecho Ambiental Occidental","isPartOf":{"@id":"https:\/\/westernlaw.org\/#website"},"datePublished":"2016-05-02T23:25:17+00:00","breadcrumb":{"@id":"https:\/\/westernlaw.org\/2016-docket-0\/#breadcrumb"},"inLanguage":"es","potentialAction":[{"@type":"ReadAction","target":["https:\/\/westernlaw.org\/2016-docket-0\/"]}]},{"@type":"BreadcrumbList","@id":"https:\/\/westernlaw.org\/2016-docket-0\/#breadcrumb","itemListElement":[{"@type":"ListItem","position":1,"name":"Home","item":"https:\/\/westernlaw.org\/"},{"@type":"ListItem","position":2,"name":"2016 Docket"}]},{"@type":"WebSite","@id":"https:\/\/westernlaw.org\/#website","url":"https:\/\/westernlaw.org\/","name":"Centro de Derecho Ambiental Occidental","description":"Defendemos el Oeste","publisher":{"@id":"https:\/\/westernlaw.org\/#organization"},"potentialAction":[{"@type":"SearchAction","target":{"@type":"EntryPoint","urlTemplate":"https:\/\/westernlaw.org\/?s={search_term_string}"},"query-input":{"@type":"PropertyValueSpecification","valueRequired":true,"valueName":"search_term_string"}}],"inLanguage":"es"},{"@type":"Organization","@id":"https:\/\/westernlaw.org\/#organization","name":"Centro de Derecho Ambiental Occidental","url":"https:\/\/westernlaw.org\/","logo":{"@type":"ImageObject","inLanguage":"es","@id":"https:\/\/westernlaw.org\/#\/schema\/logo\/image\/","url":"https:\/\/westernlaw.org\/wp-content\/uploads\/2017\/03\/WELC-logo-600-1.png","contentUrl":"https:\/\/westernlaw.org\/wp-content\/uploads\/2017\/03\/WELC-logo-600-1.png","width":600,"height":600,"caption":"Western Environmental Law Center"},"image":{"@id":"https:\/\/westernlaw.org\/#\/schema\/logo\/image\/"},"sameAs":["https:\/\/www.facebook.com\/westernlaw\/","https:\/\/x.com\/westernlaw","https:\/\/www.instagram.com\/welc_org\/"]}]}},"_links":{"self":[{"href":"https:\/\/westernlaw.org\/es\/wp-json\/wp\/v2\/pages\/6472","targetHints":{"allow":["GET"]}}],"collection":[{"href":"https:\/\/westernlaw.org\/es\/wp-json\/wp\/v2\/pages"}],"about":[{"href":"https:\/\/westernlaw.org\/es\/wp-json\/wp\/v2\/types\/page"}],"author":[{"embeddable":true,"href":"https:\/\/westernlaw.org\/es\/wp-json\/wp\/v2\/users\/20"}],"replies":[{"embeddable":true,"href":"https:\/\/westernlaw.org\/es\/wp-json\/wp\/v2\/comments?post=6472"}],"version-history":[{"count":0,"href":"https:\/\/westernlaw.org\/es\/wp-json\/wp\/v2\/pages\/6472\/revisions"}],"wp:attachment":[{"href":"https:\/\/westernlaw.org\/es\/wp-json\/wp\/v2\/media?parent=6472"}],"wp:term":[{"taxonomy":"category","embeddable":true,"href":"https:\/\/westernlaw.org\/es\/wp-json\/wp\/v2\/categories?post=6472"},{"taxonomy":"post_tag","embeddable":true,"href":"https:\/\/westernlaw.org\/es\/wp-json\/wp\/v2\/tags?post=6472"}],"curies":[{"name":"gracias","href":"https:\/\/api.w.org\/{rel}","templated":true}]}}