{"id":5959,"date":"2013-06-07T00:14:58","date_gmt":"2013-06-07T00:14:58","guid":{"rendered":"https:\/\/westernlaw.org\/successes-2\/victory-protecting-northern-spotted-owl-and-coho-salmon-loggi\/"},"modified":"2017-07-26T21:14:28","modified_gmt":"2017-07-26T21:14:28","slug":"victory-protecting-northern-spotted-owl-and-coho-salmon-loggi","status":"publish","type":"page","link":"https:\/\/westernlaw.org\/es\/victory-protecting-northern-spotted-owl-and-coho-salmon-loggi\/","title":{"rendered":"\u00a1Victoria! Protecci\u00f3n del b\u00faho manchado del norte y el salm\u00f3n coho de la tala"},"content":{"rendered":"<div class=\"field_documents\"><a href=\"http:\/\/westernlaw.org\/wp-content\/uploads\/FINAL FGS HCP Complaint_0.pdf\">Queja FINAL FGS HCP.pdf<\/a><\/p>\n<div><\/div>\n<p><a href=\"http:\/\/westernlaw.org\/wp-content\/uploads\/Court Opinion April 2015.pdf\">Opini\u00f3n del Tribunal de Abril de 2015.pdf<\/a><\/p>\n<div><\/div>\n<p><a href=\"http:\/\/westernlaw.org\/wp-content\/uploads\/2015.05.29-Fruit_Growers-Relief.pdf\">2015.05.29-Fruit_Growers-Relief.pdf<\/a><\/div>\n<div class=\"field_project_update\">Actualizaci\u00f3n 01\/06\/15: Como resultado de nuestro litigio exitoso, el juez Cousins invalid\u00f3 los permisos de captura incidentales que permitieron a Fruit Growers causar da\u00f1o al b\u00faho moteado del norte y al salm\u00f3n salvaje. El juez Cousins tambi\u00e9n invalid\u00f3 una declaraci\u00f3n de toma incidental y una opini\u00f3n biol\u00f3gica para el salm\u00f3n, as\u00ed como la declaraci\u00f3n final de impacto ambiental para el plan de conservaci\u00f3n del h\u00e1bitat. Debido a que se anularon los permisos y los documentos de decisi\u00f3n, Fruit Growers Supply ya no tiene inmunidad frente a la responsabilidad de la Ley de Especies en Peligro de Extinci\u00f3n por da\u00f1ar al b\u00faho moteado del norte y al salm\u00f3n salvaje como resultado de sus operaciones de tala. Adem\u00e1s, el Servicio de Pesca y Vida Silvestre de EE. UU. deber\u00e1 completar una nueva declaraci\u00f3n de impacto ambiental para evaluar mejor los impactos ambientales de la propuesta de Fruit Growers antes de autorizar cualquier permiso de captura incidental adicional.<\/div>\n<p>El Servicio de Pesca y Vida Silvestre de EE. UU. y el Servicio Nacional de Pesca Marina aprobaron un plan de 50 a\u00f1os de Fruit Growers Supply Co. para talar 150 000 acres de bosque en el condado de Siskiyou, California, gran parte del cual es un h\u00e1bitat esencial de bosque antiguo para b\u00fahos moteados, salm\u00f3n, y otros animales salvajes sensibles. Las agencias aprobaron un \u201cplan de conservaci\u00f3n del h\u00e1bitat\u201d (HCP, por sus siglas en ingl\u00e9s) para Fruit Growers que permite a la compa\u00f1\u00eda talar miles de acres en los pr\u00f3ximos 10 a\u00f1os a cambio de un desarrollo de h\u00e1bitat futuro y altamente incierto. Incluido en el plan est\u00e1 la aprobaci\u00f3n para da\u00f1ar o incluso matar a m\u00e1s de 80 b\u00fahos moteados del norte. <\/p>\n<p>\u201cEl plan de 50 a\u00f1os de Fruit Growers permite la tala desenfrenada en los primeros 10 a\u00f1os a cambio de 40 a\u00f1os de promesas vac\u00edas de hacer el bien despu\u00e9s de que los \u00e1rboles desaparezcan\u201d, dijo el cliente de WELC, George Sexton, director de conservaci\u00f3n del Klamath-Siskiyou Wildlands Center. \u201cEl plan falla al salm\u00f3n, a los pescadores y a cualquiera que se preocupe por un bosque saludable en el norte de California\u201d.<\/p>\n<p>Bajo la Ley de Especies en Peligro de Extinci\u00f3n, los planes de conservaci\u00f3n del h\u00e1bitat permiten a los particulares da\u00f1ar o incluso matar especies en peligro de extinci\u00f3n, pero solo cuando el plan incluye medidas concretas y determinadas que brindan protecciones adicionales para las especies incluidas en la lista. El plan actual para Fruit Growers permite que gran parte de la tala se realice en los primeros 10 a\u00f1os. Muchas de las promesas para la protecci\u00f3n del h\u00e1bitat a largo plazo despu\u00e9s de que se talen los bosques son vagas y no vinculantes.<\/p>\n<p>El terreno en riesgo se encuentra entre Weed, California y la frontera con Oreg\u00f3n, a ambos lados de la Interestatal 5, principalmente en el condado de Siskiyou. Est\u00e1 poblado por abeto de Douglas, abeto blanco y maderas duras de monta\u00f1a. Los r\u00edos Klamath y Scott se ver\u00edan particularmente afectados por la tala. Tanto la Agencia de Protecci\u00f3n Ambiental como la Junta Regional de Control de Calidad del Agua de California han criticado el HCP aprobado por permitir una mayor degradaci\u00f3n de la calidad del agua en un \u00e1rea que ya no cumple con la Ley de Agua Limpia. <\/p>\n<p>El 12 de agosto de 2013, presentamos una demanda para detener este plan de conservaci\u00f3n del h\u00e1bitat, y en abril de 2015, el juez Cousins del Distrito Norte de California dictamin\u00f3 que el Servicio de Pesca y Vida Silvestre de EE. UU. y el Servicio Nacional de Pesca Marina violaron la Ley de Especies en Peligro de Extinci\u00f3n y la Ley Nacional Ley de Pol\u00edtica Ambiental de varias maneras. El tribunal tambi\u00e9n dictamin\u00f3 que el permiso de captura incidental y la opini\u00f3n biol\u00f3gica para el salm\u00f3n coho no eran v\u00e1lidos porque NMFS no analiz\u00f3 los impactos a corto plazo para el salm\u00f3n coho, as\u00ed como la p\u00e9rdida de h\u00e1bitat a corto plazo para el salm\u00f3n coho como resultado de la tala.<\/p>\n<p>Finalmente, el Tribunal dictamin\u00f3 que la declaraci\u00f3n de impacto ambiental no era v\u00e1lida porque el USFWS y el NMFS no consideraron los efectos acumulativos de los proyectos pasados, presentes y futuros razonablemente previsibles de cosecha de madera, uso de herbicidas y proyectos de extracci\u00f3n de agua. Adem\u00e1s, el tribunal dictamin\u00f3 que la DIA no era v\u00e1lida porque no cuantific\u00f3 ciertos efectos ambientales, incluida la cantidad de h\u00e1bitat adecuado para los b\u00fahos y la densidad de caminos en el \u00e1rea del proyecto.<\/p>\n<p><em>(proyecto WELC #236)<\/em><\/p>\n<div class=\"field_project_thumbnail\"><img decoding=\"async\" src=\"http:\/\/westernlaw.org\/wp-content\/uploads\/NSO by USFWS_thumb.jpg\"><\/div>","protected":false},"excerpt":{"rendered":"<p>FINAL FGS HCP Complaint.pdf Court Opinion April 2015.pdf 2015.05.29-Fruit_Growers-Relief.pdf Update 6\/1\/15: As a result of our successful litigation, Judge Cousins invalidated the incidental take permits that allowed Fruit Growers to cause harm to the northern spotted owl and wild salmon. Judge Cousins also invalidated an incidental take statement and biological opinion for salmon as well [&hellip;]<\/p>\n","protected":false},"author":1,"featured_media":0,"parent":0,"menu_order":0,"comment_status":"closed","ping_status":"closed","template":"","meta":{"_et_pb_use_builder":"","_et_pb_old_content":"","_et_gb_content_width":"","_monsterinsights_skip_tracking":false,"_monsterinsights_sitenote_active":false,"_monsterinsights_sitenote_note":"","_monsterinsights_sitenote_category":0,"footnotes":""},"categories":[],"tags":[],"class_list":["post-5959","page","type-page","status-publish","hentry"],"yoast_head":"<!-- This site is optimized with the Yoast SEO plugin v27.5 - https:\/\/yoast.com\/product\/yoast-seo-wordpress\/ -->\n<title>Victory! Protecting Northern Spotted Owl and Coho Salmon From Logging - Western Environmental Law Center<\/title>\n<meta name=\"robots\" content=\"index, follow, max-snippet:-1, max-image-preview:large, max-video-preview:-1\" \/>\n<link rel=\"canonical\" href=\"https:\/\/westernlaw.org\/es\/victory-protecting-northern-spotted-owl-and-coho-salmon-loggi\/\" \/>\n<meta property=\"og:locale\" content=\"es_MX\" \/>\n<meta property=\"og:type\" content=\"article\" \/>\n<meta property=\"og:title\" content=\"Victory! Protecting Northern Spotted Owl and Coho Salmon From Logging - Western Environmental Law Center\" \/>\n<meta property=\"og:description\" content=\"FINAL FGS HCP Complaint.pdf Court Opinion April 2015.pdf 2015.05.29-Fruit_Growers-Relief.pdf Update 6\/1\/15: As a result of our successful litigation, Judge Cousins invalidated the incidental take permits that allowed Fruit Growers to cause harm to the northern spotted owl and wild salmon. Judge Cousins also invalidated an incidental take statement and biological opinion for salmon as well [&hellip;]\" \/>\n<meta property=\"og:url\" content=\"https:\/\/westernlaw.org\/es\/victory-protecting-northern-spotted-owl-and-coho-salmon-loggi\/\" \/>\n<meta property=\"og:site_name\" content=\"Western Environmental Law Center\" \/>\n<meta property=\"article:publisher\" content=\"https:\/\/www.facebook.com\/westernlaw\/\" \/>\n<meta property=\"article:modified_time\" content=\"2017-07-26T21:14:28+00:00\" \/>\n<meta property=\"og:image\" content=\"https:\/\/westernlaw.org\/wp-content\/uploads\/2023\/03\/WELC-General-FB-Default.jpg\" \/>\n\t<meta property=\"og:image:width\" content=\"1200\" \/>\n\t<meta property=\"og:image:height\" content=\"628\" \/>\n\t<meta property=\"og:image:type\" content=\"image\/jpeg\" \/>\n<meta name=\"twitter:card\" content=\"summary_large_image\" \/>\n<meta name=\"twitter:site\" content=\"@westernlaw\" \/>\n<meta name=\"twitter:label1\" content=\"Tiempo de lectura\" \/>\n\t<meta name=\"twitter:data1\" content=\"3 minutos\" \/>\n<script type=\"application\/ld+json\" class=\"yoast-schema-graph\">{\"@context\":\"https:\\\/\\\/schema.org\",\"@graph\":[{\"@type\":\"WebPage\",\"@id\":\"https:\\\/\\\/westernlaw.org\\\/victory-protecting-northern-spotted-owl-and-coho-salmon-loggi\\\/\",\"url\":\"https:\\\/\\\/westernlaw.org\\\/victory-protecting-northern-spotted-owl-and-coho-salmon-loggi\\\/\",\"name\":\"Victory! Protecting Northern Spotted Owl and Coho Salmon From Logging - Western Environmental Law Center\",\"isPartOf\":{\"@id\":\"https:\\\/\\\/westernlaw.org\\\/#website\"},\"datePublished\":\"2013-06-07T00:14:58+00:00\",\"dateModified\":\"2017-07-26T21:14:28+00:00\",\"breadcrumb\":{\"@id\":\"https:\\\/\\\/westernlaw.org\\\/victory-protecting-northern-spotted-owl-and-coho-salmon-loggi\\\/#breadcrumb\"},\"inLanguage\":\"es\",\"potentialAction\":[{\"@type\":\"ReadAction\",\"target\":[\"https:\\\/\\\/westernlaw.org\\\/victory-protecting-northern-spotted-owl-and-coho-salmon-loggi\\\/\"]}]},{\"@type\":\"BreadcrumbList\",\"@id\":\"https:\\\/\\\/westernlaw.org\\\/victory-protecting-northern-spotted-owl-and-coho-salmon-loggi\\\/#breadcrumb\",\"itemListElement\":[{\"@type\":\"ListItem\",\"position\":1,\"name\":\"Home\",\"item\":\"https:\\\/\\\/westernlaw.org\\\/\"},{\"@type\":\"ListItem\",\"position\":2,\"name\":\"Victory! Protecting Northern Spotted Owl and Coho Salmon From Logging\"}]},{\"@type\":\"WebSite\",\"@id\":\"https:\\\/\\\/westernlaw.org\\\/#website\",\"url\":\"https:\\\/\\\/westernlaw.org\\\/\",\"name\":\"Western Environmental Law Center\",\"description\":\"Defending the West\",\"publisher\":{\"@id\":\"https:\\\/\\\/westernlaw.org\\\/#organization\"},\"potentialAction\":[{\"@type\":\"SearchAction\",\"target\":{\"@type\":\"EntryPoint\",\"urlTemplate\":\"https:\\\/\\\/westernlaw.org\\\/?s={search_term_string}\"},\"query-input\":{\"@type\":\"PropertyValueSpecification\",\"valueRequired\":true,\"valueName\":\"search_term_string\"}}],\"inLanguage\":\"es\"},{\"@type\":\"Organization\",\"@id\":\"https:\\\/\\\/westernlaw.org\\\/#organization\",\"name\":\"Western Environmental Law Center\",\"url\":\"https:\\\/\\\/westernlaw.org\\\/\",\"logo\":{\"@type\":\"ImageObject\",\"inLanguage\":\"es\",\"@id\":\"https:\\\/\\\/westernlaw.org\\\/#\\\/schema\\\/logo\\\/image\\\/\",\"url\":\"https:\\\/\\\/westernlaw.org\\\/wp-content\\\/uploads\\\/2017\\\/03\\\/WELC-logo-600-1.png\",\"contentUrl\":\"https:\\\/\\\/westernlaw.org\\\/wp-content\\\/uploads\\\/2017\\\/03\\\/WELC-logo-600-1.png\",\"width\":600,\"height\":600,\"caption\":\"Western Environmental Law Center\"},\"image\":{\"@id\":\"https:\\\/\\\/westernlaw.org\\\/#\\\/schema\\\/logo\\\/image\\\/\"},\"sameAs\":[\"https:\\\/\\\/www.facebook.com\\\/westernlaw\\\/\",\"https:\\\/\\\/x.com\\\/westernlaw\",\"https:\\\/\\\/www.instagram.com\\\/welc_org\\\/\"]}]}<\/script>\n<!-- \/ Yoast SEO plugin. -->","yoast_head_json":{"title":"\u00a1Victoria! Protegiendo al b\u00faho moteado del norte y al salm\u00f3n coho de la tala - Centro de Derecho Ambiental del Oeste","robots":{"index":"index","follow":"follow","max-snippet":"max-snippet:-1","max-image-preview":"max-image-preview:large","max-video-preview":"max-video-preview:-1"},"canonical":"https:\/\/westernlaw.org\/es\/victory-protecting-northern-spotted-owl-and-coho-salmon-loggi\/","og_locale":"es_MX","og_type":"article","og_title":"Victory! Protecting Northern Spotted Owl and Coho Salmon From Logging - Western Environmental Law Center","og_description":"FINAL FGS HCP Complaint.pdf Court Opinion April 2015.pdf 2015.05.29-Fruit_Growers-Relief.pdf Update 6\/1\/15: As a result of our successful litigation, Judge Cousins invalidated the incidental take permits that allowed Fruit Growers to cause harm to the northern spotted owl and wild salmon. Judge Cousins also invalidated an incidental take statement and biological opinion for salmon as well [&hellip;]","og_url":"https:\/\/westernlaw.org\/es\/victory-protecting-northern-spotted-owl-and-coho-salmon-loggi\/","og_site_name":"Western Environmental Law Center","article_publisher":"https:\/\/www.facebook.com\/westernlaw\/","article_modified_time":"2017-07-26T21:14:28+00:00","og_image":[{"width":1200,"height":628,"url":"https:\/\/westernlaw.org\/wp-content\/uploads\/2023\/03\/WELC-General-FB-Default.jpg","type":"image\/jpeg"}],"twitter_card":"summary_large_image","twitter_site":"@westernlaw","twitter_misc":{"Tiempo de lectura":"3 minutos"},"schema":{"@context":"https:\/\/schema.org","@graph":[{"@type":"WebPage","@id":"https:\/\/westernlaw.org\/victory-protecting-northern-spotted-owl-and-coho-salmon-loggi\/","url":"https:\/\/westernlaw.org\/victory-protecting-northern-spotted-owl-and-coho-salmon-loggi\/","name":"\u00a1Victoria! Protegiendo al b\u00faho moteado del norte y al salm\u00f3n coho de la tala - Centro de Derecho Ambiental del Oeste","isPartOf":{"@id":"https:\/\/westernlaw.org\/#website"},"datePublished":"2013-06-07T00:14:58+00:00","dateModified":"2017-07-26T21:14:28+00:00","breadcrumb":{"@id":"https:\/\/westernlaw.org\/victory-protecting-northern-spotted-owl-and-coho-salmon-loggi\/#breadcrumb"},"inLanguage":"es","potentialAction":[{"@type":"ReadAction","target":["https:\/\/westernlaw.org\/victory-protecting-northern-spotted-owl-and-coho-salmon-loggi\/"]}]},{"@type":"BreadcrumbList","@id":"https:\/\/westernlaw.org\/victory-protecting-northern-spotted-owl-and-coho-salmon-loggi\/#breadcrumb","itemListElement":[{"@type":"ListItem","position":1,"name":"Home","item":"https:\/\/westernlaw.org\/"},{"@type":"ListItem","position":2,"name":"Victory! Protecting Northern Spotted Owl and Coho Salmon From Logging"}]},{"@type":"WebSite","@id":"https:\/\/westernlaw.org\/#website","url":"https:\/\/westernlaw.org\/","name":"Centro de Derecho Ambiental Occidental","description":"Defendemos el Oeste","publisher":{"@id":"https:\/\/westernlaw.org\/#organization"},"potentialAction":[{"@type":"SearchAction","target":{"@type":"EntryPoint","urlTemplate":"https:\/\/westernlaw.org\/?s={search_term_string}"},"query-input":{"@type":"PropertyValueSpecification","valueRequired":true,"valueName":"search_term_string"}}],"inLanguage":"es"},{"@type":"Organization","@id":"https:\/\/westernlaw.org\/#organization","name":"Centro de Derecho Ambiental Occidental","url":"https:\/\/westernlaw.org\/","logo":{"@type":"ImageObject","inLanguage":"es","@id":"https:\/\/westernlaw.org\/#\/schema\/logo\/image\/","url":"https:\/\/westernlaw.org\/wp-content\/uploads\/2017\/03\/WELC-logo-600-1.png","contentUrl":"https:\/\/westernlaw.org\/wp-content\/uploads\/2017\/03\/WELC-logo-600-1.png","width":600,"height":600,"caption":"Western Environmental Law Center"},"image":{"@id":"https:\/\/westernlaw.org\/#\/schema\/logo\/image\/"},"sameAs":["https:\/\/www.facebook.com\/westernlaw\/","https:\/\/x.com\/westernlaw","https:\/\/www.instagram.com\/welc_org\/"]}]}},"_links":{"self":[{"href":"https:\/\/westernlaw.org\/es\/wp-json\/wp\/v2\/pages\/5959","targetHints":{"allow":["GET"]}}],"collection":[{"href":"https:\/\/westernlaw.org\/es\/wp-json\/wp\/v2\/pages"}],"about":[{"href":"https:\/\/westernlaw.org\/es\/wp-json\/wp\/v2\/types\/page"}],"author":[{"embeddable":true,"href":"https:\/\/westernlaw.org\/es\/wp-json\/wp\/v2\/users\/1"}],"replies":[{"embeddable":true,"href":"https:\/\/westernlaw.org\/es\/wp-json\/wp\/v2\/comments?post=5959"}],"version-history":[{"count":1,"href":"https:\/\/westernlaw.org\/es\/wp-json\/wp\/v2\/pages\/5959\/revisions"}],"predecessor-version":[{"id":17649,"href":"https:\/\/westernlaw.org\/es\/wp-json\/wp\/v2\/pages\/5959\/revisions\/17649"}],"wp:attachment":[{"href":"https:\/\/westernlaw.org\/es\/wp-json\/wp\/v2\/media?parent=5959"}],"wp:term":[{"taxonomy":"category","embeddable":true,"href":"https:\/\/westernlaw.org\/es\/wp-json\/wp\/v2\/categories?post=5959"},{"taxonomy":"post_tag","embeddable":true,"href":"https:\/\/westernlaw.org\/es\/wp-json\/wp\/v2\/tags?post=5959"}],"curies":[{"name":"gracias","href":"https:\/\/api.w.org\/{rel}","templated":true}]}}