{"id":5593,"date":"2012-07-20T00:21:26","date_gmt":"2012-07-20T00:21:26","guid":{"rendered":"https:\/\/westernlaw.org\/wolverine\/"},"modified":"2012-07-20T00:21:26","modified_gmt":"2012-07-20T00:21:26","slug":"wolverine","status":"publish","type":"page","link":"https:\/\/westernlaw.org\/es\/wolverine\/","title":{"rendered":"Glot\u00f3n"},"content":{"rendered":"<div class=\"field_campaign_thumbnail\"><img decoding=\"async\" src=\"http:\/\/westernlaw.org\/wp-content\/uploads\/wolverine_istock_Anna Yu_thumb.jpg\"><\/div>\n<p>Estamos trabajando para proteger y restaurar el glot\u00f3n a su \u00e1rea de distribuci\u00f3n hist\u00f3rica en el oeste mediante la preservaci\u00f3n de grandes \u00e1reas de h\u00e1bitat de gran altitud y los corredores y caminos que los conectan. <\/p>\n<p>Los glotones son un s\u00edmbolo ic\u00f3nico de la naturaleza estadounidense. Hubo un tiempo en que vivieron en elevaciones altas en muchas cadenas monta\u00f1osas occidentales y hoy en d\u00eda existen tan solo 250-300 glotones en estado salvaje en los 48 estados inferiores. Su \u00e1rea de distribuci\u00f3n se limita a las monta\u00f1as del norte de Washington, el oeste de Montana, el centro-sur de Idaho y el noroeste de Wyoming. <\/p>\n<p>La supervivencia del glot\u00f3n est\u00e1 amenazada por el cambio clim\u00e1tico, la recreaci\u00f3n invernal motorizada, la fragmentaci\u00f3n del h\u00e1bitat, las trampas y la reproducci\u00f3n lenta. Al igual que los osos polares, los glotones est\u00e1n tan estrechamente ligados al hielo, la nieve y el fr\u00edo que son especialmente vulnerables a los impactos de un clima que se calienta r\u00e1pidamente. <\/p>","protected":false},"excerpt":{"rendered":"<p>We are working to protect and restore the wolverine to its historic range in the West by preserving large areas of high-elevation habitat, and the corridors and pathways that connect them. Wolverines are an iconic symbol of the American wilderness. At one time they lived at high elevations in many western mountain ranges and today [&hellip;]<\/p>\n","protected":false},"author":20,"featured_media":0,"parent":0,"menu_order":0,"comment_status":"open","ping_status":"open","template":"","meta":{"_et_pb_use_builder":"","_et_pb_old_content":"","_et_gb_content_width":"","_monsterinsights_skip_tracking":false,"_monsterinsights_sitenote_active":false,"_monsterinsights_sitenote_note":"","_monsterinsights_sitenote_category":0,"footnotes":""},"categories":[],"tags":[],"class_list":["post-5593","page","type-page","status-publish","hentry"],"yoast_head":"<!-- This site is optimized with the Yoast SEO plugin v27.5 - https:\/\/yoast.com\/product\/yoast-seo-wordpress\/ -->\n<title>Wolverine - Western Environmental Law Center<\/title>\n<meta name=\"robots\" content=\"index, follow, max-snippet:-1, max-image-preview:large, max-video-preview:-1\" \/>\n<link rel=\"canonical\" href=\"https:\/\/westernlaw.org\/es\/wolverine\/\" \/>\n<meta property=\"og:locale\" content=\"es_MX\" \/>\n<meta property=\"og:type\" content=\"article\" \/>\n<meta property=\"og:title\" content=\"Wolverine - Western Environmental Law Center\" \/>\n<meta property=\"og:description\" content=\"We are working to protect and restore the wolverine to its historic range in the West by preserving large areas of high-elevation habitat, and the corridors and pathways that connect them. Wolverines are an iconic symbol of the American wilderness. At one time they lived at high elevations in many western mountain ranges and today [&hellip;]\" \/>\n<meta property=\"og:url\" content=\"https:\/\/westernlaw.org\/es\/wolverine\/\" \/>\n<meta property=\"og:site_name\" content=\"Western Environmental Law Center\" \/>\n<meta property=\"article:publisher\" content=\"https:\/\/www.facebook.com\/westernlaw\/\" \/>\n<meta property=\"og:image\" content=\"https:\/\/westernlaw.org\/wp-content\/uploads\/2023\/03\/WELC-General-FB-Default.jpg\" \/>\n\t<meta property=\"og:image:width\" content=\"1200\" \/>\n\t<meta property=\"og:image:height\" content=\"628\" \/>\n\t<meta property=\"og:image:type\" content=\"image\/jpeg\" \/>\n<meta name=\"twitter:card\" content=\"summary_large_image\" \/>\n<meta name=\"twitter:site\" content=\"@westernlaw\" \/>\n<meta name=\"twitter:label1\" content=\"Tiempo de lectura\" \/>\n\t<meta name=\"twitter:data1\" content=\"1 minuto\" \/>\n<script type=\"application\/ld+json\" class=\"yoast-schema-graph\">{\"@context\":\"https:\\\/\\\/schema.org\",\"@graph\":[{\"@type\":\"WebPage\",\"@id\":\"https:\\\/\\\/westernlaw.org\\\/wolverine\\\/\",\"url\":\"https:\\\/\\\/westernlaw.org\\\/wolverine\\\/\",\"name\":\"Wolverine - Western Environmental Law Center\",\"isPartOf\":{\"@id\":\"https:\\\/\\\/westernlaw.org\\\/#website\"},\"datePublished\":\"2012-07-20T00:21:26+00:00\",\"breadcrumb\":{\"@id\":\"https:\\\/\\\/westernlaw.org\\\/wolverine\\\/#breadcrumb\"},\"inLanguage\":\"es\",\"potentialAction\":[{\"@type\":\"ReadAction\",\"target\":[\"https:\\\/\\\/westernlaw.org\\\/wolverine\\\/\"]}]},{\"@type\":\"BreadcrumbList\",\"@id\":\"https:\\\/\\\/westernlaw.org\\\/wolverine\\\/#breadcrumb\",\"itemListElement\":[{\"@type\":\"ListItem\",\"position\":1,\"name\":\"Home\",\"item\":\"https:\\\/\\\/westernlaw.org\\\/\"},{\"@type\":\"ListItem\",\"position\":2,\"name\":\"Wolverine\"}]},{\"@type\":\"WebSite\",\"@id\":\"https:\\\/\\\/westernlaw.org\\\/#website\",\"url\":\"https:\\\/\\\/westernlaw.org\\\/\",\"name\":\"Western Environmental Law Center\",\"description\":\"Defending the West\",\"publisher\":{\"@id\":\"https:\\\/\\\/westernlaw.org\\\/#organization\"},\"potentialAction\":[{\"@type\":\"SearchAction\",\"target\":{\"@type\":\"EntryPoint\",\"urlTemplate\":\"https:\\\/\\\/westernlaw.org\\\/?s={search_term_string}\"},\"query-input\":{\"@type\":\"PropertyValueSpecification\",\"valueRequired\":true,\"valueName\":\"search_term_string\"}}],\"inLanguage\":\"es\"},{\"@type\":\"Organization\",\"@id\":\"https:\\\/\\\/westernlaw.org\\\/#organization\",\"name\":\"Western Environmental Law Center\",\"url\":\"https:\\\/\\\/westernlaw.org\\\/\",\"logo\":{\"@type\":\"ImageObject\",\"inLanguage\":\"es\",\"@id\":\"https:\\\/\\\/westernlaw.org\\\/#\\\/schema\\\/logo\\\/image\\\/\",\"url\":\"https:\\\/\\\/westernlaw.org\\\/wp-content\\\/uploads\\\/2017\\\/03\\\/WELC-logo-600-1.png\",\"contentUrl\":\"https:\\\/\\\/westernlaw.org\\\/wp-content\\\/uploads\\\/2017\\\/03\\\/WELC-logo-600-1.png\",\"width\":600,\"height\":600,\"caption\":\"Western Environmental Law Center\"},\"image\":{\"@id\":\"https:\\\/\\\/westernlaw.org\\\/#\\\/schema\\\/logo\\\/image\\\/\"},\"sameAs\":[\"https:\\\/\\\/www.facebook.com\\\/westernlaw\\\/\",\"https:\\\/\\\/x.com\\\/westernlaw\",\"https:\\\/\\\/www.instagram.com\\\/welc_org\\\/\"]}]}<\/script>\n<!-- \/ Yoast SEO plugin. -->","yoast_head_json":{"title":"Wolverine - Centro de Derecho Ambiental Occidental","robots":{"index":"index","follow":"follow","max-snippet":"max-snippet:-1","max-image-preview":"max-image-preview:large","max-video-preview":"max-video-preview:-1"},"canonical":"https:\/\/westernlaw.org\/es\/wolverine\/","og_locale":"es_MX","og_type":"article","og_title":"Wolverine - Western Environmental Law Center","og_description":"We are working to protect and restore the wolverine to its historic range in the West by preserving large areas of high-elevation habitat, and the corridors and pathways that connect them. Wolverines are an iconic symbol of the American wilderness. At one time they lived at high elevations in many western mountain ranges and today [&hellip;]","og_url":"https:\/\/westernlaw.org\/es\/wolverine\/","og_site_name":"Western Environmental Law Center","article_publisher":"https:\/\/www.facebook.com\/westernlaw\/","og_image":[{"width":1200,"height":628,"url":"https:\/\/westernlaw.org\/wp-content\/uploads\/2023\/03\/WELC-General-FB-Default.jpg","type":"image\/jpeg"}],"twitter_card":"summary_large_image","twitter_site":"@westernlaw","twitter_misc":{"Tiempo de lectura":"1 minuto"},"schema":{"@context":"https:\/\/schema.org","@graph":[{"@type":"WebPage","@id":"https:\/\/westernlaw.org\/wolverine\/","url":"https:\/\/westernlaw.org\/wolverine\/","name":"Wolverine - Centro de Derecho Ambiental Occidental","isPartOf":{"@id":"https:\/\/westernlaw.org\/#website"},"datePublished":"2012-07-20T00:21:26+00:00","breadcrumb":{"@id":"https:\/\/westernlaw.org\/wolverine\/#breadcrumb"},"inLanguage":"es","potentialAction":[{"@type":"ReadAction","target":["https:\/\/westernlaw.org\/wolverine\/"]}]},{"@type":"BreadcrumbList","@id":"https:\/\/westernlaw.org\/wolverine\/#breadcrumb","itemListElement":[{"@type":"ListItem","position":1,"name":"Home","item":"https:\/\/westernlaw.org\/"},{"@type":"ListItem","position":2,"name":"Wolverine"}]},{"@type":"WebSite","@id":"https:\/\/westernlaw.org\/#website","url":"https:\/\/westernlaw.org\/","name":"Centro de Derecho Ambiental Occidental","description":"Defendemos el Oeste","publisher":{"@id":"https:\/\/westernlaw.org\/#organization"},"potentialAction":[{"@type":"SearchAction","target":{"@type":"EntryPoint","urlTemplate":"https:\/\/westernlaw.org\/?s={search_term_string}"},"query-input":{"@type":"PropertyValueSpecification","valueRequired":true,"valueName":"search_term_string"}}],"inLanguage":"es"},{"@type":"Organization","@id":"https:\/\/westernlaw.org\/#organization","name":"Centro de Derecho Ambiental Occidental","url":"https:\/\/westernlaw.org\/","logo":{"@type":"ImageObject","inLanguage":"es","@id":"https:\/\/westernlaw.org\/#\/schema\/logo\/image\/","url":"https:\/\/westernlaw.org\/wp-content\/uploads\/2017\/03\/WELC-logo-600-1.png","contentUrl":"https:\/\/westernlaw.org\/wp-content\/uploads\/2017\/03\/WELC-logo-600-1.png","width":600,"height":600,"caption":"Western Environmental Law Center"},"image":{"@id":"https:\/\/westernlaw.org\/#\/schema\/logo\/image\/"},"sameAs":["https:\/\/www.facebook.com\/westernlaw\/","https:\/\/x.com\/westernlaw","https:\/\/www.instagram.com\/welc_org\/"]}]}},"_links":{"self":[{"href":"https:\/\/westernlaw.org\/es\/wp-json\/wp\/v2\/pages\/5593","targetHints":{"allow":["GET"]}}],"collection":[{"href":"https:\/\/westernlaw.org\/es\/wp-json\/wp\/v2\/pages"}],"about":[{"href":"https:\/\/westernlaw.org\/es\/wp-json\/wp\/v2\/types\/page"}],"author":[{"embeddable":true,"href":"https:\/\/westernlaw.org\/es\/wp-json\/wp\/v2\/users\/20"}],"replies":[{"embeddable":true,"href":"https:\/\/westernlaw.org\/es\/wp-json\/wp\/v2\/comments?post=5593"}],"version-history":[{"count":0,"href":"https:\/\/westernlaw.org\/es\/wp-json\/wp\/v2\/pages\/5593\/revisions"}],"wp:attachment":[{"href":"https:\/\/westernlaw.org\/es\/wp-json\/wp\/v2\/media?parent=5593"}],"wp:term":[{"taxonomy":"category","embeddable":true,"href":"https:\/\/westernlaw.org\/es\/wp-json\/wp\/v2\/categories?post=5593"},{"taxonomy":"post_tag","embeddable":true,"href":"https:\/\/westernlaw.org\/es\/wp-json\/wp\/v2\/tags?post=5593"}],"curies":[{"name":"gracias","href":"https:\/\/api.w.org\/{rel}","templated":true}]}}