{"id":422,"date":"2011-02-05T02:08:39","date_gmt":"2011-02-05T02:08:39","guid":{"rendered":""},"modified":"2026-04-13T18:19:37","modified_gmt":"2026-04-14T00:19:37","slug":"careers","status":"publish","type":"page","link":"https:\/\/westernlaw.org\/es\/about-us\/careers\/","title":{"rendered":"Carreras y pasant\u00edas"},"content":{"rendered":"<p>[et_pb_section fb_built=&#8221;1&#8243; fullwidth=&#8221;on&#8221; admin_label=&#8221;Section&#8221; _builder_version=&#8221;4.16&#8243; global_colors_info=&#8221;{}&#8221;][et_pb_fullwidth_image src=&#8221;https:\/\/westernlaw.org\/wp-content\/uploads\/2011\/02\/AZ_wildflower-meadow-by-michael-wilson_edit.jpg&#8221; admin_label=&#8221;Fullwidth Image&#8221; _builder_version=&#8221;4.16&#8243; animation=&#8221;off&#8221; use_border_color=&#8221;off&#8221; border_color=&#8221;#ffffff&#8221; border_style=&#8221;solid&#8221; global_colors_info=&#8221;{}&#8221;][\/et_pb_fullwidth_image][\/et_pb_section][et_pb_section fb_built=&#8221;1&#8243; admin_label=&#8221;section&#8221; _builder_version=&#8221;4.16&#8243; transparent_background=&#8221;off&#8221; make_fullwidth=&#8221;off&#8221; use_custom_width=&#8221;off&#8221; width_unit=&#8221;on&#8221; global_colors_info=&#8221;{}&#8221;][et_pb_row admin_label=&#8221;row&#8221; _builder_version=&#8221;4.16&#8243; background_size=&#8221;initial&#8221; background_position=&#8221;top_left&#8221; background_repeat=&#8221;repeat&#8221; custom_padding=&#8221;0px|||&#8221; make_fullwidth=&#8221;off&#8221; use_custom_width=&#8221;off&#8221; width_unit=&#8221;on&#8221; global_colors_info=&#8221;{}&#8221;][et_pb_column type=&#8221;4_4&#8243; _builder_version=&#8221;4.16&#8243; custom_padding=&#8221;|||&#8221; global_colors_info=&#8221;{}&#8221; custom_padding__hover=&#8221;|||&#8221;][et_pb_text admin_label=&#8221;Internships &#038; Careers&#8221; _builder_version=&#8221;4.27.6&#8243; background_size=&#8221;initial&#8221; background_position=&#8221;top_left&#8221; background_repeat=&#8221;repeat&#8221; hover_enabled=&#8221;0&#8243; use_border_color=&#8221;off&#8221; border_color=&#8221;#ffffff&#8221; border_style=&#8221;solid&#8221; global_colors_info=&#8221;{}&#8221; sticky_enabled=&#8221;0&#8243;]<\/p>\n<h1>Careers &amp; Internships<\/h1>\n<h3><span style=\"color: #333333; font-size: 22px;\">Careers<\/span><\/h3>\n<p><strong>Career opportunity:<\/strong> <a href=\"https:\/\/westernlaw.org\/27891-2\/\">Wildlife and Wildlands Program Attorney (Portland, Eugene)<\/a><\/p>\n<h3>WELC&#8217;s Summer Internship Program<\/h3>\n<p>The Western Environmental Law Center has a summer legal internship program open to law students from any school who will have completed their second year (2L) by the time of the internship. Interns assist attorneys with case development and strategy, conduct legal research, draft pleadings, briefs, and other legal documents. Interns are supervised by a local staff attorney. We provide assistance to selected applicants in finding free or inexpensive housing during the summer internship. We offer a flexible work schedule to allow for outdoor recreation and travel. <strong>Information about opportunities for summer 2027 internship positions will be available here in August 2026.<\/strong><\/p>\n<p>[\/et_pb_text][\/et_pb_column][\/et_pb_row][et_pb_row admin_label=&#8221;Row&#8221; _builder_version=&#8221;4.16&#8243; background_size=&#8221;initial&#8221; background_position=&#8221;top_left&#8221; background_repeat=&#8221;repeat&#8221; global_colors_info=&#8221;{}&#8221;][et_pb_column type=&#8221;4_4&#8243; _builder_version=&#8221;4.16&#8243; custom_padding=&#8221;|||&#8221; global_colors_info=&#8221;{}&#8221; custom_padding__hover=&#8221;|||&#8221;][et_pb_text admin_label=&#8221;Photo Credits&#8221; _builder_version=&#8221;4.16&#8243; text_font_size=&#8221;10&#8243; header_font_size=&#8221;40px&#8221; background_size=&#8221;initial&#8221; background_position=&#8221;top_left&#8221; background_repeat=&#8221;repeat&#8221; text_orientation=&#8221;center&#8221; background_layout=&#8221;dark&#8221; module_alignment=&#8221;center&#8221; header_font_size_last_edited=&#8221;off|phone&#8221; use_border_color=&#8221;off&#8221; border_color=&#8221;#ffffff&#8221; border_style=&#8221;solid&#8221; saved_tabs=&#8221;all&#8221; global_colors_info=&#8221;{}&#8221;]<span style=\"color: #333333;\"><em>Photo by Michael Wilson<br \/>\n<\/em><\/span><br \/>\n[\/et_pb_text][\/et_pb_column][\/et_pb_row][\/et_pb_section]<\/p>\n","protected":false},"excerpt":{"rendered":"<p>Careers &amp; Internships Careers Career opportunity: Wildlife and Wildlands Program Attorney (Portland, Eugene) WELC&#8217;s Summer Internship Program The Western Environmental Law Center has a summer legal internship program open to law students from any school who will have completed their second year (2L) by the time of the internship. Interns assist attorneys with case development [&hellip;]<\/p>\n","protected":false},"author":6,"featured_media":0,"parent":14,"menu_order":0,"comment_status":"closed","ping_status":"closed","template":"","meta":{"_et_pb_use_builder":"on","_et_pb_old_content":"As a non-profit law center applying limited resources against federal, state, and corporate entities, WELC makes a conscious commitment to train the next generation of environmental attorneys. WELC hosts an\u00a0environmental law clinic with the University of Oregon Law School and an\u00a0internship program for\u00a02L and 3L law students from schools across the country.\r\n<h3>WELC's Environmental Law Clinic<\/h3>\r\nSince 1976, the Western Environmental Law Center, through its relationship with the University of Oregon Law School, has provided law students with practical knowledge and hands-on experiential learning and training in public interest environmental law. WELC\u00a0gives students an opportunity to work on challenging legal issues requiring extensive research and writing and directly involve law students in meaningful, hands-on litigation and related efforts in support of public interest challenges to environmental issues.\r\n\r\nStudents work under the close supervision of a lead staff attorney and meaningfully contribute to investigations and claims brought under federal statutes and state laws. In addition to their involvement and training in legal strategies, students participate in administrative processes that advance environmental protections outside the courtroom - teaching students practical advocacy and negotiation, and that litigation is but a means to an end, and not the end itself.\r\n\r\nWELC\u00a0has trained more than\u00a0500 students, many of whom have gone on to make substantial contributions to the field of environmental law.\r\n<h3>WELC's Internship Program<\/h3>\r\nThe Western Environmental Law Center has a legal internship program open to 2L and 3L law students from any school. Interns assist attorneys with case development and strategy, conduct legal research, draft pleadings, briefs, and other legal documents. Interns are supervised by a local staff attorney. The internships are unfunded positions. We provide assistance to selected applicants seeking outside funding or law school credit and in finding free or inexpensive housing during\u00a0the internship. We offer a flexible work schedule to allow for outdoor recreation and travel.\r\n\r\nThe summer 2017 internship application process has been closed.\u00a0 Please check our job opportunities page in October 2017 for summer 2018 internship opportunities.\r\n<h3>Careers<\/h3>\r\nWe have no open positions at this time.","_et_gb_content_width":"","_uag_custom_page_level_css":"","_monsterinsights_skip_tracking":false,"_monsterinsights_sitenote_active":false,"_monsterinsights_sitenote_note":"","_monsterinsights_sitenote_category":0,"footnotes":""},"categories":[],"tags":[],"class_list":["post-422","page","type-page","status-publish","hentry"],"yoast_head":"<!-- This site is optimized with the Yoast SEO plugin v27.4 - https:\/\/yoast.com\/product\/yoast-seo-wordpress\/ -->\n<title>Careers and Internships - Western Environmental Law Center<\/title>\n<meta name=\"description\" content=\"WELC is committed to training the next generation of environmental attorneys via internships and by hosting a law clinic with the U. of Oregon Law School.\" \/>\n<meta name=\"robots\" content=\"index, follow, max-snippet:-1, max-image-preview:large, max-video-preview:-1\" \/>\n<link rel=\"canonical\" href=\"https:\/\/westernlaw.org\/es\/about-us\/careers\/\" \/>\n<meta property=\"og:locale\" content=\"es_MX\" \/>\n<meta property=\"og:type\" content=\"article\" \/>\n<meta property=\"og:title\" content=\"Careers and Internships - Western Environmental Law Center\" \/>\n<meta property=\"og:description\" content=\"WELC is committed to training the next generation of environmental attorneys via internships and by hosting a law clinic with the U. of Oregon Law School.\" \/>\n<meta property=\"og:url\" content=\"https:\/\/westernlaw.org\/es\/about-us\/careers\/\" \/>\n<meta property=\"og:site_name\" content=\"Western Environmental Law Center\" \/>\n<meta property=\"article:publisher\" content=\"https:\/\/www.facebook.com\/westernlaw\/\" \/>\n<meta property=\"article:modified_time\" content=\"2026-04-14T00:19:37+00:00\" \/>\n<meta property=\"og:image\" content=\"https:\/\/westernlaw.org\/wp-content\/uploads\/2023\/03\/WELC-General-FB-Default.jpg\" \/>\n\t<meta property=\"og:image:width\" content=\"1200\" \/>\n\t<meta property=\"og:image:height\" content=\"628\" \/>\n\t<meta property=\"og:image:type\" content=\"image\/jpeg\" \/>\n<meta name=\"twitter:card\" content=\"summary_large_image\" \/>\n<meta name=\"twitter:site\" content=\"@westernlaw\" \/>\n<meta name=\"twitter:label1\" content=\"Tiempo de lectura\" \/>\n\t<meta name=\"twitter:data1\" content=\"1 minuto\" \/>\n<script type=\"application\/ld+json\" class=\"yoast-schema-graph\">{\"@context\":\"https:\\\/\\\/schema.org\",\"@graph\":[{\"@type\":\"WebPage\",\"@id\":\"https:\\\/\\\/westernlaw.org\\\/about-us\\\/careers\\\/\",\"url\":\"https:\\\/\\\/westernlaw.org\\\/about-us\\\/careers\\\/\",\"name\":\"Careers and Internships - Western Environmental Law Center\",\"isPartOf\":{\"@id\":\"https:\\\/\\\/westernlaw.org\\\/#website\"},\"datePublished\":\"2011-02-05T02:08:39+00:00\",\"dateModified\":\"2026-04-14T00:19:37+00:00\",\"description\":\"WELC is committed to training the next generation of environmental attorneys via internships and by hosting a law clinic with the U. of Oregon Law School.\",\"breadcrumb\":{\"@id\":\"https:\\\/\\\/westernlaw.org\\\/about-us\\\/careers\\\/#breadcrumb\"},\"inLanguage\":\"es\",\"potentialAction\":[{\"@type\":\"ReadAction\",\"target\":[\"https:\\\/\\\/westernlaw.org\\\/about-us\\\/careers\\\/\"]}]},{\"@type\":\"BreadcrumbList\",\"@id\":\"https:\\\/\\\/westernlaw.org\\\/about-us\\\/careers\\\/#breadcrumb\",\"itemListElement\":[{\"@type\":\"ListItem\",\"position\":1,\"name\":\"Home\",\"item\":\"https:\\\/\\\/westernlaw.org\\\/\"},{\"@type\":\"ListItem\",\"position\":2,\"name\":\"About Us\",\"item\":\"https:\\\/\\\/westernlaw.org\\\/about-us\\\/\"},{\"@type\":\"ListItem\",\"position\":3,\"name\":\"Careers and Internships\"}]},{\"@type\":\"WebSite\",\"@id\":\"https:\\\/\\\/westernlaw.org\\\/#website\",\"url\":\"https:\\\/\\\/westernlaw.org\\\/\",\"name\":\"Western Environmental Law Center\",\"description\":\"Defending the West\",\"publisher\":{\"@id\":\"https:\\\/\\\/westernlaw.org\\\/#organization\"},\"potentialAction\":[{\"@type\":\"SearchAction\",\"target\":{\"@type\":\"EntryPoint\",\"urlTemplate\":\"https:\\\/\\\/westernlaw.org\\\/?s={search_term_string}\"},\"query-input\":{\"@type\":\"PropertyValueSpecification\",\"valueRequired\":true,\"valueName\":\"search_term_string\"}}],\"inLanguage\":\"es\"},{\"@type\":\"Organization\",\"@id\":\"https:\\\/\\\/westernlaw.org\\\/#organization\",\"name\":\"Western Environmental Law Center\",\"url\":\"https:\\\/\\\/westernlaw.org\\\/\",\"logo\":{\"@type\":\"ImageObject\",\"inLanguage\":\"es\",\"@id\":\"https:\\\/\\\/westernlaw.org\\\/#\\\/schema\\\/logo\\\/image\\\/\",\"url\":\"https:\\\/\\\/westernlaw.org\\\/wp-content\\\/uploads\\\/2017\\\/03\\\/WELC-logo-600-1.png\",\"contentUrl\":\"https:\\\/\\\/westernlaw.org\\\/wp-content\\\/uploads\\\/2017\\\/03\\\/WELC-logo-600-1.png\",\"width\":600,\"height\":600,\"caption\":\"Western Environmental Law Center\"},\"image\":{\"@id\":\"https:\\\/\\\/westernlaw.org\\\/#\\\/schema\\\/logo\\\/image\\\/\"},\"sameAs\":[\"https:\\\/\\\/www.facebook.com\\\/westernlaw\\\/\",\"https:\\\/\\\/x.com\\\/westernlaw\",\"https:\\\/\\\/www.instagram.com\\\/welc_org\\\/\"]}]}<\/script>\n<!-- \/ Yoast SEO plugin. -->","yoast_head_json":{"title":"Careers and Internships - Western Environmental Law Center","description":"WELC se compromete a capacitar a la pr\u00f3xima generaci\u00f3n de abogados ambientales a trav\u00e9s de pasant\u00edas y organizando una cl\u00ednica jur\u00eddica con la Facultad de Derecho de la Universidad de Oregon.","robots":{"index":"index","follow":"follow","max-snippet":"max-snippet:-1","max-image-preview":"max-image-preview:large","max-video-preview":"max-video-preview:-1"},"canonical":"https:\/\/westernlaw.org\/es\/about-us\/careers\/","og_locale":"es_MX","og_type":"article","og_title":"Careers and Internships - Western Environmental Law Center","og_description":"WELC is committed to training the next generation of environmental attorneys via internships and by hosting a law clinic with the U. of Oregon Law School.","og_url":"https:\/\/westernlaw.org\/es\/about-us\/careers\/","og_site_name":"Western Environmental Law Center","article_publisher":"https:\/\/www.facebook.com\/westernlaw\/","article_modified_time":"2026-04-14T00:19:37+00:00","og_image":[{"width":1200,"height":628,"url":"https:\/\/westernlaw.org\/wp-content\/uploads\/2023\/03\/WELC-General-FB-Default.jpg","type":"image\/jpeg"}],"twitter_card":"summary_large_image","twitter_site":"@westernlaw","twitter_misc":{"Tiempo de lectura":"1 minuto"},"schema":{"@context":"https:\/\/schema.org","@graph":[{"@type":"WebPage","@id":"https:\/\/westernlaw.org\/about-us\/careers\/","url":"https:\/\/westernlaw.org\/about-us\/careers\/","name":"Careers and Internships - Western Environmental Law Center","isPartOf":{"@id":"https:\/\/westernlaw.org\/#website"},"datePublished":"2011-02-05T02:08:39+00:00","dateModified":"2026-04-14T00:19:37+00:00","description":"WELC se compromete a capacitar a la pr\u00f3xima generaci\u00f3n de abogados ambientales a trav\u00e9s de pasant\u00edas y organizando una cl\u00ednica jur\u00eddica con la Facultad de Derecho de la Universidad de Oregon.","breadcrumb":{"@id":"https:\/\/westernlaw.org\/about-us\/careers\/#breadcrumb"},"inLanguage":"es","potentialAction":[{"@type":"ReadAction","target":["https:\/\/westernlaw.org\/about-us\/careers\/"]}]},{"@type":"BreadcrumbList","@id":"https:\/\/westernlaw.org\/about-us\/careers\/#breadcrumb","itemListElement":[{"@type":"ListItem","position":1,"name":"Home","item":"https:\/\/westernlaw.org\/"},{"@type":"ListItem","position":2,"name":"About Us","item":"https:\/\/westernlaw.org\/about-us\/"},{"@type":"ListItem","position":3,"name":"Careers and Internships"}]},{"@type":"WebSite","@id":"https:\/\/westernlaw.org\/#website","url":"https:\/\/westernlaw.org\/","name":"Centro de Derecho Ambiental Occidental","description":"Defendemos el Oeste","publisher":{"@id":"https:\/\/westernlaw.org\/#organization"},"potentialAction":[{"@type":"SearchAction","target":{"@type":"EntryPoint","urlTemplate":"https:\/\/westernlaw.org\/?s={search_term_string}"},"query-input":{"@type":"PropertyValueSpecification","valueRequired":true,"valueName":"search_term_string"}}],"inLanguage":"es"},{"@type":"Organization","@id":"https:\/\/westernlaw.org\/#organization","name":"Centro de Derecho Ambiental Occidental","url":"https:\/\/westernlaw.org\/","logo":{"@type":"ImageObject","inLanguage":"es","@id":"https:\/\/westernlaw.org\/#\/schema\/logo\/image\/","url":"https:\/\/westernlaw.org\/wp-content\/uploads\/2017\/03\/WELC-logo-600-1.png","contentUrl":"https:\/\/westernlaw.org\/wp-content\/uploads\/2017\/03\/WELC-logo-600-1.png","width":600,"height":600,"caption":"Western Environmental Law Center"},"image":{"@id":"https:\/\/westernlaw.org\/#\/schema\/logo\/image\/"},"sameAs":["https:\/\/www.facebook.com\/westernlaw\/","https:\/\/x.com\/westernlaw","https:\/\/www.instagram.com\/welc_org\/"]}]}},"uagb_featured_image_src":{"full":false,"thumbnail":false,"medium":false,"medium_large":false,"large":false,"1536x1536":false,"2048x2048":false,"trp-custom-language-flag":false,"bloom_image":false,"et-pb-post-main-image":false,"et-pb-post-main-image-fullwidth":false,"et-pb-portfolio-image":false,"et-pb-portfolio-module-image":false,"et-pb-portfolio-image-single":false,"et-pb-gallery-module-image-portrait":false,"et-pb-post-main-image-fullwidth-large":false,"et-pb-image--responsive--desktop":false,"et-pb-image--responsive--tablet":false,"et-pb-image--responsive--phone":false,"gform-image-choice-sm":false,"gform-image-choice-md":false,"gform-image-choice-lg":false},"uagb_author_info":{"display_name":"Jackie","author_link":"https:\/\/westernlaw.org\/es\/author\/jackie\/"},"uagb_comment_info":0,"uagb_excerpt":"Careers &amp; Internships Careers Career opportunity: Wildlife and Wildlands Program Attorney (Portland, Eugene) WELC's Summer Internship Program The Western Environmental Law Center has a summer legal internship program open to law students from any school who will have completed their second year (2L) by the time of the internship. Interns assist attorneys with case development&hellip;","post_mailing_queue_ids":[],"_links":{"self":[{"href":"https:\/\/westernlaw.org\/es\/wp-json\/wp\/v2\/pages\/422","targetHints":{"allow":["GET"]}}],"collection":[{"href":"https:\/\/westernlaw.org\/es\/wp-json\/wp\/v2\/pages"}],"about":[{"href":"https:\/\/westernlaw.org\/es\/wp-json\/wp\/v2\/types\/page"}],"author":[{"embeddable":true,"href":"https:\/\/westernlaw.org\/es\/wp-json\/wp\/v2\/users\/6"}],"replies":[{"embeddable":true,"href":"https:\/\/westernlaw.org\/es\/wp-json\/wp\/v2\/comments?post=422"}],"version-history":[{"count":127,"href":"https:\/\/westernlaw.org\/es\/wp-json\/wp\/v2\/pages\/422\/revisions"}],"predecessor-version":[{"id":27897,"href":"https:\/\/westernlaw.org\/es\/wp-json\/wp\/v2\/pages\/422\/revisions\/27897"}],"up":[{"embeddable":true,"href":"https:\/\/westernlaw.org\/es\/wp-json\/wp\/v2\/pages\/14"}],"wp:attachment":[{"href":"https:\/\/westernlaw.org\/es\/wp-json\/wp\/v2\/media?parent=422"}],"wp:term":[{"taxonomy":"category","embeddable":true,"href":"https:\/\/westernlaw.org\/es\/wp-json\/wp\/v2\/categories?post=422"},{"taxonomy":"post_tag","embeddable":true,"href":"https:\/\/westernlaw.org\/es\/wp-json\/wp\/v2\/tags?post=422"}],"curies":[{"name":"gracias","href":"https:\/\/api.w.org\/{rel}","templated":true}]}}