{"id":22337,"date":"2022-01-29T16:51:56","date_gmt":"2022-01-29T16:51:56","guid":{"rendered":"https:\/\/westernlaw.org\/?page_id=22337"},"modified":"2022-01-29T17:07:26","modified_gmt":"2022-01-29T17:07:26","slug":"fact-sheet-new-mexico-hb6-2022-clean-future-act","status":"publish","type":"page","link":"https:\/\/westernlaw.org\/es\/fact-sheet-new-mexico-hb6-2022-clean-future-act\/","title":{"rendered":"HOJA INFORMATIVA: Ley de Futuro Limpio HB6 (2022) de Nuevo M\u00e9xico"},"content":{"rendered":"<p><a href=\"https:\/\/www.nmlegis.gov\/Legislation\/Legislation?Chamber=H&amp;LegType=B&amp;LegNo=6&amp;year=22\"><b>HB6<\/b><\/a><b>: La Ley de Futuro Limpio <\/b>(Sobre la llamada del gobernador)<\/p>\n<p><i>Patrocinadores<\/i>: Representante Nathan Small, Spkr. Egolf, Representante Roybal Caballero, Senadora Siah Correa Hemphill<\/p>\n<p>Mientras los habitantes de Nuevo M\u00e9xico experimentan sequ\u00edas prolongadas, incendios forestales devastadores, olas de calor sin precedentes y contaminaci\u00f3n de industrias aqu\u00ed mismo en casa, debemos priorizar soluciones clim\u00e1ticas justas que protejan a nuestra gente y preserven nuestro aire, agua y clima.<\/p>\n<p>La transici\u00f3n a la energ\u00eda limpia es una oportunidad \u00fanica para diversificar nuestra econom\u00eda, generar nuevos ingresos y crear buenos empleos en industrias en crecimiento en el camino, adem\u00e1s de abordar los impactos clim\u00e1ticos y de salud que ya vemos en Nuevo M\u00e9xico. . Por nuestro clima, nuestra salud y nuestra econom\u00eda <b>es hora de abrir nuevas puertas a un futuro limpio para cada comunidad de Nuevo M\u00e9xico.<br \/>\n<\/b><\/p>\n<p>La Ley de Futuro Limpio establece requisitos ambiciosos de una reducci\u00f3n de 50% de la contaminaci\u00f3n clim\u00e1tica en Nuevo M\u00e9xico para 2030 y al menos 90% para 2050. Debido a que las emisiones de carbono de Nuevo M\u00e9xico han aumentado desde la referencia de 2005, <b>esto representar\u00eda una reducci\u00f3n del 64% de los niveles actuales de contaminaci\u00f3n clim\u00e1tica para 2030. <\/b>El proyecto de ley no permite compensaciones para cumplir con el objetivo de 2030 y limita las emisiones que pueden compensarse para 2050 a 10% de los niveles de 2005, lo que hace de este uno de los l\u00edmites m\u00e1s estrictos del mundo.<\/p>\n<p><b>La Ley de Futuro Limpio requerir\u00eda reducciones de emisiones, reglas y responsabilidad:<br \/>\n<\/b><\/p>\n<ul>\n<li><b>Emisiones 50% por debajo de los niveles de 2005 para 2030. <\/b>Debido a que las emisiones han aumentado desde 2005, esto representar\u00eda una reducci\u00f3n de 64% de los niveles actuales para 2030. El proyecto de ley no permite compensaciones para cumplir con el objetivo de 2030.<\/li>\n<li><b>Emisiones netas cero en 2050 y m\u00e1s all\u00e1, incluidas las reducciones m\u00ednimas de emisiones directas 90%. <\/b>Cualquier emisi\u00f3n restante entre la reducci\u00f3n 90% y cero emisiones debe compensarse con reducciones en otros lugares que no se habr\u00edan logrado de otra manera. Las compensaciones no pueden exceder 10% de los niveles de 2005 y no se permitir\u00edan antes de 2030.<\/li>\n<li><b>Consulta con las comunidades sobrecargadas y priorizaci\u00f3n de la reducci\u00f3n de impactos en esas comunidades al establecer regulaciones. <\/b>La consulta se utilizar\u00e1 en el desarrollo de pol\u00edticas clim\u00e1ticas que aborden los impactos desproporcionados y mejoren nuestra comprensi\u00f3n de c\u00f3mo el cambio clim\u00e1tico afecta a esas comunidades. Al desarrollar regulaciones, el estado debe considerar la priorizaci\u00f3n de reducciones en comunidades sobrecargadas.<\/li>\n<li><b>Informes anuales de las agencias estatales <\/b>sobre las emisiones totales, las reducciones de emisiones, los impactos del cambio clim\u00e1tico en las comunidades afectadas de manera desproporcionada y si se necesitan pol\u00edticas adicionales para reducir las emisiones.<\/li>\n<li><b>Un plazo legal para los reglamentos propuestos<\/b> requiriendo que el Departamento de Medio Ambiente del estado solicite a la Junta de Mejoramiento Ambiental que cree reglas para reducir las emisiones de fuentes cubiertas por la Ley de Control de Calidad del Aire del estado.<\/li>\n<\/ul>\n<p><b>El proyecto de ley ha mejorado en algunas \u00e1reas clave, pero necesita algunas mejoras:<\/b><\/p>\n<ul>\n<li><b>C\u00f3mo se definen las emisiones de gases de efecto invernadero ser\u00e1 fundamental<\/b> para facilitar una regulaci\u00f3n efectiva y lograr reducciones de emisiones consistentes con un futuro clim\u00e1tico estable. La definici\u00f3n en el borrador actual debe ampliarse y aclararse y debe garantizar que los reguladores tengan toda la autoridad necesaria para hacer cumplir los objetivos que cubren todos los sectores principales.<\/li>\n<li><b>La legislaci\u00f3n debe exigir que NMED inicie una reglamentaci\u00f3n antes de 2025<\/b> para apoyar el cumplimiento de los objetivos de 2030. Esto sigue siendo un problema: no podemos darnos el lujo de esperar 3 a\u00f1os m\u00e1s para la reglamentaci\u00f3n.<\/li>\n<\/ul>\n<p>Para lograr estos nuevos requisitos, Nuevo M\u00e9xico tendr\u00e1 que comenzar una transformaci\u00f3n reflexiva hacia energ\u00eda limpia y alejarse de los combustibles f\u00f3siles. Un informe reciente de Gridlab muestra la inmensa posibilidad de la Ley de Futuro Limpio. Para 2030, nuestro modelo muestra que necesitar\u00edamos reducciones de:<\/p>\n<ul>\n<li>95% reducci\u00f3n de la contaminaci\u00f3n clim\u00e1tica en el sector el\u00e9ctrico<\/li>\n<li>M\u00e1s de 90% de reducci\u00f3n en las emisiones de metano de petr\u00f3leo y gas upstream<\/li>\n<li>Al menos 551 veh\u00edculos el\u00e9ctricos TP2T como porcentaje de las ventas de veh\u00edculos de pasajeros nuevos<\/li>\n<li>Reducciones de emisiones 20-30% de edificios comerciales y residenciales<\/li>\n<li>Hornos el\u00e9ctricos y calentadores de agua 70% como porcentaje de las ventas nuevas<\/li>\n<li>Pleno cumplimiento de las reducciones en todos los sectores emisores<\/li>\n<\/ul>\n<p>De <a href=\"https:\/\/gridlab.org\/wp-content\/uploads\/2021\/02\/GridLab_NM-Overview.pdf\">Gridlab\/An\u00e1lisis de energ\u00eda evolucionada<\/a><\/p>\n<p><b>Preguntas frecuentes<\/b><\/p>\n<ul>\n<li><b>\u00bfCu\u00e1l es la mejor parte de este proyecto de ley?<\/b> Este proyecto de ley crea l\u00edmites firmes de contaminaci\u00f3n de gases de efecto invernadero y requiere que la Junta de Mejoramiento Ambiental adopte reglas para cumplir con esos l\u00edmites. Garantiza la reducci\u00f3n de emisiones y la rendici\u00f3n de cuentas. Actualmente, m\u00e1s del 50% de las emisiones de gases de efecto invernadero provienen del petr\u00f3leo y el gas. Entonces, incluso si todos los sectores redujeran todas sus emisiones, no alcanzar\u00edamos la reducci\u00f3n estatal 50% sin que el petr\u00f3leo y el gas hicieran reducciones importantes.<\/li>\n<li><b>\u00bfPor qu\u00e9 el proyecto de ley menciona las tarifas? <\/b>El proyecto de ley permite el cobro de tarifas a los contaminadores para cubrir los costos administrativos de la regulaci\u00f3n.<\/li>\n<li><b>\u00bfPor qu\u00e9 el proyecto de ley incluye una menci\u00f3n a la captura y secuestro de carbono?<\/b> El proyecto de ley menciona CCS como un medio de reducci\u00f3n directa de emisiones o reducciones asociadas con cr\u00e9ditos de reducci\u00f3n de emisiones en exceso, lo que implicar\u00eda capturar y secuestrar carbono en instalaciones contaminantes. El proyecto de ley no exige ni incentiva de ninguna manera esta tecnolog\u00eda y, sin incentivos econ\u00f3micos, la construcci\u00f3n de CCUS sigue siendo demasiado costosa. M\u00e1s de una docena de estados requieren l\u00edmites similares para las emisiones del sector el\u00e9ctrico y permiten esta tecnolog\u00eda en sus proyectos de ley de reducci\u00f3n de GEI, pero no se ha construido ninguno. Las reducciones directas probadas probablemente dominar\u00e1n. La EPA de EE. UU., en lugar del estado, actualmente tiene autoridad para regular y permitir cualquier proyecto potencial de CCUS en Nuevo M\u00e9xico.<\/li>\n<li><b>\u00bfQu\u00e9 son las reducciones de exceso de emisiones? <\/b>Esta es una parte nueva del proyecto de ley que garantiza que el estado cuente y acredite las reducciones por encima y m\u00e1s all\u00e1 del nivel requerido por las fuentes reguladas. Las reducciones &#039;excesivas&#039; deben ser reducciones cuantificables, verificables y permanentes de las emisiones de gases de efecto invernadero. El uso y cualquier negociaci\u00f3n de estos cr\u00e9ditos est\u00e1 sujeto al desarrollo de protocolos y reglas por parte de NMED.<\/li>\n<li><b>\u00bfEl proyecto de ley permite compensaciones? <\/b>Las compensaciones representan emisiones reducidas que no se habr\u00edan logrado de otra manera. Para ser claros, las compensaciones pueden ser mal utilizadas. Pero el proyecto de ley requiere el desarrollo de un proceso minucioso y transparente para verificar que cualquier compensaci\u00f3n represente nuevas reducciones de emisiones. El proyecto de ley tambi\u00e9n requiere protocolos claros para cualquier uso o comercio de compensaciones, incluida la consulta con las comunidades sobrecargadas, para ayudar a minimizar el riesgo de da\u00f1o a esas comunidades.<\/li>\n<li><b>\u00bfCu\u00e1nto de las reducciones totales de emisiones se puede lograr a trav\u00e9s de compensaciones?<\/b> Las compensaciones juegan un papel limitado en la factura. No se pueden utilizar para cumplir con el objetivo 50% para 2030. En cambio, el objetivo de 2030 debe lograrse mediante reducciones de emisiones directas. El alcance del uso de compensaciones para lograr el objetivo de 100% para 2050 se determinar\u00e1 en reglas posteriores, pero las emisiones m\u00e1ximas que podr\u00edan desplazar en 2050 son de 7,5 millones a 7,8 millones de toneladas m\u00e9tricas, lo que representa 10% de las emisiones al nivel de 2005. En otras palabras, el objetivo de 2050 debe alcanzarse con una reducci\u00f3n de al menos 90% de emisiones directas.<\/li>\n<li><b>\u00bfCu\u00e1les fueron los niveles de emisiones de 2005? <\/b>El inventario establece la l\u00ednea de base de 2005 en 75,6 millones de toneladas m\u00e9tricas. Las emisiones han aumentado alrededor de 50% entre 2005 y la actualidad.<\/li>\n<li><b>\u00bfPor qu\u00e9 podr\u00edamos necesitar compensaciones para los \u00faltimos 10% de emisiones? <\/b>Algunas fuentes de emisiones son dif\u00edciles de descarbonizar directamente, como la aviaci\u00f3n y la fabricaci\u00f3n de cemento. Si bien esperamos encontrar formas de descarbonizar estas fuentes de emisiones directamente, algunas compensaciones pueden ser necesarias a medida que buscamos esas soluciones. Las compensaciones bien dise\u00f1adas tambi\u00e9n crean una oportunidad para invertir en manejo forestal mejorado, pastoreo y otros proyectos que pueden beneficiar las tierras y comunidades de Nuevo M\u00e9xico. Seg\u00fan el gr\u00e1fico de gridlab, la mayor parte de las emisiones restantes en 2050 provienen de &quot;tierras naturales y de trabajo&quot;; estas tambi\u00e9n se han citado como posibles sumideros de carbono a trav\u00e9s de suelos saludables, reforestaci\u00f3n y otras medidas.<\/li>\n<li><b>\u00bfPodr\u00edan las compensaciones justificar la contaminaci\u00f3n continua en comunidades de bajos ingresos y comunidades de color m\u00e1s all\u00e1 de 2050? <\/b>Las compensaciones deber\u00edan tratarse de dar tiempo para descubrir los sectores dif\u00edciles de descarbonizar, y nunca de justificar las emisiones en comunidades que ya est\u00e1n cargadas de manera desproporcionada por la contaminaci\u00f3n. El proyecto de ley contiene lenguaje que establece que las reglas de compensaci\u00f3n consideren comit\u00e9s &quot;impactados desproporcionadamente&quot; y de &quot;justicia ambiental&quot;, y los defensores del clima est\u00e1n comprometidos a fortalecer las disposiciones de equidad y garantizar la mayor reducci\u00f3n posible de la contaminaci\u00f3n directa en comunidades de bajos ingresos y comunidades de color, tanto en el corto y largo plazo.<\/li>\n<li><b>\u00bfC\u00f3mo aborda este proyecto de ley el petr\u00f3leo y el gas en los patios traseros de las personas ahora? <\/b>El proyecto de ley incluye las emisiones de la industria extractiva. El modelado de GridLab\/Evolved Energy sugiere que para cumplir con el objetivo de 2030, las emisiones de metano deber\u00e1n reducirse en el orden de 95%. Es probable que esto resulte en beneficios sustanciales para la salud p\u00fablica y tambi\u00e9n proporcione a las comunidades una poderosa herramienta para protegerse del desarrollo de petr\u00f3leo y gas.<\/li>\n<li><b>\u00bfQu\u00e9 importancia tienen las reglamentaciones descritas en este proyecto de ley?<\/b>\u00a0 La reglamentaci\u00f3n ser\u00e1 fundamental y controvertida. Necesitaremos todas las manos a la obra para garantizar los mejores resultados para las comunidades y el clima.<\/li>\n<\/ul>\n<p>Sierra Club-Rio Grande Chapter * Environmental Defense Fund * 350NewMexico * NM Caf\u00e9 * Southwest Energy Efficiency Project (SWEEP) * Western Environmental Law Center * Climate Advocates Voces Unidas * Conservation Voters New Mexico * OL\u00c9 * New Mexico Wild * Western Resource Advocates * Power4NM * NRDC * NM Native Vote * Proyecto La Semilla * Dreams In Action NM * NM Interfaith Power and Light<\/p>","protected":false},"excerpt":{"rendered":"<p>HB6: The Clean Future Act (On the Governor\u2019s Call) Sponsors: Rep. Nathan Small, Spkr. Egolf, Rep. Roybal Caballero, Sen. Siah Correa Hemphill As New Mexicans experience prolonged drought, devastating forest fires, unprecedented heat waves, and pollution from industries right here at home, we must prioritize just climate solutions that protect our people and preserve our [&hellip;]<\/p>\n","protected":false},"author":20,"featured_media":0,"parent":0,"menu_order":0,"comment_status":"closed","ping_status":"closed","template":"","meta":{"_et_pb_use_builder":"","_et_pb_old_content":"","_et_gb_content_width":"","_monsterinsights_skip_tracking":false,"_monsterinsights_sitenote_active":false,"_monsterinsights_sitenote_note":"","_monsterinsights_sitenote_category":0,"footnotes":""},"categories":[],"tags":[],"class_list":["post-22337","page","type-page","status-publish","hentry"],"yoast_head":"<!-- This site is optimized with the Yoast SEO plugin v27.5 - https:\/\/yoast.com\/product\/yoast-seo-wordpress\/ -->\n<title>FACT SHEET: New Mexico HB6 (2022) Clean Future Act - Western Environmental Law Center<\/title>\n<meta name=\"robots\" content=\"index, follow, max-snippet:-1, max-image-preview:large, max-video-preview:-1\" \/>\n<link rel=\"canonical\" href=\"https:\/\/westernlaw.org\/es\/fact-sheet-new-mexico-hb6-2022-clean-future-act\/\" \/>\n<meta property=\"og:locale\" content=\"es_MX\" \/>\n<meta property=\"og:type\" content=\"article\" \/>\n<meta property=\"og:title\" content=\"FACT SHEET: New Mexico HB6 (2022) Clean Future Act - Western Environmental Law Center\" \/>\n<meta property=\"og:description\" content=\"HB6: The Clean Future Act (On the Governor\u2019s Call) Sponsors: Rep. Nathan Small, Spkr. Egolf, Rep. Roybal Caballero, Sen. Siah Correa Hemphill As New Mexicans experience prolonged drought, devastating forest fires, unprecedented heat waves, and pollution from industries right here at home, we must prioritize just climate solutions that protect our people and preserve our [&hellip;]\" \/>\n<meta property=\"og:url\" content=\"https:\/\/westernlaw.org\/es\/fact-sheet-new-mexico-hb6-2022-clean-future-act\/\" \/>\n<meta property=\"og:site_name\" content=\"Western Environmental Law Center\" \/>\n<meta property=\"article:publisher\" content=\"https:\/\/www.facebook.com\/westernlaw\/\" \/>\n<meta property=\"article:modified_time\" content=\"2022-01-29T17:07:26+00:00\" \/>\n<meta property=\"og:image\" content=\"https:\/\/westernlaw.org\/wp-content\/uploads\/2022\/01\/open-new-doors-hb6-clean-future-act-fb.png\" \/>\n<meta name=\"twitter:card\" content=\"summary_large_image\" \/>\n<meta name=\"twitter:site\" content=\"@westernlaw\" \/>\n<meta name=\"twitter:label1\" content=\"Tiempo de lectura\" \/>\n\t<meta name=\"twitter:data1\" content=\"7 minutos\" \/>\n<script type=\"application\/ld+json\" class=\"yoast-schema-graph\">{\"@context\":\"https:\\\/\\\/schema.org\",\"@graph\":[{\"@type\":\"WebPage\",\"@id\":\"https:\\\/\\\/westernlaw.org\\\/fact-sheet-new-mexico-hb6-2022-clean-future-act\\\/\",\"url\":\"https:\\\/\\\/westernlaw.org\\\/fact-sheet-new-mexico-hb6-2022-clean-future-act\\\/\",\"name\":\"FACT SHEET: New Mexico HB6 (2022) Clean Future Act - Western Environmental Law Center\",\"isPartOf\":{\"@id\":\"https:\\\/\\\/westernlaw.org\\\/#website\"},\"datePublished\":\"2022-01-29T16:51:56+00:00\",\"dateModified\":\"2022-01-29T17:07:26+00:00\",\"breadcrumb\":{\"@id\":\"https:\\\/\\\/westernlaw.org\\\/fact-sheet-new-mexico-hb6-2022-clean-future-act\\\/#breadcrumb\"},\"inLanguage\":\"es\",\"potentialAction\":[{\"@type\":\"ReadAction\",\"target\":[\"https:\\\/\\\/westernlaw.org\\\/fact-sheet-new-mexico-hb6-2022-clean-future-act\\\/\"]}]},{\"@type\":\"BreadcrumbList\",\"@id\":\"https:\\\/\\\/westernlaw.org\\\/fact-sheet-new-mexico-hb6-2022-clean-future-act\\\/#breadcrumb\",\"itemListElement\":[{\"@type\":\"ListItem\",\"position\":1,\"name\":\"Home\",\"item\":\"https:\\\/\\\/westernlaw.org\\\/\"},{\"@type\":\"ListItem\",\"position\":2,\"name\":\"FACT SHEET: New Mexico HB6 (2022) Clean Future Act\"}]},{\"@type\":\"WebSite\",\"@id\":\"https:\\\/\\\/westernlaw.org\\\/#website\",\"url\":\"https:\\\/\\\/westernlaw.org\\\/\",\"name\":\"Western Environmental Law Center\",\"description\":\"Defending the West\",\"publisher\":{\"@id\":\"https:\\\/\\\/westernlaw.org\\\/#organization\"},\"potentialAction\":[{\"@type\":\"SearchAction\",\"target\":{\"@type\":\"EntryPoint\",\"urlTemplate\":\"https:\\\/\\\/westernlaw.org\\\/?s={search_term_string}\"},\"query-input\":{\"@type\":\"PropertyValueSpecification\",\"valueRequired\":true,\"valueName\":\"search_term_string\"}}],\"inLanguage\":\"es\"},{\"@type\":\"Organization\",\"@id\":\"https:\\\/\\\/westernlaw.org\\\/#organization\",\"name\":\"Western Environmental Law Center\",\"url\":\"https:\\\/\\\/westernlaw.org\\\/\",\"logo\":{\"@type\":\"ImageObject\",\"inLanguage\":\"es\",\"@id\":\"https:\\\/\\\/westernlaw.org\\\/#\\\/schema\\\/logo\\\/image\\\/\",\"url\":\"https:\\\/\\\/westernlaw.org\\\/wp-content\\\/uploads\\\/2017\\\/03\\\/WELC-logo-600-1.png\",\"contentUrl\":\"https:\\\/\\\/westernlaw.org\\\/wp-content\\\/uploads\\\/2017\\\/03\\\/WELC-logo-600-1.png\",\"width\":600,\"height\":600,\"caption\":\"Western Environmental Law Center\"},\"image\":{\"@id\":\"https:\\\/\\\/westernlaw.org\\\/#\\\/schema\\\/logo\\\/image\\\/\"},\"sameAs\":[\"https:\\\/\\\/www.facebook.com\\\/westernlaw\\\/\",\"https:\\\/\\\/x.com\\\/westernlaw\",\"https:\\\/\\\/www.instagram.com\\\/welc_org\\\/\"]}]}<\/script>\n<!-- \/ Yoast SEO plugin. -->","yoast_head_json":{"title":"HOJA INFORMATIVA: Ley de un Futuro Limpio HB6 (2022) de Nuevo M\u00e9xico - Centro de Derecho Ambiental Occidental","robots":{"index":"index","follow":"follow","max-snippet":"max-snippet:-1","max-image-preview":"max-image-preview:large","max-video-preview":"max-video-preview:-1"},"canonical":"https:\/\/westernlaw.org\/es\/fact-sheet-new-mexico-hb6-2022-clean-future-act\/","og_locale":"es_MX","og_type":"article","og_title":"FACT SHEET: New Mexico HB6 (2022) Clean Future Act - Western Environmental Law Center","og_description":"HB6: The Clean Future Act (On the Governor\u2019s Call) Sponsors: Rep. Nathan Small, Spkr. Egolf, Rep. Roybal Caballero, Sen. Siah Correa Hemphill As New Mexicans experience prolonged drought, devastating forest fires, unprecedented heat waves, and pollution from industries right here at home, we must prioritize just climate solutions that protect our people and preserve our [&hellip;]","og_url":"https:\/\/westernlaw.org\/es\/fact-sheet-new-mexico-hb6-2022-clean-future-act\/","og_site_name":"Western Environmental Law Center","article_publisher":"https:\/\/www.facebook.com\/westernlaw\/","article_modified_time":"2022-01-29T17:07:26+00:00","og_image":[{"url":"https:\/\/westernlaw.org\/wp-content\/uploads\/2022\/01\/open-new-doors-hb6-clean-future-act-fb.png","type":"","width":"","height":""}],"twitter_card":"summary_large_image","twitter_site":"@westernlaw","twitter_misc":{"Tiempo de lectura":"7 minutos"},"schema":{"@context":"https:\/\/schema.org","@graph":[{"@type":"WebPage","@id":"https:\/\/westernlaw.org\/fact-sheet-new-mexico-hb6-2022-clean-future-act\/","url":"https:\/\/westernlaw.org\/fact-sheet-new-mexico-hb6-2022-clean-future-act\/","name":"HOJA INFORMATIVA: Ley de un Futuro Limpio HB6 (2022) de Nuevo M\u00e9xico - Centro de Derecho Ambiental Occidental","isPartOf":{"@id":"https:\/\/westernlaw.org\/#website"},"datePublished":"2022-01-29T16:51:56+00:00","dateModified":"2022-01-29T17:07:26+00:00","breadcrumb":{"@id":"https:\/\/westernlaw.org\/fact-sheet-new-mexico-hb6-2022-clean-future-act\/#breadcrumb"},"inLanguage":"es","potentialAction":[{"@type":"ReadAction","target":["https:\/\/westernlaw.org\/fact-sheet-new-mexico-hb6-2022-clean-future-act\/"]}]},{"@type":"BreadcrumbList","@id":"https:\/\/westernlaw.org\/fact-sheet-new-mexico-hb6-2022-clean-future-act\/#breadcrumb","itemListElement":[{"@type":"ListItem","position":1,"name":"Home","item":"https:\/\/westernlaw.org\/"},{"@type":"ListItem","position":2,"name":"FACT SHEET: New Mexico HB6 (2022) Clean Future Act"}]},{"@type":"WebSite","@id":"https:\/\/westernlaw.org\/#website","url":"https:\/\/westernlaw.org\/","name":"Centro de Derecho Ambiental Occidental","description":"Defendemos el Oeste","publisher":{"@id":"https:\/\/westernlaw.org\/#organization"},"potentialAction":[{"@type":"SearchAction","target":{"@type":"EntryPoint","urlTemplate":"https:\/\/westernlaw.org\/?s={search_term_string}"},"query-input":{"@type":"PropertyValueSpecification","valueRequired":true,"valueName":"search_term_string"}}],"inLanguage":"es"},{"@type":"Organization","@id":"https:\/\/westernlaw.org\/#organization","name":"Centro de Derecho Ambiental Occidental","url":"https:\/\/westernlaw.org\/","logo":{"@type":"ImageObject","inLanguage":"es","@id":"https:\/\/westernlaw.org\/#\/schema\/logo\/image\/","url":"https:\/\/westernlaw.org\/wp-content\/uploads\/2017\/03\/WELC-logo-600-1.png","contentUrl":"https:\/\/westernlaw.org\/wp-content\/uploads\/2017\/03\/WELC-logo-600-1.png","width":600,"height":600,"caption":"Western Environmental Law Center"},"image":{"@id":"https:\/\/westernlaw.org\/#\/schema\/logo\/image\/"},"sameAs":["https:\/\/www.facebook.com\/westernlaw\/","https:\/\/x.com\/westernlaw","https:\/\/www.instagram.com\/welc_org\/"]}]}},"_links":{"self":[{"href":"https:\/\/westernlaw.org\/es\/wp-json\/wp\/v2\/pages\/22337","targetHints":{"allow":["GET"]}}],"collection":[{"href":"https:\/\/westernlaw.org\/es\/wp-json\/wp\/v2\/pages"}],"about":[{"href":"https:\/\/westernlaw.org\/es\/wp-json\/wp\/v2\/types\/page"}],"author":[{"embeddable":true,"href":"https:\/\/westernlaw.org\/es\/wp-json\/wp\/v2\/users\/20"}],"replies":[{"embeddable":true,"href":"https:\/\/westernlaw.org\/es\/wp-json\/wp\/v2\/comments?post=22337"}],"version-history":[{"count":1,"href":"https:\/\/westernlaw.org\/es\/wp-json\/wp\/v2\/pages\/22337\/revisions"}],"predecessor-version":[{"id":22338,"href":"https:\/\/westernlaw.org\/es\/wp-json\/wp\/v2\/pages\/22337\/revisions\/22338"}],"wp:attachment":[{"href":"https:\/\/westernlaw.org\/es\/wp-json\/wp\/v2\/media?parent=22337"}],"wp:term":[{"taxonomy":"category","embeddable":true,"href":"https:\/\/westernlaw.org\/es\/wp-json\/wp\/v2\/categories?post=22337"},{"taxonomy":"post_tag","embeddable":true,"href":"https:\/\/westernlaw.org\/es\/wp-json\/wp\/v2\/tags?post=22337"}],"curies":[{"name":"gracias","href":"https:\/\/api.w.org\/{rel}","templated":true}]}}