{"id":21826,"date":"2021-07-13T16:33:22","date_gmt":"2021-07-13T16:33:22","guid":{"rendered":"https:\/\/westernlaw.org\/?page_id=21826"},"modified":"2022-10-24T21:53:28","modified_gmt":"2022-10-24T21:53:28","slug":"landacknowledgement","status":"publish","type":"page","link":"https:\/\/westernlaw.org\/es\/about-us\/landacknowledgement\/","title":{"rendered":"Reconocimiento de tierras"},"content":{"rendered":"<p>[et_pb_section fb_built=&#8221;1&#8243; fullwidth=&#8221;on&#8221; admin_label=&#8221;Section&#8221; _builder_version=&#8221;4.17.1&#8243; background_enable_image=&#8221;off&#8221; parallax=&#8221;on&#8221; global_colors_info=&#8221;{}&#8221;][et_pb_fullwidth_image src=&#8221;https:\/\/westernlaw.org\/wp-content\/uploads\/2021\/07\/US-Map-Native-Lands.jpg&#8221; disabled_on=&#8221;off|off|off&#8221; admin_label=&#8221;Fullwidth header image&#8221; _builder_version=&#8221;4.16&#8243; use_border_color=&#8221;off&#8221; border_color=&#8221;#ffffff&#8221; border_style=&#8221;solid&#8221; animation=&#8221;off&#8221; global_colors_info=&#8221;{}&#8221;][\/et_pb_fullwidth_image][\/et_pb_section][et_pb_section fb_built=&#8221;1&#8243; custom_padding_last_edited=&#8221;on|phone&#8221; admin_label=&#8221;Section&#8221; _builder_version=&#8221;4.16&#8243; custom_padding_tablet=&#8221;&#8221; custom_padding_phone=&#8221;30px||30px|&#8221; transparent_background=&#8221;off&#8221; make_fullwidth=&#8221;off&#8221; use_custom_width=&#8221;off&#8221; width_unit=&#8221;on&#8221; global_colors_info=&#8221;{}&#8221;][et_pb_row custom_padding_last_edited=&#8221;on|desktop&#8221; admin_label=&#8221;Row&#8221; _builder_version=&#8221;4.16&#8243; background_size=&#8221;initial&#8221; background_position=&#8221;top_left&#8221; background_repeat=&#8221;repeat&#8221; custom_padding=&#8221;0px||0px|&#8221; custom_padding_tablet=&#8221;&#8221; custom_padding_phone=&#8221;&#8221; make_fullwidth=&#8221;off&#8221; use_custom_width=&#8221;off&#8221; width_unit=&#8221;on&#8221; global_colors_info=&#8221;{}&#8221;][et_pb_column type=&#8221;4_4&#8243; _builder_version=&#8221;4.16&#8243; custom_padding=&#8221;|||&#8221; global_colors_info=&#8221;{}&#8221; custom_padding__hover=&#8221;|||&#8221;][et_pb_text admin_label=&#8221;Land Acknowledgement&#8221; _builder_version=&#8221;4.17.1&#8243; background_size=&#8221;initial&#8221; background_position=&#8221;top_left&#8221; background_repeat=&#8221;repeat&#8221; hover_enabled=&#8221;0&#8243; use_border_color=&#8221;off&#8221; border_color=&#8221;#ffffff&#8221; border_style=&#8221;solid&#8221; global_colors_info=&#8221;{}&#8221; sticky_enabled=&#8221;0&#8243;]<\/p>\n<h2><strong>WELC Land Acknowledgement<br \/><\/strong><\/h2>\n<p>The Western Environmental Law Center acknowledges that we live and work on the homelands of Indigenous Peoples across the western United States. We honor these original peoples who have long stewarded these lands, and we celebrate their resilience and richness of their languages, traditions, and cultures. We recognize their enduring and continuing relationships to the land: past, present, and future.<\/p>\n<p>We are dedicated to learning more about waves of occupation and dispossession of western lands and resources, increasing our and others\u2019 awareness, and acting in solidarity to respect and support Indigenous sovereignty. We encourage others to be open, learn more, and act in kind.<\/p>\n<p>Here is a resource to help identify the lands we are on and we encourage others to do their own research to learn more about the land they inhabit: <u><a href=\"https:\/\/native-land.ca\/\" target=\"_blank\" rel=\"noopener noreferrer\">https:\/\/native-land.ca\/<\/a><\/u><\/p>\n<p>&nbsp;<\/p>\n<p>[\/et_pb_text][et_pb_text disabled_on=&#8221;off|off|off&#8221; admin_label=&#8221;Photo Credits&#8221; _builder_version=&#8221;4.16&#8243; header_font_size=&#8221;40px&#8221; background_size=&#8221;initial&#8221; background_position=&#8221;top_left&#8221; background_repeat=&#8221;repeat&#8221; text_orientation=&#8221;center&#8221; background_layout=&#8221;dark&#8221; module_alignment=&#8221;center&#8221; header_font_size_last_edited=&#8221;off|phone&#8221; use_border_color=&#8221;off&#8221; border_color=&#8221;#ffffff&#8221; border_style=&#8221;solid&#8221; saved_tabs=&#8221;all&#8221; global_colors_info=&#8221;{}&#8221;]<span style=\"color: #333333;\"><em>Image credit: <a href=\"https:\/\/native-land.ca\/\" target=\"_blank\" rel=\"noopener noreferrer\">www.native-land.ca<\/a><br \/>\n<\/em><\/span><br \/>\n[\/et_pb_text][\/et_pb_column][\/et_pb_row][\/et_pb_section][et_pb_section fb_built=&#8221;1&#8243; custom_padding_last_edited=&#8221;on|tablet&#8221; disabled_on=&#8221;on|on|on&#8221; admin_label=&#8221;Section&#8221; _builder_version=&#8221;4.16&#8243; background_color=&#8221;#f1f3f2&#8243; custom_padding=&#8221;30px||30px|&#8221; custom_padding_tablet=&#8221;30px||40px|&#8221; custom_padding_phone=&#8221;&#8221; transparent_background=&#8221;off&#8221; make_fullwidth=&#8221;off&#8221; use_custom_width=&#8221;off&#8221; width_unit=&#8221;on&#8221; disabled=&#8221;on&#8221; global_colors_info=&#8221;{}&#8221;][et_pb_row column_structure=&#8221;1_3,1_3,1_3&#8243; column_padding_mobile=&#8221;on&#8221; custom_padding_last_edited=&#8221;on|phone&#8221; admin_label=&#8221;Row&#8221; _builder_version=&#8221;4.16&#8243; background_size=&#8221;initial&#8221; background_position=&#8221;top_left&#8221; background_repeat=&#8221;repeat&#8221; custom_padding=&#8221;0px||0px|&#8221; custom_padding_tablet=&#8221;&#8221; custom_padding_phone=&#8221;&#8221; make_fullwidth=&#8221;off&#8221; use_custom_width=&#8221;off&#8221; width_unit=&#8221;on&#8221; global_colors_info=&#8221;{}&#8221;][et_pb_column type=&#8221;1_3&#8243; _builder_version=&#8221;4.16&#8243; custom_padding=&#8221;|||&#8221; global_colors_info=&#8221;{}&#8221; custom_padding__hover=&#8221;|||&#8221;][et_pb_text disabled_on=&#8221;on|on|on&#8221; admin_label=&#8221;Partners &#8211; linked partner logos&#8221; _builder_version=&#8221;4.16&#8243; background_size=&#8221;initial&#8221; background_position=&#8221;top_left&#8221; background_repeat=&#8221;repeat&#8221; use_border_color=&#8221;off&#8221; border_color=&#8221;#ffffff&#8221; border_style=&#8221;solid&#8221; disabled=&#8221;on&#8221; global_colors_info=&#8221;{}&#8221;]<\/p>\n<h3>Partners<\/h3>\n<p><a href=\"https:\/\/www.americanrivers.org\/\" target=\"_blank\" rel=\"noopener noreferrer\"><img loading=\"lazy\" decoding=\"async\" class=\"wp-image-13686 size-full alignnone\" src=\"https:\/\/westernlaw.org\/wp-content\/uploads\/2015\/11\/American-Rivers-Logo.png\" alt=\"American Rivers Logo\" width=\"120\" height=\"28\" \/><\/a><\/p>\n<p><a href=\"https:\/\/www.americanwhitewater.org\/\" target=\"_blank\" rel=\"noopener noreferrer\"><img loading=\"lazy\" decoding=\"async\" class=\"wp-image-13687 size-full alignnone\" src=\"https:\/\/westernlaw.org\/wp-content\/uploads\/2015\/11\/American-Whitewater-Logo.png\" alt=\"American Whitewater Logo\" width=\"120\" height=\"41\" \/><\/a><\/p>\n<p><a href=\"https:\/\/www.idahorivers.org\/\" target=\"_blank\" rel=\"noopener noreferrer\"><img loading=\"lazy\" decoding=\"async\" class=\"wp-image-20716 size-full alignnone\" src=\"https:\/\/westernlaw.org\/wp-content\/uploads\/2020\/07\/Idaho-Rivers-United.png\" alt=\"idaho rivers united\" width=\"120\" height=\"225\" \/><\/a><\/p>\n<p><a href=\"https:\/\/caltrout.org\/\" target=\"_blank\" rel=\"noopener noreferrer\"><img loading=\"lazy\" decoding=\"async\" class=\"alignnone wp-image-20717 size-full\" src=\"https:\/\/westernlaw.org\/wp-content\/uploads\/2020\/07\/California-Trout-Logo.png\" alt=\"California Trout Logo\" width=\"112\" height=\"66\" \/><\/a><br \/>\n[\/et_pb_text][\/et_pb_column][et_pb_column type=&#8221;1_3&#8243; _builder_version=&#8221;4.16&#8243; custom_padding=&#8221;|||&#8221; global_colors_info=&#8221;{}&#8221; custom_padding__hover=&#8221;|||&#8221;][et_pb_text disabled_on=&#8221;on|on|on&#8221; admin_label=&#8221;Related Documents &#8211; linked PDFs&#8221; _builder_version=&#8221;4.16&#8243; background_size=&#8221;initial&#8221; background_position=&#8221;top_left&#8221; background_repeat=&#8221;repeat&#8221; use_border_color=&#8221;off&#8221; border_color=&#8221;#ffffff&#8221; border_style=&#8221;solid&#8221; disabled=&#8221;on&#8221; global_colors_info=&#8221;{}&#8221;]<\/p>\n<h3>Related Documents<\/h3>\n<ul>\n<li><a href=\"https:\/\/westernlaw.org\/wp-content\/uploads\/2020\/07\/1010.07.13-CWA-Section-401-Complaint.pdf\">Clean Water Act Section 401 Rollback Complaint (7.13.20)<\/a><\/li>\n<li><a href=\"https:\/\/westernlaw.org\/outdoor-recreation-conservation-advocates-challenge-epa-rule-granting-industry-priority-state-public-clean-water-decisions\/\">Clean Water Act Section 401 Filing News Release (7.13.20)<\/a><\/li>\n<li><a href=\"https:\/\/www.epa.gov\/cwa-401\/final-rule-clean-water-act-section-401-certification-rule\">Clean Water Act Section 401 Final Rule<\/a><\/li>\n<\/ul>\n<p>[\/et_pb_text][\/et_pb_column][et_pb_column type=&#8221;1_3&#8243; _builder_version=&#8221;4.16&#8243; custom_padding=&#8221;|||&#8221; global_colors_info=&#8221;{}&#8221; custom_padding__hover=&#8221;|||&#8221;][et_pb_text disabled_on=&#8221;on|on|on&#8221; admin_label=&#8221;Staff &#8211; attorney name linked to tag query&#8221; _builder_version=&#8221;4.16&#8243; background_size=&#8221;initial&#8221; background_position=&#8221;top_left&#8221; background_repeat=&#8221;repeat&#8221; use_border_color=&#8221;off&#8221; border_color=&#8221;#ffffff&#8221; border_style=&#8221;solid&#8221; disabled=&#8221;on&#8221; global_colors_info=&#8221;{}&#8221;]<\/p>\n<h3>Staff<\/h3>\n<p>Andrew Hawley: <a href=\"\/about-us\/staff\/#andrewhawley\">Bio<\/a> | <a href=\"\/tag\/andrew-hawley\">Docket<\/a><\/p>\n<p>Pete Frost: <a href=\"\/about-us\/staff\/#petefrost\">Bio<\/a> | <a href=\"\/tag\/pete-frost\">Docket<\/a><\/p>\n<p>Sangye Ince-Johannsen: <a href=\"https:\/\/westernlaw.org\/about-us\/staff\/#sangyeij\">Bio<\/a> | <a href=\"https:\/\/westernlaw.org\/tag\/sangye-ij\">Docket<\/a><br \/>\n[\/et_pb_text][\/et_pb_column][\/et_pb_row][et_pb_row admin_label=&#8221;Row&#8221; _builder_version=&#8221;4.16&#8243; background_size=&#8221;initial&#8221; background_position=&#8221;top_left&#8221; background_repeat=&#8221;repeat&#8221; global_colors_info=&#8221;{}&#8221;][et_pb_column type=&#8221;4_4&#8243; _builder_version=&#8221;4.16&#8243; custom_padding=&#8221;|||&#8221; global_colors_info=&#8221;{}&#8221; custom_padding__hover=&#8221;|||&#8221;][\/et_pb_column][\/et_pb_row][\/et_pb_section]<\/p>\n","protected":false},"excerpt":{"rendered":"<p>El Western Environmental Law Center se dedica a crear un futuro pr\u00f3spero y resiliente basado en la equidad, la inclusi\u00f3n y la justicia. Para salvaguardar las tierras p\u00fablicas, la vida silvestre y las comunidades del Oeste de los EE. UU. frente a un clima cambiante, debemos luchar contra el racismo y la opresi\u00f3n sist\u00e9micos que han persistido durante generaciones.<\/p>","protected":false},"author":20,"featured_media":0,"parent":14,"menu_order":0,"comment_status":"closed","ping_status":"closed","template":"","meta":{"_et_pb_use_builder":"on","_et_pb_old_content":"","_et_gb_content_width":"","_uag_custom_page_level_css":"","_monsterinsights_skip_tracking":false,"_monsterinsights_sitenote_active":false,"_monsterinsights_sitenote_note":"","_monsterinsights_sitenote_category":0,"footnotes":""},"categories":[255],"tags":[395,396],"class_list":["post-21826","page","type-page","status-publish","hentry","category-regional-resilience-pacific-northwest","tag-equity","tag-inclusion"],"yoast_head":"<!-- This site is optimized with the Yoast SEO plugin v27.3 - https:\/\/yoast.com\/product\/yoast-seo-wordpress\/ -->\n<title>Land Acknowledgement - Western Environmental Law Center<\/title>\n<meta name=\"robots\" content=\"index, follow, max-snippet:-1, max-image-preview:large, max-video-preview:-1\" \/>\n<link rel=\"canonical\" href=\"https:\/\/westernlaw.org\/es\/about-us\/landacknowledgement\/\" \/>\n<meta property=\"og:locale\" content=\"es_MX\" \/>\n<meta property=\"og:type\" content=\"article\" \/>\n<meta property=\"og:title\" content=\"WELC Acknowledges Stolen Lands\" \/>\n<meta property=\"og:description\" content=\"The Western Environmental Law Center is dedicated to creating a thriving, resilient future grounded in equity, inclusion, and justice. To safeguard the public lands, wildlife, and communities of the Western U.S.\" \/>\n<meta property=\"og:url\" content=\"https:\/\/westernlaw.org\/es\/about-us\/landacknowledgement\/\" \/>\n<meta property=\"og:site_name\" content=\"Western Environmental Law Center\" \/>\n<meta property=\"article:publisher\" content=\"https:\/\/www.facebook.com\/westernlaw\/\" \/>\n<meta property=\"article:modified_time\" content=\"2022-10-24T21:53:28+00:00\" \/>\n<meta property=\"og:image\" content=\"https:\/\/westernlaw.org\/wp-content\/uploads\/2021\/07\/WELC-Acknowledges-Stolen-Lands-Facebook.png\" \/>\n<meta name=\"twitter:card\" content=\"summary_large_image\" \/>\n<meta name=\"twitter:site\" content=\"@westernlaw\" \/>\n<meta name=\"twitter:label1\" content=\"Tiempo de lectura\" \/>\n\t<meta name=\"twitter:data1\" content=\"3 minutos\" \/>\n<script type=\"application\/ld+json\" class=\"yoast-schema-graph\">{\"@context\":\"https:\\\/\\\/schema.org\",\"@graph\":[{\"@type\":\"WebPage\",\"@id\":\"https:\\\/\\\/westernlaw.org\\\/about-us\\\/landacknowledgement\\\/\",\"url\":\"https:\\\/\\\/westernlaw.org\\\/about-us\\\/landacknowledgement\\\/\",\"name\":\"Land Acknowledgement - Western Environmental Law Center\",\"isPartOf\":{\"@id\":\"https:\\\/\\\/westernlaw.org\\\/#website\"},\"primaryImageOfPage\":{\"@id\":\"https:\\\/\\\/westernlaw.org\\\/about-us\\\/landacknowledgement\\\/#primaryimage\"},\"image\":{\"@id\":\"https:\\\/\\\/westernlaw.org\\\/about-us\\\/landacknowledgement\\\/#primaryimage\"},\"thumbnailUrl\":\"https:\\\/\\\/westernlaw.org\\\/wp-content\\\/uploads\\\/2015\\\/11\\\/American-Rivers-Logo.png\",\"datePublished\":\"2021-07-13T16:33:22+00:00\",\"dateModified\":\"2022-10-24T21:53:28+00:00\",\"breadcrumb\":{\"@id\":\"https:\\\/\\\/westernlaw.org\\\/about-us\\\/landacknowledgement\\\/#breadcrumb\"},\"inLanguage\":\"es\",\"potentialAction\":[{\"@type\":\"ReadAction\",\"target\":[\"https:\\\/\\\/westernlaw.org\\\/about-us\\\/landacknowledgement\\\/\"]}]},{\"@type\":\"ImageObject\",\"inLanguage\":\"es\",\"@id\":\"https:\\\/\\\/westernlaw.org\\\/about-us\\\/landacknowledgement\\\/#primaryimage\",\"url\":\"https:\\\/\\\/westernlaw.org\\\/wp-content\\\/uploads\\\/2015\\\/11\\\/American-Rivers-Logo.png\",\"contentUrl\":\"https:\\\/\\\/westernlaw.org\\\/wp-content\\\/uploads\\\/2015\\\/11\\\/American-Rivers-Logo.png\"},{\"@type\":\"BreadcrumbList\",\"@id\":\"https:\\\/\\\/westernlaw.org\\\/about-us\\\/landacknowledgement\\\/#breadcrumb\",\"itemListElement\":[{\"@type\":\"ListItem\",\"position\":1,\"name\":\"Home\",\"item\":\"https:\\\/\\\/westernlaw.org\\\/\"},{\"@type\":\"ListItem\",\"position\":2,\"name\":\"About Us\",\"item\":\"https:\\\/\\\/westernlaw.org\\\/about-us\\\/\"},{\"@type\":\"ListItem\",\"position\":3,\"name\":\"Land Acknowledgement\"}]},{\"@type\":\"WebSite\",\"@id\":\"https:\\\/\\\/westernlaw.org\\\/#website\",\"url\":\"https:\\\/\\\/westernlaw.org\\\/\",\"name\":\"Western Environmental Law Center\",\"description\":\"Defending the West\",\"publisher\":{\"@id\":\"https:\\\/\\\/westernlaw.org\\\/#organization\"},\"potentialAction\":[{\"@type\":\"SearchAction\",\"target\":{\"@type\":\"EntryPoint\",\"urlTemplate\":\"https:\\\/\\\/westernlaw.org\\\/?s={search_term_string}\"},\"query-input\":{\"@type\":\"PropertyValueSpecification\",\"valueRequired\":true,\"valueName\":\"search_term_string\"}}],\"inLanguage\":\"es\"},{\"@type\":\"Organization\",\"@id\":\"https:\\\/\\\/westernlaw.org\\\/#organization\",\"name\":\"Western Environmental Law Center\",\"url\":\"https:\\\/\\\/westernlaw.org\\\/\",\"logo\":{\"@type\":\"ImageObject\",\"inLanguage\":\"es\",\"@id\":\"https:\\\/\\\/westernlaw.org\\\/#\\\/schema\\\/logo\\\/image\\\/\",\"url\":\"https:\\\/\\\/westernlaw.org\\\/wp-content\\\/uploads\\\/2017\\\/03\\\/WELC-logo-600-1.png\",\"contentUrl\":\"https:\\\/\\\/westernlaw.org\\\/wp-content\\\/uploads\\\/2017\\\/03\\\/WELC-logo-600-1.png\",\"width\":600,\"height\":600,\"caption\":\"Western Environmental Law Center\"},\"image\":{\"@id\":\"https:\\\/\\\/westernlaw.org\\\/#\\\/schema\\\/logo\\\/image\\\/\"},\"sameAs\":[\"https:\\\/\\\/www.facebook.com\\\/westernlaw\\\/\",\"https:\\\/\\\/x.com\\\/westernlaw\",\"https:\\\/\\\/www.instagram.com\\\/welc_org\\\/\"]}]}<\/script>\n<!-- \/ Yoast SEO plugin. -->","yoast_head_json":{"title":"Reconocimiento de tierras - Centro de Derecho Ambiental Occidental","robots":{"index":"index","follow":"follow","max-snippet":"max-snippet:-1","max-image-preview":"max-image-preview:large","max-video-preview":"max-video-preview:-1"},"canonical":"https:\/\/westernlaw.org\/es\/about-us\/landacknowledgement\/","og_locale":"es_MX","og_type":"article","og_title":"WELC Acknowledges Stolen Lands","og_description":"The Western Environmental Law Center is dedicated to creating a thriving, resilient future grounded in equity, inclusion, and justice. To safeguard the public lands, wildlife, and communities of the Western U.S.","og_url":"https:\/\/westernlaw.org\/es\/about-us\/landacknowledgement\/","og_site_name":"Western Environmental Law Center","article_publisher":"https:\/\/www.facebook.com\/westernlaw\/","article_modified_time":"2022-10-24T21:53:28+00:00","og_image":[{"url":"https:\/\/westernlaw.org\/wp-content\/uploads\/2021\/07\/WELC-Acknowledges-Stolen-Lands-Facebook.png","type":"","width":"","height":""}],"twitter_card":"summary_large_image","twitter_site":"@westernlaw","twitter_misc":{"Tiempo de lectura":"3 minutos"},"schema":{"@context":"https:\/\/schema.org","@graph":[{"@type":"WebPage","@id":"https:\/\/westernlaw.org\/about-us\/landacknowledgement\/","url":"https:\/\/westernlaw.org\/about-us\/landacknowledgement\/","name":"Reconocimiento de tierras - Centro de Derecho Ambiental Occidental","isPartOf":{"@id":"https:\/\/westernlaw.org\/#website"},"primaryImageOfPage":{"@id":"https:\/\/westernlaw.org\/about-us\/landacknowledgement\/#primaryimage"},"image":{"@id":"https:\/\/westernlaw.org\/about-us\/landacknowledgement\/#primaryimage"},"thumbnailUrl":"https:\/\/westernlaw.org\/wp-content\/uploads\/2015\/11\/American-Rivers-Logo.png","datePublished":"2021-07-13T16:33:22+00:00","dateModified":"2022-10-24T21:53:28+00:00","breadcrumb":{"@id":"https:\/\/westernlaw.org\/about-us\/landacknowledgement\/#breadcrumb"},"inLanguage":"es","potentialAction":[{"@type":"ReadAction","target":["https:\/\/westernlaw.org\/about-us\/landacknowledgement\/"]}]},{"@type":"ImageObject","inLanguage":"es","@id":"https:\/\/westernlaw.org\/about-us\/landacknowledgement\/#primaryimage","url":"https:\/\/westernlaw.org\/wp-content\/uploads\/2015\/11\/American-Rivers-Logo.png","contentUrl":"https:\/\/westernlaw.org\/wp-content\/uploads\/2015\/11\/American-Rivers-Logo.png"},{"@type":"BreadcrumbList","@id":"https:\/\/westernlaw.org\/about-us\/landacknowledgement\/#breadcrumb","itemListElement":[{"@type":"ListItem","position":1,"name":"Home","item":"https:\/\/westernlaw.org\/"},{"@type":"ListItem","position":2,"name":"About Us","item":"https:\/\/westernlaw.org\/about-us\/"},{"@type":"ListItem","position":3,"name":"Land Acknowledgement"}]},{"@type":"WebSite","@id":"https:\/\/westernlaw.org\/#website","url":"https:\/\/westernlaw.org\/","name":"Centro de Derecho Ambiental Occidental","description":"Defendemos el Oeste","publisher":{"@id":"https:\/\/westernlaw.org\/#organization"},"potentialAction":[{"@type":"SearchAction","target":{"@type":"EntryPoint","urlTemplate":"https:\/\/westernlaw.org\/?s={search_term_string}"},"query-input":{"@type":"PropertyValueSpecification","valueRequired":true,"valueName":"search_term_string"}}],"inLanguage":"es"},{"@type":"Organization","@id":"https:\/\/westernlaw.org\/#organization","name":"Centro de Derecho Ambiental Occidental","url":"https:\/\/westernlaw.org\/","logo":{"@type":"ImageObject","inLanguage":"es","@id":"https:\/\/westernlaw.org\/#\/schema\/logo\/image\/","url":"https:\/\/westernlaw.org\/wp-content\/uploads\/2017\/03\/WELC-logo-600-1.png","contentUrl":"https:\/\/westernlaw.org\/wp-content\/uploads\/2017\/03\/WELC-logo-600-1.png","width":600,"height":600,"caption":"Western Environmental Law Center"},"image":{"@id":"https:\/\/westernlaw.org\/#\/schema\/logo\/image\/"},"sameAs":["https:\/\/www.facebook.com\/westernlaw\/","https:\/\/x.com\/westernlaw","https:\/\/www.instagram.com\/welc_org\/"]}]}},"uagb_featured_image_src":{"full":false,"thumbnail":false,"medium":false,"medium_large":false,"large":false,"1536x1536":false,"2048x2048":false,"trp-custom-language-flag":false,"bloom_image":false,"et-pb-post-main-image":false,"et-pb-post-main-image-fullwidth":false,"et-pb-portfolio-image":false,"et-pb-portfolio-module-image":false,"et-pb-portfolio-image-single":false,"et-pb-gallery-module-image-portrait":false,"et-pb-post-main-image-fullwidth-large":false,"et-pb-image--responsive--desktop":false,"et-pb-image--responsive--tablet":false,"et-pb-image--responsive--phone":false,"gform-image-choice-sm":false,"gform-image-choice-md":false,"gform-image-choice-lg":false},"uagb_author_info":{"display_name":"Brian Sweeney","author_link":"https:\/\/westernlaw.org\/es\/author\/brian\/"},"uagb_comment_info":0,"uagb_excerpt":"The Western Environmental Law Center is dedicated to creating a thriving, resilient future grounded in equity, inclusion, and justice. To safeguard the public lands, wildlife, and communities of the Western U.S. in the face of a changing climate, we must fight systemic racism and oppression that have persisted for generations.","post_mailing_queue_ids":[],"_links":{"self":[{"href":"https:\/\/westernlaw.org\/es\/wp-json\/wp\/v2\/pages\/21826","targetHints":{"allow":["GET"]}}],"collection":[{"href":"https:\/\/westernlaw.org\/es\/wp-json\/wp\/v2\/pages"}],"about":[{"href":"https:\/\/westernlaw.org\/es\/wp-json\/wp\/v2\/types\/page"}],"author":[{"embeddable":true,"href":"https:\/\/westernlaw.org\/es\/wp-json\/wp\/v2\/users\/20"}],"replies":[{"embeddable":true,"href":"https:\/\/westernlaw.org\/es\/wp-json\/wp\/v2\/comments?post=21826"}],"version-history":[{"count":11,"href":"https:\/\/westernlaw.org\/es\/wp-json\/wp\/v2\/pages\/21826\/revisions"}],"predecessor-version":[{"id":23675,"href":"https:\/\/westernlaw.org\/es\/wp-json\/wp\/v2\/pages\/21826\/revisions\/23675"}],"up":[{"embeddable":true,"href":"https:\/\/westernlaw.org\/es\/wp-json\/wp\/v2\/pages\/14"}],"wp:attachment":[{"href":"https:\/\/westernlaw.org\/es\/wp-json\/wp\/v2\/media?parent=21826"}],"wp:term":[{"taxonomy":"category","embeddable":true,"href":"https:\/\/westernlaw.org\/es\/wp-json\/wp\/v2\/categories?post=21826"},{"taxonomy":"post_tag","embeddable":true,"href":"https:\/\/westernlaw.org\/es\/wp-json\/wp\/v2\/tags?post=21826"}],"curies":[{"name":"gracias","href":"https:\/\/api.w.org\/{rel}","templated":true}]}}