{"id":21791,"date":"2021-06-24T17:29:48","date_gmt":"2021-06-24T17:29:48","guid":{"rendered":"https:\/\/westernlaw.org\/?page_id=21791"},"modified":"2021-06-24T23:12:11","modified_gmt":"2021-06-24T23:12:11","slug":"ourcommitment","status":"publish","type":"page","link":"https:\/\/westernlaw.org\/es\/about-us\/ourcommitment\/","title":{"rendered":"Nuestro compromiso con la equidad, la inclusi\u00f3n y la justicia"},"content":{"rendered":"<p>[et_pb_section bb_built=&#8221;1&#8243; admin_label=&#8221;Section&#8221; fullwidth=&#8221;on&#8221; specialty=&#8221;off&#8221;][et_pb_fullwidth_image admin_label=&#8221;Fullwidth header image&#8221; src=&#8221;https:\/\/westernlaw.org\/wp-content\/uploads\/2021\/06\/OR_iStock_DaveAlan_edit.jpg&#8221; show_in_lightbox=&#8221;off&#8221; url_new_window=&#8221;off&#8221; use_overlay=&#8221;off&#8221; animation=&#8221;off&#8221; use_border_color=&#8221;off&#8221; border_color=&#8221;#ffffff&#8221; border_style=&#8221;solid&#8221; \/][\/et_pb_section][et_pb_section bb_built=&#8221;1&#8243; admin_label=&#8221;Section&#8221; fullwidth=&#8221;off&#8221; specialty=&#8221;off&#8221; transparent_background=&#8221;off&#8221; allow_player_pause=&#8221;off&#8221; inner_shadow=&#8221;off&#8221; parallax=&#8221;off&#8221; parallax_method=&#8221;off&#8221; custom_padding_last_edited=&#8221;on|phone&#8221; make_fullwidth=&#8221;off&#8221; use_custom_width=&#8221;off&#8221; width_unit=&#8221;on&#8221; make_equal=&#8221;off&#8221; use_custom_gutter=&#8221;off&#8221; custom_padding_phone=&#8221;30px||30px|&#8221;][et_pb_row admin_label=&#8221;Row&#8221; make_fullwidth=&#8221;off&#8221; use_custom_width=&#8221;off&#8221; width_unit=&#8221;on&#8221; use_custom_gutter=&#8221;off&#8221; custom_padding=&#8221;0px||0px|&#8221; custom_padding_last_edited=&#8221;on|desktop&#8221; allow_player_pause=&#8221;off&#8221; parallax=&#8221;off&#8221; parallax_method=&#8221;off&#8221; make_equal=&#8221;off&#8221; parallax_1=&#8221;off&#8221; parallax_method_1=&#8221;off&#8221; parallax_2=&#8221;off&#8221; parallax_method_2=&#8221;off&#8221;][et_pb_column type=&#8221;4_4&#8243;][et_pb_text admin_label=&#8221;EIJ Statement&#8221; background_layout=&#8221;light&#8221; text_orientation=&#8221;left&#8221; use_border_color=&#8221;off&#8221; border_color=&#8221;#ffffff&#8221; border_style=&#8221;solid&#8221;]<\/p>\n<h2><strong>Our Commitment to Equity, Inclusion, and Justice<br \/>\n<\/strong><\/h2>\n<p>The Western Environmental Law Center is dedicated to creating a thriving, resilient future grounded in equity, inclusion, and justice. To safeguard the public lands, wildlife, and communities of the Western U.S. in the face of a changing climate, we must fight systemic racism and oppression that have persisted for generations.<\/p>\n<p>Our dedication is grounded in the following three principles:<\/p>\n<p>\u25cf EQUITY demands we understand and address the root causes of environmental injustice. Every human being has a right to live, work, and play in a clean and healthy environment. We advance equity by working with underrepresented and marginalized communities to ensure this right is recognized and respected. We use our legal advocacy to ensure justice and equity in the management of land, air, water, and the built environment and acknowledge the intersection between environmental protection and justice.<\/p>\n<p>\u25cf INCLUSION calls us to engage with and learn from all people to foster safety, belonging, and dignity. In concert with others, we build power for change that strengthens human relationships with the natural world and with each other. And we actively support the right of people to participate in and affect the outcome of decisions that affect their lives and challenge barriers that impede the exercise of that right. We empower inclusive decision-making by providing legal representation to people, communities, and organizations and by defending public access to government agencies, the courts, and the legislative bodies that write our laws.<\/p>\n<p>\u25cf JUSTICE is the goal. We pursue legal and policy outcomes that redress historic discrimination and inequities affecting communities and restore or achieve equity and fairness. It is our responsibility to ensure the law secures the right of all people to seek justice and to thrive in a vibrant and resilient world. We also emphasize that justice cannot be achieved by humanity looking inward, to the exclusion and degradation of the world around us, but by acknowledging the essential importance of our relationships with both the world around us and with each other as the foundation of environmental justice.<\/p>\n<p>As an anti-racist learning organization, we acknowledge we have much work to do, including the work of listening to and learning from and with others. As an organization and as individuals, we welcome that challenge and opportunity.<\/p>\n<p>&nbsp;<\/p>\n<p>[\/et_pb_text][\/et_pb_column][\/et_pb_row][\/et_pb_section][et_pb_section bb_built=&#8221;1&#8243; admin_label=&#8221;Section&#8221; fullwidth=&#8221;off&#8221; specialty=&#8221;off&#8221; transparent_background=&#8221;off&#8221; background_color=&#8221;#f1f3f2&#8243; allow_player_pause=&#8221;off&#8221; inner_shadow=&#8221;off&#8221; parallax=&#8221;off&#8221; parallax_method=&#8221;off&#8221; custom_padding=&#8221;30px||30px|&#8221; custom_padding_last_edited=&#8221;on|tablet&#8221; make_fullwidth=&#8221;off&#8221; use_custom_width=&#8221;off&#8221; width_unit=&#8221;on&#8221; make_equal=&#8221;off&#8221; use_custom_gutter=&#8221;off&#8221; custom_padding_tablet=&#8221;30px||40px|&#8221; disabled_on=&#8221;on|on|on&#8221; disabled=&#8221;on&#8221;][et_pb_row admin_label=&#8221;Row&#8221; make_fullwidth=&#8221;off&#8221; use_custom_width=&#8221;off&#8221; width_unit=&#8221;on&#8221; use_custom_gutter=&#8221;off&#8221; allow_player_pause=&#8221;off&#8221; parallax=&#8221;off&#8221; parallax_method=&#8221;off&#8221; make_equal=&#8221;off&#8221; parallax_1=&#8221;off&#8221; parallax_method_1=&#8221;off&#8221; column_padding_mobile=&#8221;on&#8221; custom_padding=&#8221;0px||0px|&#8221; custom_padding_last_edited=&#8221;on|phone&#8221; parallax_2=&#8221;off&#8221; parallax_method_2=&#8221;off&#8221;][et_pb_column type=&#8221;1_3&#8243;][et_pb_text admin_label=&#8221;Partners &#8211; linked partner logos&#8221; background_layout=&#8221;light&#8221; text_orientation=&#8221;left&#8221; use_border_color=&#8221;off&#8221; border_color=&#8221;#ffffff&#8221; border_style=&#8221;solid&#8221; disabled_on=&#8221;on|on|on&#8221; disabled=&#8221;on&#8221;]<\/p>\n<h3>Partners<\/h3>\n<p><a href=\"https:\/\/www.americanrivers.org\/\" target=\"_blank\" rel=\"noopener noreferrer\"><img loading=\"lazy\" decoding=\"async\" class=\"wp-image-13686 size-full alignnone\" src=\"https:\/\/westernlaw.org\/wp-content\/uploads\/2015\/11\/American-Rivers-Logo.png\" alt=\"American Rivers Logo\" width=\"120\" height=\"28\" \/><\/a><\/p>\n<p><a href=\"https:\/\/www.americanwhitewater.org\/\" target=\"_blank\" rel=\"noopener noreferrer\"><img loading=\"lazy\" decoding=\"async\" class=\"wp-image-13687 size-full alignnone\" src=\"https:\/\/westernlaw.org\/wp-content\/uploads\/2015\/11\/American-Whitewater-Logo.png\" alt=\"American Whitewater Logo\" width=\"120\" height=\"41\" \/><\/a><\/p>\n<p><a href=\"https:\/\/www.idahorivers.org\/\" target=\"_blank\" rel=\"noopener noreferrer\"><img loading=\"lazy\" decoding=\"async\" class=\"wp-image-20716 size-full alignnone\" src=\"https:\/\/westernlaw.org\/wp-content\/uploads\/2020\/07\/Idaho-Rivers-United.png\" alt=\"idaho rivers united\" width=\"120\" height=\"225\" \/><\/a><\/p>\n<p><a href=\"https:\/\/caltrout.org\/\" target=\"_blank\" rel=\"noopener noreferrer\"><img loading=\"lazy\" decoding=\"async\" class=\"alignnone wp-image-20717 size-full\" src=\"https:\/\/westernlaw.org\/wp-content\/uploads\/2020\/07\/California-Trout-Logo.png\" alt=\"California Trout Logo\" width=\"112\" height=\"66\" \/><\/a><\/p>\n<p>[\/et_pb_text][\/et_pb_column][et_pb_column type=&#8221;1_3&#8243;][et_pb_text admin_label=&#8221;Related Documents &#8211; linked PDFs&#8221; background_layout=&#8221;light&#8221; text_orientation=&#8221;left&#8221; use_border_color=&#8221;off&#8221; border_color=&#8221;#ffffff&#8221; border_style=&#8221;solid&#8221; disabled_on=&#8221;on|on|on&#8221; disabled=&#8221;on&#8221;]<\/p>\n<h3>Related Documents<\/h3>\n<ul>\n<li><a href=\"https:\/\/westernlaw.org\/wp-content\/uploads\/2020\/07\/1010.07.13-CWA-Section-401-Complaint.pdf\">Clean Water Act Section 401 Rollback Complaint (7.13.20)<\/a><\/li>\n<li><a href=\"https:\/\/westernlaw.org\/outdoor-recreation-conservation-advocates-challenge-epa-rule-granting-industry-priority-state-public-clean-water-decisions\/\">Clean Water Act Section 401 Filing News Release (7.13.20)<\/a><\/li>\n<li><a href=\"https:\/\/www.epa.gov\/cwa-401\/final-rule-clean-water-act-section-401-certification-rule\">Clean Water Act Section 401 Final Rule<\/a><\/li>\n<\/ul>\n<p>[\/et_pb_text][\/et_pb_column][et_pb_column type=&#8221;1_3&#8243;][et_pb_text admin_label=&#8221;Staff &#8211; attorney name linked to tag query&#8221; background_layout=&#8221;light&#8221; text_orientation=&#8221;left&#8221; use_border_color=&#8221;off&#8221; border_color=&#8221;#ffffff&#8221; border_style=&#8221;solid&#8221; disabled_on=&#8221;on|on|on&#8221; disabled=&#8221;on&#8221;]<\/p>\n<h3>Staff<\/h3>\n<p>Andrew Hawley: <a href=\"\/about-us\/staff\/#andrewhawley\">Bio<\/a> | <a href=\"\/tag\/andrew-hawley\">Docket<\/a><\/p>\n<p>Pete Frost: <a href=\"\/about-us\/staff\/#petefrost\">Bio<\/a> | <a href=\"\/tag\/pete-frost\">Docket<\/a><\/p>\n<p>Sangye Ince-Johannsen: <a href=\"https:\/\/westernlaw.org\/about-us\/staff\/#sangyeij\">Bio<\/a> | <a href=\"https:\/\/westernlaw.org\/tag\/sangye-ij\">Docket<\/a><\/p>\n<p>[\/et_pb_text][\/et_pb_column][\/et_pb_row][et_pb_row admin_label=&#8221;Row&#8221;][et_pb_column type=&#8221;4_4&#8243;][et_pb_text admin_label=&#8221;Photo Credits&#8221; background_layout=&#8221;dark&#8221; text_orientation=&#8221;center&#8221; use_border_color=&#8221;off&#8221; border_color=&#8221;#ffffff&#8221; border_style=&#8221;solid&#8221; header_font_size=&#8221;40px&#8221; header_font_size_last_edited=&#8221;off|phone&#8221; saved_tabs=&#8221;all&#8221; disabled=&#8221;on&#8221; disabled_on=&#8221;on|on|on&#8221;]<\/p>\n<p><span style=\"color: #333333;\"><em>Photo credit: iStock\/alohadave<br \/>\n<\/em><\/span><\/p>\n<p>[\/et_pb_text][\/et_pb_column][\/et_pb_row][\/et_pb_section]<\/p>\n","protected":false},"excerpt":{"rendered":"<p>El Western Environmental Law Center se dedica a crear un futuro pr\u00f3spero y resiliente basado en la equidad, la inclusi\u00f3n y la justicia. Para salvaguardar las tierras p\u00fablicas, la vida silvestre y las comunidades del Oeste de los EE. UU. frente a un clima cambiante, debemos luchar contra el racismo y la opresi\u00f3n sist\u00e9micos que han persistido durante generaciones.<\/p>","protected":false},"author":20,"featured_media":0,"parent":14,"menu_order":0,"comment_status":"closed","ping_status":"closed","template":"","meta":{"_et_pb_use_builder":"on","_et_pb_old_content":"","_et_gb_content_width":"","_monsterinsights_skip_tracking":false,"_monsterinsights_sitenote_active":false,"_monsterinsights_sitenote_note":"","_monsterinsights_sitenote_category":0,"footnotes":""},"categories":[255],"tags":[395,396],"class_list":["post-21791","page","type-page","status-publish","hentry","category-regional-resilience-pacific-northwest","tag-equity","tag-inclusion"],"yoast_head":"<!-- This site is optimized with the Yoast SEO plugin v27.5 - https:\/\/yoast.com\/product\/yoast-seo-wordpress\/ -->\n<title>Our Commitment to Equity, Inclusion, and Justice - Western Environmental Law Center<\/title>\n<meta name=\"robots\" content=\"index, follow, max-snippet:-1, max-image-preview:large, max-video-preview:-1\" \/>\n<link rel=\"canonical\" href=\"https:\/\/westernlaw.org\/es\/about-us\/ourcommitment\/\" \/>\n<meta property=\"og:locale\" content=\"es_MX\" \/>\n<meta property=\"og:type\" content=\"article\" \/>\n<meta property=\"og:title\" content=\"Our Commitment to Equity, Inclusion, and Justice\" \/>\n<meta property=\"og:description\" content=\"The Western Environmental Law Center is dedicated to creating a thriving, resilient future grounded in equity, inclusion, and justice. To safeguard the public lands, wildlife, and communities of the Western U.S.\" \/>\n<meta property=\"og:url\" content=\"https:\/\/westernlaw.org\/es\/about-us\/ourcommitment\/\" \/>\n<meta property=\"og:site_name\" content=\"Western Environmental Law Center\" \/>\n<meta property=\"article:publisher\" content=\"https:\/\/www.facebook.com\/westernlaw\/\" \/>\n<meta property=\"article:modified_time\" content=\"2021-06-24T23:12:11+00:00\" \/>\n<meta property=\"og:image\" content=\"https:\/\/westernlaw.org\/wp-content\/uploads\/2021\/06\/OR_iStock_DaveAlan_edit.jpg\" \/>\n<meta name=\"twitter:card\" content=\"summary_large_image\" \/>\n<meta name=\"twitter:site\" content=\"@westernlaw\" \/>\n<meta name=\"twitter:label1\" content=\"Tiempo de lectura\" \/>\n\t<meta name=\"twitter:data1\" content=\"5 minutos\" \/>\n<script type=\"application\/ld+json\" class=\"yoast-schema-graph\">{\"@context\":\"https:\\\/\\\/schema.org\",\"@graph\":[{\"@type\":\"WebPage\",\"@id\":\"https:\\\/\\\/westernlaw.org\\\/about-us\\\/ourcommitment\\\/\",\"url\":\"https:\\\/\\\/westernlaw.org\\\/about-us\\\/ourcommitment\\\/\",\"name\":\"Our Commitment to Equity, Inclusion, and Justice - Western Environmental Law Center\",\"isPartOf\":{\"@id\":\"https:\\\/\\\/westernlaw.org\\\/#website\"},\"primaryImageOfPage\":{\"@id\":\"https:\\\/\\\/westernlaw.org\\\/about-us\\\/ourcommitment\\\/#primaryimage\"},\"image\":{\"@id\":\"https:\\\/\\\/westernlaw.org\\\/about-us\\\/ourcommitment\\\/#primaryimage\"},\"thumbnailUrl\":\"https:\\\/\\\/westernlaw.org\\\/wp-content\\\/uploads\\\/2015\\\/11\\\/American-Rivers-Logo.png\",\"datePublished\":\"2021-06-24T17:29:48+00:00\",\"dateModified\":\"2021-06-24T23:12:11+00:00\",\"breadcrumb\":{\"@id\":\"https:\\\/\\\/westernlaw.org\\\/about-us\\\/ourcommitment\\\/#breadcrumb\"},\"inLanguage\":\"es\",\"potentialAction\":[{\"@type\":\"ReadAction\",\"target\":[\"https:\\\/\\\/westernlaw.org\\\/about-us\\\/ourcommitment\\\/\"]}]},{\"@type\":\"ImageObject\",\"inLanguage\":\"es\",\"@id\":\"https:\\\/\\\/westernlaw.org\\\/about-us\\\/ourcommitment\\\/#primaryimage\",\"url\":\"https:\\\/\\\/westernlaw.org\\\/wp-content\\\/uploads\\\/2015\\\/11\\\/American-Rivers-Logo.png\",\"contentUrl\":\"https:\\\/\\\/westernlaw.org\\\/wp-content\\\/uploads\\\/2015\\\/11\\\/American-Rivers-Logo.png\"},{\"@type\":\"BreadcrumbList\",\"@id\":\"https:\\\/\\\/westernlaw.org\\\/about-us\\\/ourcommitment\\\/#breadcrumb\",\"itemListElement\":[{\"@type\":\"ListItem\",\"position\":1,\"name\":\"Home\",\"item\":\"https:\\\/\\\/westernlaw.org\\\/\"},{\"@type\":\"ListItem\",\"position\":2,\"name\":\"About Us\",\"item\":\"https:\\\/\\\/westernlaw.org\\\/about-us\\\/\"},{\"@type\":\"ListItem\",\"position\":3,\"name\":\"Our Commitment to Equity, Inclusion, and Justice\"}]},{\"@type\":\"WebSite\",\"@id\":\"https:\\\/\\\/westernlaw.org\\\/#website\",\"url\":\"https:\\\/\\\/westernlaw.org\\\/\",\"name\":\"Western Environmental Law Center\",\"description\":\"Defending the West\",\"publisher\":{\"@id\":\"https:\\\/\\\/westernlaw.org\\\/#organization\"},\"potentialAction\":[{\"@type\":\"SearchAction\",\"target\":{\"@type\":\"EntryPoint\",\"urlTemplate\":\"https:\\\/\\\/westernlaw.org\\\/?s={search_term_string}\"},\"query-input\":{\"@type\":\"PropertyValueSpecification\",\"valueRequired\":true,\"valueName\":\"search_term_string\"}}],\"inLanguage\":\"es\"},{\"@type\":\"Organization\",\"@id\":\"https:\\\/\\\/westernlaw.org\\\/#organization\",\"name\":\"Western Environmental Law Center\",\"url\":\"https:\\\/\\\/westernlaw.org\\\/\",\"logo\":{\"@type\":\"ImageObject\",\"inLanguage\":\"es\",\"@id\":\"https:\\\/\\\/westernlaw.org\\\/#\\\/schema\\\/logo\\\/image\\\/\",\"url\":\"https:\\\/\\\/westernlaw.org\\\/wp-content\\\/uploads\\\/2017\\\/03\\\/WELC-logo-600-1.png\",\"contentUrl\":\"https:\\\/\\\/westernlaw.org\\\/wp-content\\\/uploads\\\/2017\\\/03\\\/WELC-logo-600-1.png\",\"width\":600,\"height\":600,\"caption\":\"Western Environmental Law Center\"},\"image\":{\"@id\":\"https:\\\/\\\/westernlaw.org\\\/#\\\/schema\\\/logo\\\/image\\\/\"},\"sameAs\":[\"https:\\\/\\\/www.facebook.com\\\/westernlaw\\\/\",\"https:\\\/\\\/x.com\\\/westernlaw\",\"https:\\\/\\\/www.instagram.com\\\/welc_org\\\/\"]}]}<\/script>\n<!-- \/ Yoast SEO plugin. -->","yoast_head_json":{"title":"Nuestro compromiso con la equidad, la inclusi\u00f3n y la justicia - Western Environmental Law Center","robots":{"index":"index","follow":"follow","max-snippet":"max-snippet:-1","max-image-preview":"max-image-preview:large","max-video-preview":"max-video-preview:-1"},"canonical":"https:\/\/westernlaw.org\/es\/about-us\/ourcommitment\/","og_locale":"es_MX","og_type":"article","og_title":"Our Commitment to Equity, Inclusion, and Justice","og_description":"The Western Environmental Law Center is dedicated to creating a thriving, resilient future grounded in equity, inclusion, and justice. To safeguard the public lands, wildlife, and communities of the Western U.S.","og_url":"https:\/\/westernlaw.org\/es\/about-us\/ourcommitment\/","og_site_name":"Western Environmental Law Center","article_publisher":"https:\/\/www.facebook.com\/westernlaw\/","article_modified_time":"2021-06-24T23:12:11+00:00","og_image":[{"url":"https:\/\/westernlaw.org\/wp-content\/uploads\/2021\/06\/OR_iStock_DaveAlan_edit.jpg","type":"","width":"","height":""}],"twitter_card":"summary_large_image","twitter_site":"@westernlaw","twitter_misc":{"Tiempo de lectura":"5 minutos"},"schema":{"@context":"https:\/\/schema.org","@graph":[{"@type":"WebPage","@id":"https:\/\/westernlaw.org\/about-us\/ourcommitment\/","url":"https:\/\/westernlaw.org\/about-us\/ourcommitment\/","name":"Nuestro compromiso con la equidad, la inclusi\u00f3n y la justicia - Western Environmental Law Center","isPartOf":{"@id":"https:\/\/westernlaw.org\/#website"},"primaryImageOfPage":{"@id":"https:\/\/westernlaw.org\/about-us\/ourcommitment\/#primaryimage"},"image":{"@id":"https:\/\/westernlaw.org\/about-us\/ourcommitment\/#primaryimage"},"thumbnailUrl":"https:\/\/westernlaw.org\/wp-content\/uploads\/2015\/11\/American-Rivers-Logo.png","datePublished":"2021-06-24T17:29:48+00:00","dateModified":"2021-06-24T23:12:11+00:00","breadcrumb":{"@id":"https:\/\/westernlaw.org\/about-us\/ourcommitment\/#breadcrumb"},"inLanguage":"es","potentialAction":[{"@type":"ReadAction","target":["https:\/\/westernlaw.org\/about-us\/ourcommitment\/"]}]},{"@type":"ImageObject","inLanguage":"es","@id":"https:\/\/westernlaw.org\/about-us\/ourcommitment\/#primaryimage","url":"https:\/\/westernlaw.org\/wp-content\/uploads\/2015\/11\/American-Rivers-Logo.png","contentUrl":"https:\/\/westernlaw.org\/wp-content\/uploads\/2015\/11\/American-Rivers-Logo.png"},{"@type":"BreadcrumbList","@id":"https:\/\/westernlaw.org\/about-us\/ourcommitment\/#breadcrumb","itemListElement":[{"@type":"ListItem","position":1,"name":"Home","item":"https:\/\/westernlaw.org\/"},{"@type":"ListItem","position":2,"name":"About Us","item":"https:\/\/westernlaw.org\/about-us\/"},{"@type":"ListItem","position":3,"name":"Our Commitment to Equity, Inclusion, and Justice"}]},{"@type":"WebSite","@id":"https:\/\/westernlaw.org\/#website","url":"https:\/\/westernlaw.org\/","name":"Centro de Derecho Ambiental Occidental","description":"Defendemos el Oeste","publisher":{"@id":"https:\/\/westernlaw.org\/#organization"},"potentialAction":[{"@type":"SearchAction","target":{"@type":"EntryPoint","urlTemplate":"https:\/\/westernlaw.org\/?s={search_term_string}"},"query-input":{"@type":"PropertyValueSpecification","valueRequired":true,"valueName":"search_term_string"}}],"inLanguage":"es"},{"@type":"Organization","@id":"https:\/\/westernlaw.org\/#organization","name":"Centro de Derecho Ambiental Occidental","url":"https:\/\/westernlaw.org\/","logo":{"@type":"ImageObject","inLanguage":"es","@id":"https:\/\/westernlaw.org\/#\/schema\/logo\/image\/","url":"https:\/\/westernlaw.org\/wp-content\/uploads\/2017\/03\/WELC-logo-600-1.png","contentUrl":"https:\/\/westernlaw.org\/wp-content\/uploads\/2017\/03\/WELC-logo-600-1.png","width":600,"height":600,"caption":"Western Environmental Law Center"},"image":{"@id":"https:\/\/westernlaw.org\/#\/schema\/logo\/image\/"},"sameAs":["https:\/\/www.facebook.com\/westernlaw\/","https:\/\/x.com\/westernlaw","https:\/\/www.instagram.com\/welc_org\/"]}]}},"_links":{"self":[{"href":"https:\/\/westernlaw.org\/es\/wp-json\/wp\/v2\/pages\/21791","targetHints":{"allow":["GET"]}}],"collection":[{"href":"https:\/\/westernlaw.org\/es\/wp-json\/wp\/v2\/pages"}],"about":[{"href":"https:\/\/westernlaw.org\/es\/wp-json\/wp\/v2\/types\/page"}],"author":[{"embeddable":true,"href":"https:\/\/westernlaw.org\/es\/wp-json\/wp\/v2\/users\/20"}],"replies":[{"embeddable":true,"href":"https:\/\/westernlaw.org\/es\/wp-json\/wp\/v2\/comments?post=21791"}],"version-history":[{"count":6,"href":"https:\/\/westernlaw.org\/es\/wp-json\/wp\/v2\/pages\/21791\/revisions"}],"predecessor-version":[{"id":21798,"href":"https:\/\/westernlaw.org\/es\/wp-json\/wp\/v2\/pages\/21791\/revisions\/21798"}],"up":[{"embeddable":true,"href":"https:\/\/westernlaw.org\/es\/wp-json\/wp\/v2\/pages\/14"}],"wp:attachment":[{"href":"https:\/\/westernlaw.org\/es\/wp-json\/wp\/v2\/media?parent=21791"}],"wp:term":[{"taxonomy":"category","embeddable":true,"href":"https:\/\/westernlaw.org\/es\/wp-json\/wp\/v2\/categories?post=21791"},{"taxonomy":"post_tag","embeddable":true,"href":"https:\/\/westernlaw.org\/es\/wp-json\/wp\/v2\/tags?post=21791"}],"curies":[{"name":"gracias","href":"https:\/\/api.w.org\/{rel}","templated":true}]}}