{"id":20928,"date":"2020-08-26T15:33:50","date_gmt":"2020-08-26T15:33:50","guid":{"rendered":"https:\/\/westernlaw.org\/?page_id=20928"},"modified":"2026-02-06T21:17:14","modified_gmt":"2026-02-07T04:17:14","slug":"privacy-policy","status":"publish","type":"page","link":"https:\/\/westernlaw.org\/es\/privacy-policy\/","title":{"rendered":"Pol\u00edtica de privacidad de WELC"},"content":{"rendered":"<p>\u00daltima actualizaci\u00f3n: 06\/02\/26<\/p>\n<p>El Western Environmental Law Center (&quot;nosotros&quot;, &quot;nosotros&quot; o &quot;nuestro&quot;) opera <a href=\"http:\/\/www.westernlaw.org\">www.westernlaw.org<\/a> (el sitio&quot;). Esta p\u00e1gina le informa sobre nuestras pol\u00edticas con respecto a la recopilaci\u00f3n, el uso y la divulgaci\u00f3n de la Informaci\u00f3n personal que recibimos de los usuarios del Sitio.<\/p>\n<p>Usamos su informaci\u00f3n personal solo para proporcionar y mejorar el sitio. Al usar el Sitio, usted acepta la recopilaci\u00f3n y el uso de informaci\u00f3n de acuerdo con esta pol\u00edtica. WELC no vende, alquila ni intercambia las direcciones o la informaci\u00f3n personal de nuestros donantes y usuarios del sitio web, nunca.<\/p>\n<p><strong>Recopilaci\u00f3n y uso de informaci\u00f3n<\/strong><\/p>\n<p>Al usar nuestro Sitio, podr\u00edamos solicitarle informaci\u00f3n personal que nos permita contactarlo o identificarlo. Esta informaci\u00f3n puede incluir, entre otros, su nombre (&quot;Informaci\u00f3n Personal&quot;), datos de registro o cookies. Nunca venderemos, alquilaremos ni intercambiaremos su Informaci\u00f3n Personal.<\/p>\n<p><strong>Dato de registro<\/strong><\/p>\n<p>Al igual que muchos operadores de sitios, recopilamos informaci\u00f3n que su navegador env\u00eda cada vez que visita nuestro Sitio (&quot;Datos de registro&quot;).<\/p>\n<p>Estos datos de registro pueden incluir informaci\u00f3n como la direcci\u00f3n de Protocolo de Internet (\u201cIP\u201d) de su computadora, el tipo de navegador, la versi\u00f3n del navegador, las p\u00e1ginas de nuestro Sitio que visita, la hora y la fecha de su visita, el tiempo dedicado a esas p\u00e1ginas y otras estad\u00edsticas.<\/p>\n<p><strong>Comunicaciones<\/strong><\/p>\n<p>La \u00fanica vez que utilizaremos su informaci\u00f3n personal del Sitio para contactarlo con boletines informativos, materiales de marketing o promocionales es cuando usted elige activamente recibirlos. Puede cancelar su suscripci\u00f3n a los correos electr\u00f3nicos (utilice el enlace para cancelar la suscripci\u00f3n en el correo electr\u00f3nico) o a los materiales enviados por correo postal (env\u00edenos un correo electr\u00f3nico a <a href=\"&#109;&#x61;&#x69;l&#116;&#x6f;:&#105;&#x6e;&#x66;&#111;&#x40;&#x77;e&#115;&#x74;e&#114;&#x6e;&#x6c;&#97;&#x77;&#x2e;o&#114;&#x67;\">info@westernlaw.org<\/a>) en cualquier momento y volver a suscribirse en cualquier momento.<\/p>\n<p><strong>Galletas<\/strong><\/p>\n<p>Las cookies son archivos con peque\u00f1as cantidades de datos, que pueden incluir un identificador \u00fanico an\u00f3nimo. Se env\u00edan a su navegador desde un sitio web y se almacenan en el disco duro de su ordenador.<\/p>\n<p>Al igual que muchos sitios web, utilizamos cookies para recopilar informaci\u00f3n sobre c\u00f3mo los usuarios acceden y utilizan nuestro Sitio. Utilizamos cookies de sitios web de terceros, como Google y Facebook, para mejorar la experiencia del usuario en el Sitio y en las redes sociales. Estas cookies nos permiten mostrarle nuestro material promocional en otros sitios web que visite. Podemos compartir informaci\u00f3n an\u00f3nima sobre su comportamiento en el Sitio con sitios como Google y Facebook para mostrarle contenido y anuncios personalizados. Tambi\u00e9n utilizamos cookies para facilitar el uso de ventanas emergentes en nuestro sitio web y limitar su frecuencia de aparici\u00f3n. Puede desactivar Google Analytics instalando este complemento en su navegador: <a href=\"https:\/\/tools.google.com\/dlpage\/gaoptout\">https:\/\/tools.google.com\/dlpage\/gaoptout<\/a><\/p>\n<p>Alternativamente, puede indicarle a su navegador que rechace todas las cookies o que indique cu\u00e1ndo se env\u00eda una cookie. Sin embargo, si no acepta las cookies, es posible que no pueda utilizar algunas partes de nuestro Sitio.<\/p>\n<p><strong>Seguridad<\/strong><\/p>\n<p>La seguridad de su informaci\u00f3n personal es importante para nosotros, pero recuerde que ning\u00fan m\u00e9todo de transmisi\u00f3n por internet ni de almacenamiento electr\u00f3nico es completamente seguro. Si bien nos esforzamos por utilizar medios comercialmente aceptables para proteger su informaci\u00f3n personal, no podemos garantizar su seguridad absoluta. Mantenemos un certificado de seguridad y todas las donaciones se procesan de forma segura a trav\u00e9s de GoFundMe Pro, Venmo y PayPal. Limitamos estrictamente el acceso de nuestro personal a su correo electr\u00f3nico e informaci\u00f3n de donantes. Solo almacenamos su informaci\u00f3n en <a href=\"https:\/\/www.salesforce.com\/company\/legal\/privacy\/#privacy-statement\" target=\"_blank\" rel=\"noopener\">Fuerza de ventas<\/a> y <a href=\"https:\/\/knowledgebase.constantcontact.com\/articles\/KnowledgeBase\/5632-security-of-my-data-on-constant-contact-servers?lang=en_US\" target=\"_blank\" rel=\"noopener\">Contacto constante<\/a>, que est\u00e1n ambos encriptados <span class=\"TrackChangeTextInsertion TrackedChange SCXW224302616 BCX2\"><span class=\"TextRun SCXW224302616 BCX2\" lang=\"EN-US\" xml:lang=\"EN-US\" data-contrast=\"auto\"><span class=\"NormalTextRun SCXW224302616 BCX2\">y protegido por autenticaci\u00f3n multifactor<\/span><\/span><\/span>.<\/p>\n<p><strong>Cambios a esta pol\u00edtica de privacidad<\/strong><\/p>\n<p>Esta Pol\u00edtica de Privacidad entra en vigencia a partir del 6\/2\/26 y permanecer\u00e1 vigente excepto con respecto a cualquier cambio en sus disposiciones en el futuro, que entrar\u00e1n en vigencia inmediatamente despu\u00e9s de su publicaci\u00f3n en esta p\u00e1gina.<\/p>\n<p>Nos reservamos el derecho de actualizar o modificar nuestra Pol\u00edtica de Privacidad en cualquier momento, por lo que le recomendamos consultarla peri\u00f3dicamente. Su uso continuado del Sitio despu\u00e9s de que publiquemos cualquier modificaci\u00f3n a la Pol\u00edtica de Privacidad en esta p\u00e1gina constituir\u00e1 su aceptaci\u00f3n de las modificaciones y su consentimiento para cumplir y estar sujeto a la Pol\u00edtica de Privacidad modificada.<\/p>\n<p><strong>Contacta con nosotros<\/strong><\/p>\n<p>Si tiene alguna pregunta sobre esta Pol\u00edtica de privacidad, cont\u00e1ctenos en <a href=\"m&#97;&#x69;&#x6c;t&#111;&#x3a;&#x69;n&#102;&#x6f;&#x40;w&#101;&#x73;&#x74;e&#114;&#x6e;&#x6c;a&#119;&#46;&#x6f;&#x72;g\">info@westernlaw.org<\/a>.<\/p>","protected":false},"excerpt":{"rendered":"<p>Last updated: 2\/6\/26 The Western Environmental Law Center (&#8220;us&#8221;, &#8220;we&#8221;, or &#8220;our&#8221;) operates www.westernlaw.org (the &#8220;Site&#8221;). This page informs you of our policies regarding the collection, use and disclosure of Personal Information we receive from users of the Site. We use your Personal Information only for providing and improving the Site. By using the Site, [&hellip;]<\/p>\n","protected":false},"author":20,"featured_media":0,"parent":0,"menu_order":0,"comment_status":"closed","ping_status":"closed","template":"","meta":{"_et_pb_use_builder":"","_et_pb_old_content":"","_et_gb_content_width":"","_uag_custom_page_level_css":"","_monsterinsights_skip_tracking":false,"_monsterinsights_sitenote_active":false,"_monsterinsights_sitenote_note":"","_monsterinsights_sitenote_category":0,"footnotes":""},"categories":[],"tags":[],"class_list":["post-20928","page","type-page","status-publish","hentry"],"yoast_head":"<!-- This site is optimized with the Yoast SEO plugin v27.4 - https:\/\/yoast.com\/product\/yoast-seo-wordpress\/ -->\n<title>WELC Privacy Policy - Western Environmental Law Center<\/title>\n<meta name=\"robots\" content=\"index, follow, max-snippet:-1, max-image-preview:large, max-video-preview:-1\" \/>\n<link rel=\"canonical\" href=\"https:\/\/westernlaw.org\/es\/privacy-policy\/\" \/>\n<meta property=\"og:locale\" content=\"es_MX\" \/>\n<meta property=\"og:type\" content=\"article\" \/>\n<meta property=\"og:title\" content=\"WELC Privacy Policy - Western Environmental Law Center\" \/>\n<meta property=\"og:description\" content=\"Last updated: 2\/6\/26 The Western Environmental Law Center (&#8220;us&#8221;, &#8220;we&#8221;, or &#8220;our&#8221;) operates www.westernlaw.org (the &#8220;Site&#8221;). This page informs you of our policies regarding the collection, use and disclosure of Personal Information we receive from users of the Site. We use your Personal Information only for providing and improving the Site. By using the Site, [&hellip;]\" \/>\n<meta property=\"og:url\" content=\"https:\/\/westernlaw.org\/es\/privacy-policy\/\" \/>\n<meta property=\"og:site_name\" content=\"Western Environmental Law Center\" \/>\n<meta property=\"article:publisher\" content=\"https:\/\/www.facebook.com\/westernlaw\/\" \/>\n<meta property=\"article:modified_time\" content=\"2026-02-07T04:17:14+00:00\" \/>\n<meta property=\"og:image\" content=\"https:\/\/westernlaw.org\/wp-content\/uploads\/2023\/03\/WELC-General-FB-Default.jpg\" \/>\n\t<meta property=\"og:image:width\" content=\"1200\" \/>\n\t<meta property=\"og:image:height\" content=\"628\" \/>\n\t<meta property=\"og:image:type\" content=\"image\/jpeg\" \/>\n<meta name=\"twitter:card\" content=\"summary_large_image\" \/>\n<meta name=\"twitter:site\" content=\"@westernlaw\" \/>\n<meta name=\"twitter:label1\" content=\"Tiempo de lectura\" \/>\n\t<meta name=\"twitter:data1\" content=\"3 minutos\" \/>\n<script type=\"application\/ld+json\" class=\"yoast-schema-graph\">{\"@context\":\"https:\\\/\\\/schema.org\",\"@graph\":[{\"@type\":\"WebPage\",\"@id\":\"https:\\\/\\\/westernlaw.org\\\/privacy-policy\\\/\",\"url\":\"https:\\\/\\\/westernlaw.org\\\/privacy-policy\\\/\",\"name\":\"WELC Privacy Policy - Western Environmental Law Center\",\"isPartOf\":{\"@id\":\"https:\\\/\\\/westernlaw.org\\\/#website\"},\"datePublished\":\"2020-08-26T15:33:50+00:00\",\"dateModified\":\"2026-02-07T04:17:14+00:00\",\"breadcrumb\":{\"@id\":\"https:\\\/\\\/westernlaw.org\\\/privacy-policy\\\/#breadcrumb\"},\"inLanguage\":\"es\",\"potentialAction\":[{\"@type\":\"ReadAction\",\"target\":[\"https:\\\/\\\/westernlaw.org\\\/privacy-policy\\\/\"]}]},{\"@type\":\"BreadcrumbList\",\"@id\":\"https:\\\/\\\/westernlaw.org\\\/privacy-policy\\\/#breadcrumb\",\"itemListElement\":[{\"@type\":\"ListItem\",\"position\":1,\"name\":\"Home\",\"item\":\"https:\\\/\\\/westernlaw.org\\\/\"},{\"@type\":\"ListItem\",\"position\":2,\"name\":\"WELC Privacy Policy\"}]},{\"@type\":\"WebSite\",\"@id\":\"https:\\\/\\\/westernlaw.org\\\/#website\",\"url\":\"https:\\\/\\\/westernlaw.org\\\/\",\"name\":\"Western Environmental Law Center\",\"description\":\"Defending the West\",\"publisher\":{\"@id\":\"https:\\\/\\\/westernlaw.org\\\/#organization\"},\"potentialAction\":[{\"@type\":\"SearchAction\",\"target\":{\"@type\":\"EntryPoint\",\"urlTemplate\":\"https:\\\/\\\/westernlaw.org\\\/?s={search_term_string}\"},\"query-input\":{\"@type\":\"PropertyValueSpecification\",\"valueRequired\":true,\"valueName\":\"search_term_string\"}}],\"inLanguage\":\"es\"},{\"@type\":\"Organization\",\"@id\":\"https:\\\/\\\/westernlaw.org\\\/#organization\",\"name\":\"Western Environmental Law Center\",\"url\":\"https:\\\/\\\/westernlaw.org\\\/\",\"logo\":{\"@type\":\"ImageObject\",\"inLanguage\":\"es\",\"@id\":\"https:\\\/\\\/westernlaw.org\\\/#\\\/schema\\\/logo\\\/image\\\/\",\"url\":\"https:\\\/\\\/westernlaw.org\\\/wp-content\\\/uploads\\\/2017\\\/03\\\/WELC-logo-600-1.png\",\"contentUrl\":\"https:\\\/\\\/westernlaw.org\\\/wp-content\\\/uploads\\\/2017\\\/03\\\/WELC-logo-600-1.png\",\"width\":600,\"height\":600,\"caption\":\"Western Environmental Law Center\"},\"image\":{\"@id\":\"https:\\\/\\\/westernlaw.org\\\/#\\\/schema\\\/logo\\\/image\\\/\"},\"sameAs\":[\"https:\\\/\\\/www.facebook.com\\\/westernlaw\\\/\",\"https:\\\/\\\/x.com\\\/westernlaw\",\"https:\\\/\\\/www.instagram.com\\\/welc_org\\\/\"]}]}<\/script>\n<!-- \/ Yoast SEO plugin. -->","yoast_head_json":{"title":"Pol\u00edtica de privacidad de WELC - Centro de Derecho Ambiental Occidental","robots":{"index":"index","follow":"follow","max-snippet":"max-snippet:-1","max-image-preview":"max-image-preview:large","max-video-preview":"max-video-preview:-1"},"canonical":"https:\/\/westernlaw.org\/es\/privacy-policy\/","og_locale":"es_MX","og_type":"article","og_title":"WELC Privacy Policy - Western Environmental Law Center","og_description":"Last updated: 2\/6\/26 The Western Environmental Law Center (&#8220;us&#8221;, &#8220;we&#8221;, or &#8220;our&#8221;) operates www.westernlaw.org (the &#8220;Site&#8221;). This page informs you of our policies regarding the collection, use and disclosure of Personal Information we receive from users of the Site. We use your Personal Information only for providing and improving the Site. By using the Site, [&hellip;]","og_url":"https:\/\/westernlaw.org\/es\/privacy-policy\/","og_site_name":"Western Environmental Law Center","article_publisher":"https:\/\/www.facebook.com\/westernlaw\/","article_modified_time":"2026-02-07T04:17:14+00:00","og_image":[{"width":1200,"height":628,"url":"https:\/\/westernlaw.org\/wp-content\/uploads\/2023\/03\/WELC-General-FB-Default.jpg","type":"image\/jpeg"}],"twitter_card":"summary_large_image","twitter_site":"@westernlaw","twitter_misc":{"Tiempo de lectura":"3 minutos"},"schema":{"@context":"https:\/\/schema.org","@graph":[{"@type":"WebPage","@id":"https:\/\/westernlaw.org\/privacy-policy\/","url":"https:\/\/westernlaw.org\/privacy-policy\/","name":"Pol\u00edtica de privacidad de WELC - Centro de Derecho Ambiental Occidental","isPartOf":{"@id":"https:\/\/westernlaw.org\/#website"},"datePublished":"2020-08-26T15:33:50+00:00","dateModified":"2026-02-07T04:17:14+00:00","breadcrumb":{"@id":"https:\/\/westernlaw.org\/privacy-policy\/#breadcrumb"},"inLanguage":"es","potentialAction":[{"@type":"ReadAction","target":["https:\/\/westernlaw.org\/privacy-policy\/"]}]},{"@type":"BreadcrumbList","@id":"https:\/\/westernlaw.org\/privacy-policy\/#breadcrumb","itemListElement":[{"@type":"ListItem","position":1,"name":"Home","item":"https:\/\/westernlaw.org\/"},{"@type":"ListItem","position":2,"name":"WELC Privacy Policy"}]},{"@type":"WebSite","@id":"https:\/\/westernlaw.org\/#website","url":"https:\/\/westernlaw.org\/","name":"Centro de Derecho Ambiental Occidental","description":"Defendemos el Oeste","publisher":{"@id":"https:\/\/westernlaw.org\/#organization"},"potentialAction":[{"@type":"SearchAction","target":{"@type":"EntryPoint","urlTemplate":"https:\/\/westernlaw.org\/?s={search_term_string}"},"query-input":{"@type":"PropertyValueSpecification","valueRequired":true,"valueName":"search_term_string"}}],"inLanguage":"es"},{"@type":"Organization","@id":"https:\/\/westernlaw.org\/#organization","name":"Centro de Derecho Ambiental Occidental","url":"https:\/\/westernlaw.org\/","logo":{"@type":"ImageObject","inLanguage":"es","@id":"https:\/\/westernlaw.org\/#\/schema\/logo\/image\/","url":"https:\/\/westernlaw.org\/wp-content\/uploads\/2017\/03\/WELC-logo-600-1.png","contentUrl":"https:\/\/westernlaw.org\/wp-content\/uploads\/2017\/03\/WELC-logo-600-1.png","width":600,"height":600,"caption":"Western Environmental Law Center"},"image":{"@id":"https:\/\/westernlaw.org\/#\/schema\/logo\/image\/"},"sameAs":["https:\/\/www.facebook.com\/westernlaw\/","https:\/\/x.com\/westernlaw","https:\/\/www.instagram.com\/welc_org\/"]}]}},"uagb_featured_image_src":{"full":false,"thumbnail":false,"medium":false,"medium_large":false,"large":false,"1536x1536":false,"2048x2048":false,"trp-custom-language-flag":false,"bloom_image":false,"et-pb-post-main-image":false,"et-pb-post-main-image-fullwidth":false,"et-pb-portfolio-image":false,"et-pb-portfolio-module-image":false,"et-pb-portfolio-image-single":false,"et-pb-gallery-module-image-portrait":false,"et-pb-post-main-image-fullwidth-large":false,"et-pb-image--responsive--desktop":false,"et-pb-image--responsive--tablet":false,"et-pb-image--responsive--phone":false,"gform-image-choice-sm":false,"gform-image-choice-md":false,"gform-image-choice-lg":false},"uagb_author_info":{"display_name":"Brian Sweeney","author_link":"https:\/\/westernlaw.org\/es\/author\/brian\/"},"uagb_comment_info":0,"uagb_excerpt":"Last updated: 2\/6\/26 The Western Environmental Law Center (&#8220;us&#8221;, &#8220;we&#8221;, or &#8220;our&#8221;) operates www.westernlaw.org (the &#8220;Site&#8221;). This page informs you of our policies regarding the collection, use and disclosure of Personal Information we receive from users of the Site. We use your Personal Information only for providing and improving the Site. By using the Site,&hellip;","post_mailing_queue_ids":[],"_links":{"self":[{"href":"https:\/\/westernlaw.org\/es\/wp-json\/wp\/v2\/pages\/20928","targetHints":{"allow":["GET"]}}],"collection":[{"href":"https:\/\/westernlaw.org\/es\/wp-json\/wp\/v2\/pages"}],"about":[{"href":"https:\/\/westernlaw.org\/es\/wp-json\/wp\/v2\/types\/page"}],"author":[{"embeddable":true,"href":"https:\/\/westernlaw.org\/es\/wp-json\/wp\/v2\/users\/20"}],"replies":[{"embeddable":true,"href":"https:\/\/westernlaw.org\/es\/wp-json\/wp\/v2\/comments?post=20928"}],"version-history":[{"count":6,"href":"https:\/\/westernlaw.org\/es\/wp-json\/wp\/v2\/pages\/20928\/revisions"}],"predecessor-version":[{"id":27787,"href":"https:\/\/westernlaw.org\/es\/wp-json\/wp\/v2\/pages\/20928\/revisions\/27787"}],"wp:attachment":[{"href":"https:\/\/westernlaw.org\/es\/wp-json\/wp\/v2\/media?parent=20928"}],"wp:term":[{"taxonomy":"category","embeddable":true,"href":"https:\/\/westernlaw.org\/es\/wp-json\/wp\/v2\/categories?post=20928"},{"taxonomy":"post_tag","embeddable":true,"href":"https:\/\/westernlaw.org\/es\/wp-json\/wp\/v2\/tags?post=20928"}],"curies":[{"name":"gracias","href":"https:\/\/api.w.org\/{rel}","templated":true}]}}