{"id":19619,"date":"2019-06-10T15:47:07","date_gmt":"2019-06-10T15:47:07","guid":{"rendered":"https:\/\/westernlaw.org\/?page_id=19619"},"modified":"2019-06-10T18:22:33","modified_gmt":"2019-06-10T18:22:33","slug":"crazy-mountains-public-access-faqs","status":"publish","type":"page","link":"https:\/\/westernlaw.org\/es\/crazy-mountains-public-access-faqs\/","title":{"rendered":"Preguntas frecuentes sobre acceso p\u00fablico a Crazy Mountains"},"content":{"rendered":"<p><strong>1. \u00bfPor qu\u00e9 nuestra coalici\u00f3n inici\u00f3 acciones legales contra el Servicio Forestal?<\/strong><\/p>\n<p>Nuestra coalici\u00f3n present\u00f3 una demanda contra el Servicio Forestal de EE. UU. por no proteger y defender el acceso p\u00fablico a los senderos p\u00fablicos en Crazy Mountains.<\/p>\n<p>El p\u00fablico tiene acceso p\u00fablico permanente y de larga data en cuatro senderos bien conocidos donde actualmente se est\u00e1n haciendo esfuerzos para obstruir el acceso p\u00fablico de manera ilegal e inadmisible. Estos senderos est\u00e1n mapeados como senderos p\u00fablicos y tradicionalmente han sido utilizados por el p\u00fablico. Durante a\u00f1os, el USFS apoy\u00f3 y mantuvo el derecho del p\u00fablico a acceder a estos senderos, sin embargo, su posici\u00f3n ha cambiado y ya no aborda las obstrucciones ilegales que intentan bloquear el acceso p\u00fablico legal.<\/p>\n<p>En febrero de 2019, enviamos un <a href=\"https:\/\/westernlaw.org\/wp-content\/uploads\/2019\/02\/2019.02.13-Crazy-Mountains-NOI.pdf\">carta<\/a> al USFS solicitando una reuni\u00f3n, que se tomen medidas para abordar la restauraci\u00f3n de nuestro acceso p\u00fablico y de nuestra intenci\u00f3n de demandar si no toman medidas para resolver estos importantes problemas. Rechazaron todas nuestras solicitudes.<\/p>\n<p>Nuestra demanda tiene como objetivo dar visibilidad al hecho de que el USFS ha cambiado su posici\u00f3n en estos juicios, se niega a mantener el derecho del p\u00fablico a acceder a estos senderos y la ausencia de una respuesta formal de nuestros esfuerzos para discutir el tema.<\/p>\n<p><strong>2. \u00bfPor qu\u00e9 la coalici\u00f3n se preocupa por el acceso p\u00fablico en Crazy Mountains?<\/strong><\/p>\n<p>Ubicadas a una hora en autom\u00f3vil al norte de Bozeman, Montana, las Monta\u00f1as Locas abarcan tierras y aguas de primera, proporcionando un h\u00e1bitat para alces, colas blancas y venados bura, cabras montesas y robustas poblaciones de depredadores, as\u00ed como tambi\u00e9n saludables pesquer\u00edas de truchas nativas. Sin embargo, las oportunidades de acceso p\u00fablico han causado fricciones entre los usuarios de terrenos p\u00fablicos y los propietarios de terrenos privados desde que el gobierno federal transfiri\u00f3 las extensiones de &quot;tablero de ajedrez&quot; a los ferrocarriles en el siglo XIX y, en \u00faltima instancia, a la propiedad privada.<\/p>\n<p>El p\u00fablico tiene acceso p\u00fablico permanente y de larga data a Crazy Mountains en el sendero Porcupine Lowline #267, el sendero Elk Creek #195, el sendero East Trunk #115\/136 y el sendero Sweet Grass #122. Estos senderos est\u00e1n mapeados como senderos p\u00fablicos, son bien conocidos y tienen ha sido utilizada tradicional y continuamente por el p\u00fablico. Sin embargo, las personas que conf\u00edan en las oportunidades de acceso en Crazy Mountains se han enfrentado y contin\u00faan enfrent\u00e1ndose a puertas cerradas en estos senderos, &quot;sin acceso al servicio forestal&quot; donde ha existido un acceso hist\u00f3rico, colocado incorrectamente &quot; se\u00f1ales de &quot;prohibido el paso&quot;, &quot;se requiere permiso&quot; para los senderos p\u00fablicos y se\u00f1ales de &quot;no pasar&quot; en los comienzos de los senderos p\u00fablicos y a lo largo de los senderos p\u00fablicos. Adem\u00e1s, se han encontrado con vallas ca\u00eddas, montones de maleza en medio de los senderos p\u00fablicos, lugares donde se han quitado los letreros y marcadores de senderos del Bosque Nacional, y la intimidaci\u00f3n de los propietarios, todo en senderos p\u00fablicos conocidos que han utilizado durante d\u00e9cadas.<\/p>\n<p>Estas acciones han tenido un efecto negativo en los miembros del p\u00fablico y su confianza en el uso de senderos p\u00fablicos en Crazy Mountains. Algunos est\u00e1n preocupados por su seguridad. Otros simplemente no est\u00e1n dispuestos a lidiar con la molestia y la intimidaci\u00f3n de los propietarios o arriesgarse a la confrontaci\u00f3n y las consecuencias (incluida una posible citaci\u00f3n por allanamiento de morada, v\u00e1lida o no) que conlleva trepar una cerca ilegal o cortar una cerradura ilegal en una puerta ilegal en nuestros senderos p\u00fablicos. .<\/p>\n<p><strong>3. \u00bfCu\u00e1l es la obligaci\u00f3n del Servicio Forestal con respecto a mantener el acceso p\u00fablico a las tierras p\u00fablicas, incluidas las de Crazies?<\/strong><\/p>\n<p>Los cuatro senderos se\u00f1alados en nuestra carta son senderos p\u00fablicos, hist\u00f3ricos y bien conocidos que han sido y contin\u00faan siendo debidamente identificados por el USFS como &quot;senderos p\u00fablicos&quot;. Son mantenidos por el USFS y aparecen en todos los planes forestales y mapas de visitantes de Crazy Mountains. Los cuatro senderos tambi\u00e9n se analizan y muestran en el plan de viaje de 2006 m\u00e1s reciente del Servicio y en los mapas relacionados. Como tal, el USFS tiene la obligaci\u00f3n legal de conformidad con la NFMA, las reglamentaciones de implementaci\u00f3n de la NFMA y sus propios planes y pol\u00edticas de viajes y bosques de hacer lo siguiente:<\/p>\n<p style=\"padding-left: 30px;\">(a) proteger y defender el uso y acceso del p\u00fablico a estos senderos p\u00fablicos; y<br \/>\n(b) resolver cualquier disputa relacionada con el acceso a dichos senderos tan pronto como sea posible.<\/p>\n<p>En la actualidad, el Servicio no protege los derechos de acceso existentes en los senderos en disputa, no toma las medidas necesarias para defender dichos derechos y no resuelve dichas disputas de manera oportuna.<\/p>\n<p><strong>4. \u00bfC\u00f3mo fall\u00f3 el Servicio Forestal en cumplir con su mandato?<\/strong><\/p>\n<p>Nuestra demanda se enfoca en las decisiones del USFS y la falla relacionada para proteger, defender y restaurar el acceso p\u00fablico a las tierras p\u00fablicas en Crazy Mountains en cuatro caminos espec\u00edficos:<\/p>\n<ul>\n<li>El sendero Lowline Puercoesp\u00edn (No. 267)<\/li>\n<li>Sendero Elk Creek (No. 195)<\/li>\n<li>El sendero Sweetgrass (No. 122)<\/li>\n<li>Sendero East Trunk (No. 136, anteriormente No. 115)<\/li>\n<\/ul>\n<p>El p\u00fablico tiene derecho a acceder a cada uno de estos senderos. Cuando el Ferrocarril del Pac\u00edfico Norte traspas\u00f3 sus secciones de la tierra del tablero de ajedrez a partes privadas, tanto en el lado oeste como en el lado este de los Crazies, se reserv\u00f3 expresamente una servidumbre para &quot;uso p\u00fablico&quot; de estas cuatro rutas existentes a trav\u00e9s de la propiedad en algunos de los secciones.<\/p>\n<p>Adem\u00e1s, cada uno de estos cuatro senderos fue construido, mantenido y mapeado por el USFS mucho antes de que ocurriera la propiedad privada de tierras en la regi\u00f3n. Estos cuatro senderos han sido mantenidos y utilizados continuamente por empleados y guardabosques del USFS con fines administrativos (venta de madera, pastoreo, acceso p\u00fablico) y miembros del p\u00fablico para acceder a las tierras del Bosque Nacional en los Crazies para la caza, el senderismo y otras actividades recreativas. Este mantenimiento y uso est\u00e1n bien documentados por el USFS.<\/p>\n<p>Durante el proceso de planificaci\u00f3n forestal de 1987 y, m\u00e1s recientemente, tras la emisi\u00f3n del plan de viaje de 2006 para Crazy Mountains, estos cuatro senderos fueron analizados, mapeados e incluidos en el plan de viaje de 2006 como senderos (y caminos) p\u00fablicos abiertos al acceso p\u00fablico. .<\/p>\n<p><strong>5. \u00bfPor qu\u00e9 la coalici\u00f3n est\u00e1 iniciando acciones legales ahora?<\/strong><\/p>\n<p>El Servicio Forestal es consciente de que los cuatro senderos en cuesti\u00f3n son p\u00fablicos y es probable que tengan una servidumbre registrada para tales senderos (de las escrituras del ferrocarril) y, como m\u00ednimo, &quot;retiene una servidumbre prescriptiva&quot; en cada uno de los senderos. El USFS tambi\u00e9n es consciente de que estos cuatro senderos est\u00e1n siendo obstruidos o bloqueados &quot;ilegalmente&quot; en varios puntos de acceso.<\/p>\n<p>Estamos con nuestros hermanos y hermanas en el USFS, muchos de los cuales trabajan incansablemente para proteger nuestras tierras p\u00fablicas nacionales y el acceso p\u00fablico, incluso a lo largo de estos senderos. Sin embargo, el USFS parece haber cambiado su posici\u00f3n en estos senderos. No est\u00e1 tomando medidas significativas para abordar estos intentos de obstrucciones ilegales a pesar de que reconoce que es un problema que est\u00e1 empeorando y se est\u00e1 volviendo \u201ccada vez m\u00e1s com\u00fan\u201d en el Bosque Nacional Custer Gallatin y la Regi\u00f3n Norte.<br \/>\nEn febrero de 2019, enviamos una carta al USFS solicitando una reuni\u00f3n, que se tomen medidas para abordar la restauraci\u00f3n de nuestro acceso p\u00fablico y nuestra intenci\u00f3n de demandar si no toman medidas para resolver estos importantes problemas. Rechazaron todas nuestras solicitudes.<\/p>\n<p>Nuestra demanda pretende dar visibilidad al hecho de que el Servicio ha cambiado su posici\u00f3n en estos juicios, se niega a mantener el derecho del p\u00fablico a acceder a estos senderos y la ausencia de una respuesta formal de nuestros esfuerzos para discutir el tema.<\/p>\n<p><strong>6. \u00bfCu\u00e1l es el objeto del litigio?\u00a0 <\/strong><\/p>\n<p>Nuestro desaf\u00edo es la decisi\u00f3n del USFS de renunciar a las pr\u00e1cticas est\u00e1ndar y requeridas (NEPA, por ejemplo) en el lado oeste de Crazies para construir un desv\u00edo de ruta, esencialmente recompensando a un propietario por intentos ilegales de bloquear un camino p\u00fablico. Adem\u00e1s, cuestionamos el incumplimiento del USFS con la NFMA, las reglamentaciones de implementaci\u00f3n de la NFMA, el plan forestal, el plan de viaje de 2006 y las propias directivas y pol\u00edticas del USFS, las cuales les imponen el deber de proteger y defender el acceso p\u00fablico a nuestras tierras p\u00fablicas en las Monta\u00f1as Locas.<\/p>\n<p>Antes de renunciar a los derechos de acceso del p\u00fablico en el lado oeste y construir nuevos senderos en un h\u00e1bitat importante para la caza mayor, el USFS debe considerar los aportes del p\u00fablico, considerar los efectos directos, indirectos y acumulativos de su decisi\u00f3n, y evaluar cuidadosamente todas las alternativas razonables a la acci\u00f3n. . Esto no ha ocurrido, y solicitaremos dicha revisi\u00f3n de la corte. Tambi\u00e9n le pediremos al tribunal una orden que establezca lo siguiente:<\/p>\n<p style=\"padding-left: 30px;\">(a) afirmar y declarar cada uno de los cuatro senderos como un sendero de servicio p\u00fablico; y<\/p>\n<p style=\"padding-left: 30px;\">(b) ordenar al Servicio que tome todas las medidas razonables y necesarias para garantizar que cada sendero permanezca abierto y disponible para uso p\u00fablico.<\/p>\n<p><strong>7. \u00bfLa coalici\u00f3n est\u00e1 trabajando con el Servicio Forestal para resolver el problema?<\/strong><\/p>\n<p>Nuestra carta al Servicio Forestal representa un intento de trabajar con el Servicio en este tema. La coalici\u00f3n ha intentado participar en su proceso con respecto a los senderos del lado oeste hasta que finaliz\u00f3 ese proceso. Nuestra carta invita al USFS a reunirse y discutir, y con suerte resolver, estos problemas con el liderazgo y el personal regional. Estos senderos han estado bloqueados indebidamente durante m\u00e1s de dos a\u00f1os, y el grupo de trabajo privado a puertas cerradas no ha resultado en la reapertura de ning\u00fan sendero legal. Las disputas de acceso en los Crazies se remontan al menos a 50 a\u00f1os y el statu quo no es aceptable.<\/p>\n<p><strong>8. \u00bfPor qu\u00e9 la coalici\u00f3n no est\u00e1 trabajando con propietarios privados para resolver el problema?<\/strong><\/p>\n<p>La coalici\u00f3n respeta los derechos de propiedad, tanto p\u00fablicos como privados. Creemos que el Servicio Forestal tiene el deber de trabajar con los propietarios de tierras p\u00fablicas y privadas para garantizar que el p\u00fablico tenga acceso legal a las tierras p\u00fablicas, especialmente en los casos en que las servidumbres atraviesan tierras privadas.<\/p>\n<p>El Servicio ha dejado en claro en sus planes y documentos de viaje hist\u00f3ricos que estas servidumbres existen y que los senderos son p\u00fablicos, y esperamos que el Servicio haga su trabajo para mantener estos senderos abiertos.<br \/>\nPor \u00faltimo, nos informaron de reuniones privadas a puertas cerradas entre propietarios (algunos de los cuales est\u00e1n bloqueando senderos), el USFS y otras partes interesadas, incluida la Asociaci\u00f3n de Productores de Ganado y la Oficina Agr\u00edcola. Representantes de la coalici\u00f3n pidieron participar en estas reuniones.<\/p>\n<p>Nuestro deseo era asegurar que los deportistas en terrenos p\u00fablicos estuvieran representados en las negociaciones para resolver los problemas de acceso. Nuestra solicitud fue simple: restaurar nuestro acceso p\u00fablico legal ahora y trabajaremos con cualquiera para reubicar los senderos que interfieren con el sustento del propietario. Nuestras solicitudes para participar en las reuniones fueron denegadas durante casi dos a\u00f1os.<\/p>\n<p><strong>9. \u00bfAgot\u00f3 la coalici\u00f3n los recursos administrativos antes de emprender acciones legales?<\/strong><\/p>\n<p>S\u00ed. La coalici\u00f3n intent\u00f3 participar en todos los procesos p\u00fablicos relacionados con los Crazies que se han puesto a disposici\u00f3n de la organizaci\u00f3n.<\/p>\n<p><strong>10. \u00bfC\u00f3mo preferir\u00eda la coalici\u00f3n que se administrara el acceso p\u00fablico en Crazy Mountains?<\/strong><\/p>\n<p>Nada le gustar\u00eda m\u00e1s a la coalici\u00f3n que el USFS volviera a su pr\u00e1ctica de hacer cumplir el derecho del p\u00fablico a acceder legalmente a las tierras p\u00fablicas. Esto incluye adherirse a sus propios procedimientos y la ley, hasta e incluyendo la presentaci\u00f3n de declaraciones de inter\u00e9s, especialmente en los casos en los que el USFS tiene un historial claro e inequ\u00edvoco de identificar senderos como p\u00fablicos que posteriormente han sido bloqueados ilegalmente por ciudadanos particulares.<\/p>\n<p>No queremos invadir ni amenazar los derechos de propiedad privada de nadie. Solo pedimos que se mantenga el derecho del p\u00fablico a acceder a los juicios legales. Entrar\u00edamos de buena fe en cualquier negociaci\u00f3n para avanzar en los caminos legales para evitar las operaciones y los medios de vida de los propietarios de tierras privadas, pero solo mientras se mantengan y preserven nuestros derechos legales de acceso.<\/p>","protected":false},"excerpt":{"rendered":"<p>1. Why did our coalition initiate legal action against the Forest Service? Our coalition filed a lawsuit against the U.S. Forest Service for its failure to protect and defend public access on public trails in the Crazy Mountains. The public has longstanding and permanent public access on four well-known trails where efforts are currently being [&hellip;]<\/p>\n","protected":false},"author":20,"featured_media":0,"parent":0,"menu_order":0,"comment_status":"closed","ping_status":"closed","template":"","meta":{"_et_pb_use_builder":"","_et_pb_old_content":"","_et_gb_content_width":"","_uag_custom_page_level_css":"","_monsterinsights_skip_tracking":false,"_monsterinsights_sitenote_active":false,"_monsterinsights_sitenote_note":"","_monsterinsights_sitenote_category":0,"footnotes":""},"categories":[],"tags":[],"class_list":["post-19619","page","type-page","status-publish","hentry"],"yoast_head":"<!-- This site is optimized with the Yoast SEO plugin v27.4 - https:\/\/yoast.com\/product\/yoast-seo-wordpress\/ -->\n<title>Crazy Mountains Public Access FAQs - Western Environmental Law Center<\/title>\n<meta name=\"robots\" content=\"index, follow, max-snippet:-1, max-image-preview:large, max-video-preview:-1\" \/>\n<link rel=\"canonical\" href=\"https:\/\/westernlaw.org\/es\/crazy-mountains-public-access-faqs\/\" \/>\n<meta property=\"og:locale\" content=\"es_MX\" \/>\n<meta property=\"og:type\" content=\"article\" \/>\n<meta property=\"og:title\" content=\"Crazy Mountains Public Access FAQs - Western Environmental Law Center\" \/>\n<meta property=\"og:description\" content=\"1. Why did our coalition initiate legal action against the Forest Service? Our coalition filed a lawsuit against the U.S. Forest Service for its failure to protect and defend public access on public trails in the Crazy Mountains. The public has longstanding and permanent public access on four well-known trails where efforts are currently being [&hellip;]\" \/>\n<meta property=\"og:url\" content=\"https:\/\/westernlaw.org\/es\/crazy-mountains-public-access-faqs\/\" \/>\n<meta property=\"og:site_name\" content=\"Western Environmental Law Center\" \/>\n<meta property=\"article:publisher\" content=\"https:\/\/www.facebook.com\/westernlaw\/\" \/>\n<meta property=\"article:modified_time\" content=\"2019-06-10T18:22:33+00:00\" \/>\n<meta property=\"og:image\" content=\"https:\/\/westernlaw.org\/wp-content\/uploads\/2023\/03\/WELC-General-FB-Default.jpg\" \/>\n\t<meta property=\"og:image:width\" content=\"1200\" \/>\n\t<meta property=\"og:image:height\" content=\"628\" \/>\n\t<meta property=\"og:image:type\" content=\"image\/jpeg\" \/>\n<meta name=\"twitter:card\" content=\"summary_large_image\" \/>\n<meta name=\"twitter:site\" content=\"@westernlaw\" \/>\n<meta name=\"twitter:label1\" content=\"Tiempo de lectura\" \/>\n\t<meta name=\"twitter:data1\" content=\"9 minutos\" \/>\n<script type=\"application\/ld+json\" class=\"yoast-schema-graph\">{\"@context\":\"https:\\\/\\\/schema.org\",\"@graph\":[{\"@type\":\"WebPage\",\"@id\":\"https:\\\/\\\/westernlaw.org\\\/crazy-mountains-public-access-faqs\\\/\",\"url\":\"https:\\\/\\\/westernlaw.org\\\/crazy-mountains-public-access-faqs\\\/\",\"name\":\"Crazy Mountains Public Access FAQs - Western Environmental Law Center\",\"isPartOf\":{\"@id\":\"https:\\\/\\\/westernlaw.org\\\/#website\"},\"datePublished\":\"2019-06-10T15:47:07+00:00\",\"dateModified\":\"2019-06-10T18:22:33+00:00\",\"breadcrumb\":{\"@id\":\"https:\\\/\\\/westernlaw.org\\\/crazy-mountains-public-access-faqs\\\/#breadcrumb\"},\"inLanguage\":\"es\",\"potentialAction\":[{\"@type\":\"ReadAction\",\"target\":[\"https:\\\/\\\/westernlaw.org\\\/crazy-mountains-public-access-faqs\\\/\"]}]},{\"@type\":\"BreadcrumbList\",\"@id\":\"https:\\\/\\\/westernlaw.org\\\/crazy-mountains-public-access-faqs\\\/#breadcrumb\",\"itemListElement\":[{\"@type\":\"ListItem\",\"position\":1,\"name\":\"Home\",\"item\":\"https:\\\/\\\/westernlaw.org\\\/\"},{\"@type\":\"ListItem\",\"position\":2,\"name\":\"Crazy Mountains Public Access FAQs\"}]},{\"@type\":\"WebSite\",\"@id\":\"https:\\\/\\\/westernlaw.org\\\/#website\",\"url\":\"https:\\\/\\\/westernlaw.org\\\/\",\"name\":\"Western Environmental Law Center\",\"description\":\"Defending the West\",\"publisher\":{\"@id\":\"https:\\\/\\\/westernlaw.org\\\/#organization\"},\"potentialAction\":[{\"@type\":\"SearchAction\",\"target\":{\"@type\":\"EntryPoint\",\"urlTemplate\":\"https:\\\/\\\/westernlaw.org\\\/?s={search_term_string}\"},\"query-input\":{\"@type\":\"PropertyValueSpecification\",\"valueRequired\":true,\"valueName\":\"search_term_string\"}}],\"inLanguage\":\"es\"},{\"@type\":\"Organization\",\"@id\":\"https:\\\/\\\/westernlaw.org\\\/#organization\",\"name\":\"Western Environmental Law Center\",\"url\":\"https:\\\/\\\/westernlaw.org\\\/\",\"logo\":{\"@type\":\"ImageObject\",\"inLanguage\":\"es\",\"@id\":\"https:\\\/\\\/westernlaw.org\\\/#\\\/schema\\\/logo\\\/image\\\/\",\"url\":\"https:\\\/\\\/westernlaw.org\\\/wp-content\\\/uploads\\\/2017\\\/03\\\/WELC-logo-600-1.png\",\"contentUrl\":\"https:\\\/\\\/westernlaw.org\\\/wp-content\\\/uploads\\\/2017\\\/03\\\/WELC-logo-600-1.png\",\"width\":600,\"height\":600,\"caption\":\"Western Environmental Law Center\"},\"image\":{\"@id\":\"https:\\\/\\\/westernlaw.org\\\/#\\\/schema\\\/logo\\\/image\\\/\"},\"sameAs\":[\"https:\\\/\\\/www.facebook.com\\\/westernlaw\\\/\",\"https:\\\/\\\/x.com\\\/westernlaw\",\"https:\\\/\\\/www.instagram.com\\\/welc_org\\\/\"]}]}<\/script>\n<!-- \/ Yoast SEO plugin. -->","yoast_head_json":{"title":"Preguntas frecuentes sobre el acceso p\u00fablico a Crazy Mountains - Centro de Derecho Ambiental Occidental","robots":{"index":"index","follow":"follow","max-snippet":"max-snippet:-1","max-image-preview":"max-image-preview:large","max-video-preview":"max-video-preview:-1"},"canonical":"https:\/\/westernlaw.org\/es\/crazy-mountains-public-access-faqs\/","og_locale":"es_MX","og_type":"article","og_title":"Crazy Mountains Public Access FAQs - Western Environmental Law Center","og_description":"1. Why did our coalition initiate legal action against the Forest Service? Our coalition filed a lawsuit against the U.S. Forest Service for its failure to protect and defend public access on public trails in the Crazy Mountains. The public has longstanding and permanent public access on four well-known trails where efforts are currently being [&hellip;]","og_url":"https:\/\/westernlaw.org\/es\/crazy-mountains-public-access-faqs\/","og_site_name":"Western Environmental Law Center","article_publisher":"https:\/\/www.facebook.com\/westernlaw\/","article_modified_time":"2019-06-10T18:22:33+00:00","og_image":[{"width":1200,"height":628,"url":"https:\/\/westernlaw.org\/wp-content\/uploads\/2023\/03\/WELC-General-FB-Default.jpg","type":"image\/jpeg"}],"twitter_card":"summary_large_image","twitter_site":"@westernlaw","twitter_misc":{"Tiempo de lectura":"9 minutos"},"schema":{"@context":"https:\/\/schema.org","@graph":[{"@type":"WebPage","@id":"https:\/\/westernlaw.org\/crazy-mountains-public-access-faqs\/","url":"https:\/\/westernlaw.org\/crazy-mountains-public-access-faqs\/","name":"Preguntas frecuentes sobre el acceso p\u00fablico a Crazy Mountains - Centro de Derecho Ambiental Occidental","isPartOf":{"@id":"https:\/\/westernlaw.org\/#website"},"datePublished":"2019-06-10T15:47:07+00:00","dateModified":"2019-06-10T18:22:33+00:00","breadcrumb":{"@id":"https:\/\/westernlaw.org\/crazy-mountains-public-access-faqs\/#breadcrumb"},"inLanguage":"es","potentialAction":[{"@type":"ReadAction","target":["https:\/\/westernlaw.org\/crazy-mountains-public-access-faqs\/"]}]},{"@type":"BreadcrumbList","@id":"https:\/\/westernlaw.org\/crazy-mountains-public-access-faqs\/#breadcrumb","itemListElement":[{"@type":"ListItem","position":1,"name":"Home","item":"https:\/\/westernlaw.org\/"},{"@type":"ListItem","position":2,"name":"Crazy Mountains Public Access FAQs"}]},{"@type":"WebSite","@id":"https:\/\/westernlaw.org\/#website","url":"https:\/\/westernlaw.org\/","name":"Centro de Derecho Ambiental Occidental","description":"Defendemos el Oeste","publisher":{"@id":"https:\/\/westernlaw.org\/#organization"},"potentialAction":[{"@type":"SearchAction","target":{"@type":"EntryPoint","urlTemplate":"https:\/\/westernlaw.org\/?s={search_term_string}"},"query-input":{"@type":"PropertyValueSpecification","valueRequired":true,"valueName":"search_term_string"}}],"inLanguage":"es"},{"@type":"Organization","@id":"https:\/\/westernlaw.org\/#organization","name":"Centro de Derecho Ambiental Occidental","url":"https:\/\/westernlaw.org\/","logo":{"@type":"ImageObject","inLanguage":"es","@id":"https:\/\/westernlaw.org\/#\/schema\/logo\/image\/","url":"https:\/\/westernlaw.org\/wp-content\/uploads\/2017\/03\/WELC-logo-600-1.png","contentUrl":"https:\/\/westernlaw.org\/wp-content\/uploads\/2017\/03\/WELC-logo-600-1.png","width":600,"height":600,"caption":"Western Environmental Law Center"},"image":{"@id":"https:\/\/westernlaw.org\/#\/schema\/logo\/image\/"},"sameAs":["https:\/\/www.facebook.com\/westernlaw\/","https:\/\/x.com\/westernlaw","https:\/\/www.instagram.com\/welc_org\/"]}]}},"uagb_featured_image_src":{"full":false,"thumbnail":false,"medium":false,"medium_large":false,"large":false,"1536x1536":false,"2048x2048":false,"trp-custom-language-flag":false,"bloom_image":false,"et-pb-post-main-image":false,"et-pb-post-main-image-fullwidth":false,"et-pb-portfolio-image":false,"et-pb-portfolio-module-image":false,"et-pb-portfolio-image-single":false,"et-pb-gallery-module-image-portrait":false,"et-pb-post-main-image-fullwidth-large":false,"et-pb-image--responsive--desktop":false,"et-pb-image--responsive--tablet":false,"et-pb-image--responsive--phone":false,"gform-image-choice-sm":false,"gform-image-choice-md":false,"gform-image-choice-lg":false},"uagb_author_info":{"display_name":"Brian Sweeney","author_link":"https:\/\/westernlaw.org\/es\/author\/brian\/"},"uagb_comment_info":0,"uagb_excerpt":"1. Why did our coalition initiate legal action against the Forest Service? Our coalition filed a lawsuit against the U.S. Forest Service for its failure to protect and defend public access on public trails in the Crazy Mountains. The public has longstanding and permanent public access on four well-known trails where efforts are currently being&hellip;","post_mailing_queue_ids":[],"_links":{"self":[{"href":"https:\/\/westernlaw.org\/es\/wp-json\/wp\/v2\/pages\/19619","targetHints":{"allow":["GET"]}}],"collection":[{"href":"https:\/\/westernlaw.org\/es\/wp-json\/wp\/v2\/pages"}],"about":[{"href":"https:\/\/westernlaw.org\/es\/wp-json\/wp\/v2\/types\/page"}],"author":[{"embeddable":true,"href":"https:\/\/westernlaw.org\/es\/wp-json\/wp\/v2\/users\/20"}],"replies":[{"embeddable":true,"href":"https:\/\/westernlaw.org\/es\/wp-json\/wp\/v2\/comments?post=19619"}],"version-history":[{"count":2,"href":"https:\/\/westernlaw.org\/es\/wp-json\/wp\/v2\/pages\/19619\/revisions"}],"predecessor-version":[{"id":19624,"href":"https:\/\/westernlaw.org\/es\/wp-json\/wp\/v2\/pages\/19619\/revisions\/19624"}],"wp:attachment":[{"href":"https:\/\/westernlaw.org\/es\/wp-json\/wp\/v2\/media?parent=19619"}],"wp:term":[{"taxonomy":"category","embeddable":true,"href":"https:\/\/westernlaw.org\/es\/wp-json\/wp\/v2\/categories?post=19619"},{"taxonomy":"post_tag","embeddable":true,"href":"https:\/\/westernlaw.org\/es\/wp-json\/wp\/v2\/tags?post=19619"}],"curies":[{"name":"gracias","href":"https:\/\/api.w.org\/{rel}","templated":true}]}}