{"id":18530,"date":"2018-01-30T20:48:29","date_gmt":"2018-01-30T20:48:29","guid":{"rendered":"https:\/\/westernlaw.org\/?page_id=18530"},"modified":"2025-11-24T13:16:29","modified_gmt":"2025-11-24T20:16:29","slug":"welc-partners","status":"publish","type":"page","link":"https:\/\/westernlaw.org\/es\/welc-partners\/","title":{"rendered":"Socios WELC"},"content":{"rendered":"<p>[et_pb_section fb_built=&#8221;1&#8243; admin_label=&#8221;section&#8221; _builder_version=&#8221;4.16&#8243; global_colors_info=&#8221;{}&#8221;][et_pb_row admin_label=&#8221;row&#8221; _builder_version=&#8221;4.16&#8243; background_size=&#8221;initial&#8221; background_position=&#8221;top_left&#8221; background_repeat=&#8221;repeat&#8221; make_fullwidth=&#8221;off&#8221; use_custom_width=&#8221;off&#8221; width_unit=&#8221;on&#8221; global_colors_info=&#8221;{}&#8221;][et_pb_column type=&#8221;4_4&#8243; _builder_version=&#8221;4.16&#8243; custom_padding=&#8221;|||&#8221; global_colors_info=&#8221;{}&#8221; custom_padding__hover=&#8221;|||&#8221;][et_pb_text admin_label=&#8221;Text&#8221; _builder_version=&#8221;4.27.4&#8243; background_size=&#8221;initial&#8221; background_position=&#8221;top_left&#8221; background_repeat=&#8221;repeat&#8221; hover_enabled=&#8221;0&#8243; global_colors_info=&#8221;{}&#8221; sticky_enabled=&#8221;0&#8243;]<\/p>\n<h2>WELC&#8217;s Clients and Partners<\/h2>\n<h6>We worked with more than 165 organizations and individuals this year. Together, we tackle the West\u2019s most pressing environmental issues.<\/h6>\n<h6>This list is based on active cases between 9\/1\/24-9\/1\/25.<\/h6>\n<p>[\/et_pb_text][\/et_pb_column][\/et_pb_row][et_pb_row column_structure=&#8221;1_3,1_3,1_3&#8243; admin_label=&#8221;Row&#8221; _builder_version=&#8221;4.16&#8243; background_size=&#8221;initial&#8221; background_position=&#8221;top_left&#8221; background_repeat=&#8221;repeat&#8221; global_colors_info=&#8221;{}&#8221;][et_pb_column type=&#8221;1_3&#8243; _builder_version=&#8221;4.16&#8243; custom_padding=&#8221;|||&#8221; global_colors_info=&#8221;{}&#8221; custom_padding__hover=&#8221;|||&#8221;][et_pb_text admin_label=&#8221;Text&#8221; _builder_version=&#8221;4.27.4&#8243; background_size=&#8221;initial&#8221; background_position=&#8221;top_left&#8221; background_repeat=&#8221;repeat&#8221; hover_enabled=&#8221;0&#8243; use_border_color=&#8221;off&#8221; border_color=&#8221;#ffffff&#8221; border_style=&#8221;solid&#8221; global_colors_info=&#8221;{}&#8221; sticky_enabled=&#8221;0&#8243;]<\/p>\n<p>Alliance for the Wild Rockies<br \/>American Rivers<br \/>American Whitewater<br \/>Amigos Bravos<br \/>Appalachian Mountain Club<br \/>Archaeology Southwest<br \/>Arizona Zoological Society<br \/>Association of Zoos and Aquariums<br \/>Badlands Conservation Alliance<br \/>Bird Alliance of Oregon<br \/>Bitterrooters for Planning<br \/>Bridger Bowl Ski Area<br \/>California Trout<br \/>Californians for Western Wilderness<br \/>Cascadia Wildlands<br \/>Center for Biological Diversity<br \/>Center for Civic Policy<br \/>Center for Environmental Law and Policy<br \/>Center for Food Safety<br \/>Central Oregon LandWatch<br \/>Chaco Alliance<br \/>Chama Peak Land Alliance<br \/>Chris Daughters<br \/>Citizens for a Healthy Community<br \/>Citizens for Clean Energy<br \/>Citizens for Sustainable Development<br \/>Clark Fork Coalition<br \/>Clean Air Task Force<br \/>Clean Water Action<br \/>Climate Smart Missoula<br \/>Climate Solutions<br \/>Coalition for Clean Affordable Energy<br \/>Columbia Riverkeeper<br \/>Community Association for Restoration of the Environment<br \/>Concerned Citizens of the Yakama Reservation<br \/>Conservation Colorado<br \/>Conservation Northwest<br \/>Conservation Voters New Mexico<br \/>Dakota Resource Council<br \/>Defenders of Wildlife<br \/>Desert Tortoise Council<br \/>Din\u00e9 Citizens Against Ruining Our Environment<br \/>Dunton Hot Springs, Inc.<br \/>Earthjustice<br \/>Earthworks<br \/>Environment America<br \/>Environmental Defense Fund<br \/>Environmental Protection Information Center<br \/>Families for a Livable Climate<br \/>Food and Water Watch<br \/>Footloose Montana<br \/>Fort Belknap Indian Community<br \/>Friends of the Bitterroot<br \/>Friends of the Clearwater<br \/>Friends of the Earth<\/p>\n<p>[\/et_pb_text][\/et_pb_column][et_pb_column type=&#8221;1_3&#8243; _builder_version=&#8221;4.16&#8243; custom_padding=&#8221;|||&#8221; global_colors_info=&#8221;{}&#8221; custom_padding__hover=&#8221;|||&#8221;][et_pb_text admin_label=&#8221;Text&#8221; _builder_version=&#8221;4.27.4&#8243; background_size=&#8221;initial&#8221; background_position=&#8221;top_left&#8221; background_repeat=&#8221;repeat&#8221; hover_enabled=&#8221;0&#8243; use_border_color=&#8221;off&#8221; border_color=&#8221;#ffffff&#8221; border_style=&#8221;solid&#8221; global_colors_info=&#8221;{}&#8221; sticky_enabled=&#8221;0&#8243;]<\/p>\n<p>Friends of the Shasta River<br \/>Friends of the Wild Swan<br \/>Friends of Toppenish Creek<br \/>Gallatin Valley Sunrise<br \/>Gallatin Wildlife Association<br \/>George Wuerthner<br \/>Grand Canyon Trust<br \/>Grand Canyon Wildlands Council<br \/>Grand Canyon Wolf Recovery Project<br \/>HECHO: Hispanics Enjoying Camping, Hunting, and Outdoors<br \/>Helena Hunters and Anglers Association<br \/>High Country Conservation Advocates<br \/>Humane Society of the United States<br \/>Humane Voters of Oregon<br \/>Hydropower Reform Coalition<br \/>Idaho Conservation League<br \/>Indian People&#8217;s Action<br \/>Interfaith Power and Light<br \/>Kettle Range Conservation Group<br \/>Klamath Forest Alliance<br \/>Klamath-Siskiyou Wildlands Center<br \/>Kootenai Environmental Alliance<br \/>Law Offices of Charles M. Tebbutt<br \/>League of Conservation Voters<br \/>Los Padres ForestWatch<br \/>Lummi Indian Nation<br \/>Moms Clean Air Force<br \/>Montana Elders for a Livable Tomorrow<br \/>Montana Environmental Information Center<br \/>Naeva<br \/>Naqsragmiut Tribal Council<br \/>National Parks Conservation Association<br \/>National Wildlife Federation<br \/>Native Ecosystems Council<br \/>Native Fish Society<br \/>Natural Resources Defense Council<br \/>New Mexico Audubon Council<br \/>New Mexico Backcountry Hunters and Anglers<br \/>New Mexico Interfaith Power and Light<br \/>New Mexico Wilderness Alliance<br \/>Northern Plains Resource Council<br \/>Northwest Energy Coalition<br \/>Northwest Environmental Advocates<br \/>Northwest Indian Fisheries Commission<br \/>Oregon Wild<br \/>Our Children&#8217;s Trust<br \/>Pacific Coast Federation of Fishermen&#8217;s Associations<br \/>Park County Environmental Council<br \/>Pasado\u2019s Safe Haven<br \/>Physicians for Social Responsibility, New Mexico Chapter<br \/>Picuris Pueblo<br \/>Powder River Basin Resource Council<br \/>Prairie Hills Audubon Society<br \/>PSE Healthy Energy<br \/>Public Justice<\/p>\n<p>[\/et_pb_text][\/et_pb_column][et_pb_column type=&#8221;1_3&#8243; _builder_version=&#8221;4.16&#8243; custom_padding=&#8221;|||&#8221; global_colors_info=&#8221;{}&#8221; custom_padding__hover=&#8221;|||&#8221;][et_pb_text admin_label=&#8221;Text&#8221; _builder_version=&#8221;4.27.4&#8243; background_size=&#8221;initial&#8221; background_position=&#8221;top_left&#8221; background_repeat=&#8221;repeat&#8221; use_border_color=&#8221;off&#8221; border_color=&#8221;#ffffff&#8221; border_style=&#8221;solid&#8221; global_colors_info=&#8221;{}&#8221;]<\/p>\n<p>Pueblo Action Alliance<br \/>Puget Soundkeeper Alliance<br \/>RE Sources for Sustainable Communities<br \/>Renewable Northwest<br \/>Rico Trails Alliance<br \/>Rio Arriba Concerned Citizens<br \/>Rocky Mountain Wild<br \/>San Juan Citizens Alliance<br \/>San Luis Obispo Coastkeeper<br \/>San Luis Valley Ecosystem Council<br \/>Sheep Mountain Alliance<br \/>Sierra Club<br \/>Sierra Club &#8211; Grand Canyon Chapter<br \/>Sierra Club &#8211; Rio Grande Chapter<br \/>Sierra Club &#8211; Washington State Chapter<br \/>Sky Island Alliance<br \/>Snoqualmie Indian Tribe<br \/>Socially Responsible Agriculture Project<br \/>Soda Mountain Wilderness Council<br \/>Southern Environmental Law Center<br \/>Southern Utah Wilderness Alliance<br \/>Southwest Environmental Center<br \/>Spokane Riverkeeper<br \/>Swan View Coalition<br \/>Swinomish Indian Tribal Community<br \/>The Conservation Angler<br \/>The Lands Council<br \/>The Wilderness Society<br \/>T\u00f3 Nizh\u00f3n\u00ed \u00c1n\u00ed<br \/>Trap Free Montana<br \/>Trout Unlimited<br \/>Tuscon Herpetological Society<br \/>U.S. Climate Plan<br \/>Upper Green River Alliance<br \/>Upper Pecos Watershed Association<br \/>Washington Conservation Action<br \/>Waterkeeper Alliance<br \/>WaterWatch of Oregon<br \/>Western Colorado Alliance for Community Action<br \/>Western Organization of Resource Councils<br \/>Western Resource Advocates<br \/>Western Slope Conservation Center<br \/>Western Watersheds Project<br \/>What&#8217;s Upstream<br \/>WildEarth Guardians<br \/>Wilderness Watch<br \/>Wilderness Workshop<br \/>Wildlands Network<br \/>Willamette Riverkeeper<br \/>Wyoming Outdoor Council<br \/>Wyoming Wilderness Association<br \/>Yurok Tribe<br \/>350 Montana<br \/>350 New Mexico<br \/>350 Santa Fe<\/p>\n<p>[\/et_pb_text][\/et_pb_column][\/et_pb_row][\/et_pb_section]<\/p>\n","protected":false},"excerpt":{"rendered":"<p>WELC&#8217;s Clients and Partners We worked with more than 165 organizations and individuals this year. Together, we tackle the West\u2019s most pressing environmental issues. This list is based on active cases between 9\/1\/24-9\/1\/25.Alliance for the Wild RockiesAmerican RiversAmerican WhitewaterAmigos BravosAppalachian Mountain ClubArchaeology SouthwestArizona Zoological SocietyAssociation of Zoos and AquariumsBadlands Conservation AllianceBird Alliance of OregonBitterrooters for [&hellip;]<\/p>\n","protected":false},"author":20,"featured_media":0,"parent":0,"menu_order":0,"comment_status":"closed","ping_status":"closed","template":"","meta":{"_et_pb_use_builder":"on","_et_pb_old_content":"<h2>WELC's clients and partners<\/h2><h6>We worked with more than 185 organizations and individuals in 2017. Together, we tackle the American West\u2019s most pressing environmental issues.<\/h6><p>\u00a0<\/p>","_et_gb_content_width":"","_monsterinsights_skip_tracking":false,"_monsterinsights_sitenote_active":false,"_monsterinsights_sitenote_note":"","_monsterinsights_sitenote_category":0,"footnotes":""},"categories":[],"tags":[],"class_list":["post-18530","page","type-page","status-publish","hentry"],"yoast_head":"<!-- This site is optimized with the Yoast SEO plugin v27.5 - https:\/\/yoast.com\/product\/yoast-seo-wordpress\/ -->\n<title>WELC Partners - Western Environmental Law Center<\/title>\n<meta name=\"robots\" content=\"index, follow, max-snippet:-1, max-image-preview:large, max-video-preview:-1\" \/>\n<link rel=\"canonical\" href=\"https:\/\/westernlaw.org\/es\/welc-partners\/\" \/>\n<meta property=\"og:locale\" content=\"es_MX\" \/>\n<meta property=\"og:type\" content=\"article\" \/>\n<meta property=\"og:title\" content=\"WELC Partners - Western Environmental Law Center\" \/>\n<meta property=\"og:description\" content=\"WELC&#039;s Clients and Partners We worked with more than 165 organizations and individuals this year. Together, we tackle the West\u2019s most pressing environmental issues. This list is based on active cases between 9\/1\/24-9\/1\/25.Alliance for the Wild RockiesAmerican RiversAmerican WhitewaterAmigos BravosAppalachian Mountain ClubArchaeology SouthwestArizona Zoological SocietyAssociation of Zoos and AquariumsBadlands Conservation AllianceBird Alliance of OregonBitterrooters for [&hellip;]\" \/>\n<meta property=\"og:url\" content=\"https:\/\/westernlaw.org\/es\/welc-partners\/\" \/>\n<meta property=\"og:site_name\" content=\"Western Environmental Law Center\" \/>\n<meta property=\"article:publisher\" content=\"https:\/\/www.facebook.com\/westernlaw\/\" \/>\n<meta property=\"article:modified_time\" content=\"2025-11-24T20:16:29+00:00\" \/>\n<meta property=\"og:image\" content=\"https:\/\/westernlaw.org\/wp-content\/uploads\/2023\/03\/WELC-General-FB-Default.jpg\" \/>\n\t<meta property=\"og:image:width\" content=\"1200\" \/>\n\t<meta property=\"og:image:height\" content=\"628\" \/>\n\t<meta property=\"og:image:type\" content=\"image\/jpeg\" \/>\n<meta name=\"twitter:card\" content=\"summary_large_image\" \/>\n<meta name=\"twitter:site\" content=\"@westernlaw\" \/>\n<meta name=\"twitter:label1\" content=\"Tiempo de lectura\" \/>\n\t<meta name=\"twitter:data1\" content=\"3 minutos\" \/>\n<script type=\"application\/ld+json\" class=\"yoast-schema-graph\">{\"@context\":\"https:\\\/\\\/schema.org\",\"@graph\":[{\"@type\":\"WebPage\",\"@id\":\"https:\\\/\\\/westernlaw.org\\\/welc-partners\\\/\",\"url\":\"https:\\\/\\\/westernlaw.org\\\/welc-partners\\\/\",\"name\":\"WELC Partners - Western Environmental Law Center\",\"isPartOf\":{\"@id\":\"https:\\\/\\\/westernlaw.org\\\/#website\"},\"datePublished\":\"2018-01-30T20:48:29+00:00\",\"dateModified\":\"2025-11-24T20:16:29+00:00\",\"breadcrumb\":{\"@id\":\"https:\\\/\\\/westernlaw.org\\\/welc-partners\\\/#breadcrumb\"},\"inLanguage\":\"es\",\"potentialAction\":[{\"@type\":\"ReadAction\",\"target\":[\"https:\\\/\\\/westernlaw.org\\\/welc-partners\\\/\"]}]},{\"@type\":\"BreadcrumbList\",\"@id\":\"https:\\\/\\\/westernlaw.org\\\/welc-partners\\\/#breadcrumb\",\"itemListElement\":[{\"@type\":\"ListItem\",\"position\":1,\"name\":\"Home\",\"item\":\"https:\\\/\\\/westernlaw.org\\\/\"},{\"@type\":\"ListItem\",\"position\":2,\"name\":\"WELC Partners\"}]},{\"@type\":\"WebSite\",\"@id\":\"https:\\\/\\\/westernlaw.org\\\/#website\",\"url\":\"https:\\\/\\\/westernlaw.org\\\/\",\"name\":\"Western Environmental Law Center\",\"description\":\"Defending the West\",\"publisher\":{\"@id\":\"https:\\\/\\\/westernlaw.org\\\/#organization\"},\"potentialAction\":[{\"@type\":\"SearchAction\",\"target\":{\"@type\":\"EntryPoint\",\"urlTemplate\":\"https:\\\/\\\/westernlaw.org\\\/?s={search_term_string}\"},\"query-input\":{\"@type\":\"PropertyValueSpecification\",\"valueRequired\":true,\"valueName\":\"search_term_string\"}}],\"inLanguage\":\"es\"},{\"@type\":\"Organization\",\"@id\":\"https:\\\/\\\/westernlaw.org\\\/#organization\",\"name\":\"Western Environmental Law Center\",\"url\":\"https:\\\/\\\/westernlaw.org\\\/\",\"logo\":{\"@type\":\"ImageObject\",\"inLanguage\":\"es\",\"@id\":\"https:\\\/\\\/westernlaw.org\\\/#\\\/schema\\\/logo\\\/image\\\/\",\"url\":\"https:\\\/\\\/westernlaw.org\\\/wp-content\\\/uploads\\\/2017\\\/03\\\/WELC-logo-600-1.png\",\"contentUrl\":\"https:\\\/\\\/westernlaw.org\\\/wp-content\\\/uploads\\\/2017\\\/03\\\/WELC-logo-600-1.png\",\"width\":600,\"height\":600,\"caption\":\"Western Environmental Law Center\"},\"image\":{\"@id\":\"https:\\\/\\\/westernlaw.org\\\/#\\\/schema\\\/logo\\\/image\\\/\"},\"sameAs\":[\"https:\\\/\\\/www.facebook.com\\\/westernlaw\\\/\",\"https:\\\/\\\/x.com\\\/westernlaw\",\"https:\\\/\\\/www.instagram.com\\\/welc_org\\\/\"]}]}<\/script>\n<!-- \/ Yoast SEO plugin. -->","yoast_head_json":{"title":"Socios de WELC - Centro de Derecho Ambiental Occidental","robots":{"index":"index","follow":"follow","max-snippet":"max-snippet:-1","max-image-preview":"max-image-preview:large","max-video-preview":"max-video-preview:-1"},"canonical":"https:\/\/westernlaw.org\/es\/welc-partners\/","og_locale":"es_MX","og_type":"article","og_title":"WELC Partners - Western Environmental Law Center","og_description":"WELC's Clients and Partners We worked with more than 165 organizations and individuals this year. Together, we tackle the West\u2019s most pressing environmental issues. This list is based on active cases between 9\/1\/24-9\/1\/25.Alliance for the Wild RockiesAmerican RiversAmerican WhitewaterAmigos BravosAppalachian Mountain ClubArchaeology SouthwestArizona Zoological SocietyAssociation of Zoos and AquariumsBadlands Conservation AllianceBird Alliance of OregonBitterrooters for [&hellip;]","og_url":"https:\/\/westernlaw.org\/es\/welc-partners\/","og_site_name":"Western Environmental Law Center","article_publisher":"https:\/\/www.facebook.com\/westernlaw\/","article_modified_time":"2025-11-24T20:16:29+00:00","og_image":[{"width":1200,"height":628,"url":"https:\/\/westernlaw.org\/wp-content\/uploads\/2023\/03\/WELC-General-FB-Default.jpg","type":"image\/jpeg"}],"twitter_card":"summary_large_image","twitter_site":"@westernlaw","twitter_misc":{"Tiempo de lectura":"3 minutos"},"schema":{"@context":"https:\/\/schema.org","@graph":[{"@type":"WebPage","@id":"https:\/\/westernlaw.org\/welc-partners\/","url":"https:\/\/westernlaw.org\/welc-partners\/","name":"Socios de WELC - Centro de Derecho Ambiental Occidental","isPartOf":{"@id":"https:\/\/westernlaw.org\/#website"},"datePublished":"2018-01-30T20:48:29+00:00","dateModified":"2025-11-24T20:16:29+00:00","breadcrumb":{"@id":"https:\/\/westernlaw.org\/welc-partners\/#breadcrumb"},"inLanguage":"es","potentialAction":[{"@type":"ReadAction","target":["https:\/\/westernlaw.org\/welc-partners\/"]}]},{"@type":"BreadcrumbList","@id":"https:\/\/westernlaw.org\/welc-partners\/#breadcrumb","itemListElement":[{"@type":"ListItem","position":1,"name":"Home","item":"https:\/\/westernlaw.org\/"},{"@type":"ListItem","position":2,"name":"WELC Partners"}]},{"@type":"WebSite","@id":"https:\/\/westernlaw.org\/#website","url":"https:\/\/westernlaw.org\/","name":"Centro de Derecho Ambiental Occidental","description":"Defendemos el Oeste","publisher":{"@id":"https:\/\/westernlaw.org\/#organization"},"potentialAction":[{"@type":"SearchAction","target":{"@type":"EntryPoint","urlTemplate":"https:\/\/westernlaw.org\/?s={search_term_string}"},"query-input":{"@type":"PropertyValueSpecification","valueRequired":true,"valueName":"search_term_string"}}],"inLanguage":"es"},{"@type":"Organization","@id":"https:\/\/westernlaw.org\/#organization","name":"Centro de Derecho Ambiental Occidental","url":"https:\/\/westernlaw.org\/","logo":{"@type":"ImageObject","inLanguage":"es","@id":"https:\/\/westernlaw.org\/#\/schema\/logo\/image\/","url":"https:\/\/westernlaw.org\/wp-content\/uploads\/2017\/03\/WELC-logo-600-1.png","contentUrl":"https:\/\/westernlaw.org\/wp-content\/uploads\/2017\/03\/WELC-logo-600-1.png","width":600,"height":600,"caption":"Western Environmental Law Center"},"image":{"@id":"https:\/\/westernlaw.org\/#\/schema\/logo\/image\/"},"sameAs":["https:\/\/www.facebook.com\/westernlaw\/","https:\/\/x.com\/westernlaw","https:\/\/www.instagram.com\/welc_org\/"]}]}},"_links":{"self":[{"href":"https:\/\/westernlaw.org\/es\/wp-json\/wp\/v2\/pages\/18530","targetHints":{"allow":["GET"]}}],"collection":[{"href":"https:\/\/westernlaw.org\/es\/wp-json\/wp\/v2\/pages"}],"about":[{"href":"https:\/\/westernlaw.org\/es\/wp-json\/wp\/v2\/types\/page"}],"author":[{"embeddable":true,"href":"https:\/\/westernlaw.org\/es\/wp-json\/wp\/v2\/users\/20"}],"replies":[{"embeddable":true,"href":"https:\/\/westernlaw.org\/es\/wp-json\/wp\/v2\/comments?post=18530"}],"version-history":[{"count":13,"href":"https:\/\/westernlaw.org\/es\/wp-json\/wp\/v2\/pages\/18530\/revisions"}],"predecessor-version":[{"id":27643,"href":"https:\/\/westernlaw.org\/es\/wp-json\/wp\/v2\/pages\/18530\/revisions\/27643"}],"wp:attachment":[{"href":"https:\/\/westernlaw.org\/es\/wp-json\/wp\/v2\/media?parent=18530"}],"wp:term":[{"taxonomy":"category","embeddable":true,"href":"https:\/\/westernlaw.org\/es\/wp-json\/wp\/v2\/categories?post=18530"},{"taxonomy":"post_tag","embeddable":true,"href":"https:\/\/westernlaw.org\/es\/wp-json\/wp\/v2\/tags?post=18530"}],"curies":[{"name":"gracias","href":"https:\/\/api.w.org\/{rel}","templated":true}]}}