{"id":16949,"date":"2017-06-27T22:47:31","date_gmt":"2017-06-27T22:47:31","guid":{"rendered":"https:\/\/westernlaw.org\/?page_id=16949"},"modified":"2021-01-05T18:12:31","modified_gmt":"2021-01-05T18:12:31","slug":"protecting-native-steelhead-in-the-north-and-south-santiam-rivers","status":"publish","type":"page","link":"https:\/\/westernlaw.org\/es\/protecting-wildlife\/wild-salmon\/protecting-native-steelhead-in-the-north-and-south-santiam-rivers\/","title":{"rendered":"Protecci\u00f3n de la trucha arco iris nativa en los r\u00edos North y South Santiam"},"content":{"rendered":"<p>[et_pb_section bb_built=&#8221;1&#8243; admin_label=&#8221;Section&#8221; fullwidth=&#8221;on&#8221; specialty=&#8221;off&#8221;][et_pb_fullwidth_image admin_label=&#8221;Fullwidth header image&#8221; src=&#8221;https:\/\/westernlaw.org\/wp-content\/uploads\/2017\/06\/Santiam-River-by-Pete-Forsyth-1920&#215;750-2.jpg&#8221; show_in_lightbox=&#8221;off&#8221; url_new_window=&#8221;off&#8221; use_overlay=&#8221;off&#8221; animation=&#8221;off&#8221; use_border_color=&#8221;off&#8221; border_color=&#8221;#ffffff&#8221; border_style=&#8221;solid&#8221; \/][\/et_pb_section][et_pb_section bb_built=&#8221;1&#8243; admin_label=&#8221;Section&#8221; fullwidth=&#8221;off&#8221; specialty=&#8221;off&#8221; transparent_background=&#8221;off&#8221; allow_player_pause=&#8221;off&#8221; inner_shadow=&#8221;off&#8221; parallax=&#8221;off&#8221; parallax_method=&#8221;off&#8221; custom_padding_last_edited=&#8221;on|phone&#8221; make_fullwidth=&#8221;off&#8221; use_custom_width=&#8221;off&#8221; width_unit=&#8221;on&#8221; make_equal=&#8221;off&#8221; use_custom_gutter=&#8221;off&#8221; custom_padding_phone=&#8221;30px||30px|&#8221;][et_pb_row admin_label=&#8221;Row&#8221; make_fullwidth=&#8221;off&#8221; use_custom_width=&#8221;off&#8221; width_unit=&#8221;on&#8221; use_custom_gutter=&#8221;off&#8221; custom_padding=&#8221;0px||0px|&#8221; custom_padding_last_edited=&#8221;on|desktop&#8221; allow_player_pause=&#8221;off&#8221; parallax=&#8221;off&#8221; parallax_method=&#8221;off&#8221; make_equal=&#8221;off&#8221; parallax_1=&#8221;off&#8221; parallax_method_1=&#8221;off&#8221; parallax_2=&#8221;off&#8221; parallax_method_2=&#8221;off&#8221;][et_pb_column type=&#8221;4_4&#8243;][et_pb_text admin_label=&#8221;Protecting Native Steelhead in the North and South Santiam Rivers&#8221; background_layout=&#8221;light&#8221; text_orientation=&#8221;left&#8221; use_border_color=&#8221;off&#8221; border_color=&#8221;#ffffff&#8221; border_style=&#8221;solid&#8221;]<\/p>\n<h1>Protecting Native Steelhead in the North and South Santiam Rivers<\/h1>\n<p>In 1999, the National Marine Fisheries Service listed native winter steelhead trout in the upper Willamette River basin in Oregon as threatened with extinction. The U.S. Army Corps of Engineers pays for and allows hatcheries to produce and release non-native summer steelhead into the North and South Santiam Rivers in April for anglers who want to fish in warmer weather. Summer steelhead compete with, prey upon and\/or interbreed with winter steelhead, and contribute to its decline. We\u2019re challenging the Corps for contributing to the decline of imperiled steelhead.<\/p>\n<p>[\/et_pb_text][\/et_pb_column][\/et_pb_row][\/et_pb_section][et_pb_section bb_built=&#8221;1&#8243; admin_label=&#8221;Section&#8221; fullwidth=&#8221;off&#8221; specialty=&#8221;off&#8221; transparent_background=&#8221;off&#8221; background_color=&#8221;#f1f3f2&#8243; allow_player_pause=&#8221;off&#8221; inner_shadow=&#8221;off&#8221; parallax=&#8221;off&#8221; parallax_method=&#8221;off&#8221; custom_padding=&#8221;30px||30px|&#8221; custom_padding_last_edited=&#8221;on|tablet&#8221; make_fullwidth=&#8221;off&#8221; use_custom_width=&#8221;off&#8221; width_unit=&#8221;on&#8221; make_equal=&#8221;off&#8221; use_custom_gutter=&#8221;off&#8221; custom_padding_tablet=&#8221;30px||40px|&#8221;][et_pb_row admin_label=&#8221;Row&#8221; make_fullwidth=&#8221;off&#8221; use_custom_width=&#8221;off&#8221; width_unit=&#8221;on&#8221; use_custom_gutter=&#8221;off&#8221; allow_player_pause=&#8221;off&#8221; parallax=&#8221;off&#8221; parallax_method=&#8221;off&#8221; make_equal=&#8221;off&#8221; parallax_1=&#8221;off&#8221; parallax_method_1=&#8221;off&#8221; column_padding_mobile=&#8221;on&#8221; custom_padding=&#8221;0px||0px|&#8221; custom_padding_last_edited=&#8221;on|phone&#8221; parallax_2=&#8221;off&#8221; parallax_method_2=&#8221;off&#8221;][et_pb_column type=&#8221;1_3&#8243;][et_pb_text admin_label=&#8221;Partners &#8211; linked partner logos&#8221; background_layout=&#8221;light&#8221; text_orientation=&#8221;left&#8221; use_border_color=&#8221;off&#8221; border_color=&#8221;#ffffff&#8221; border_style=&#8221;solid&#8221;]<\/p>\n<h3>Partners<\/h3>\n<p><a class=\"logolink\" href=\"http:\/\/www.theconservationangler.com\/\" target=\"_blank\" rel=\"noopener noreferrer\"><img loading=\"lazy\" decoding=\"async\" class=\"alignnone wp-image-16950 size-full\" src=\"https:\/\/westernlaw.org\/wp-content\/uploads\/2017\/06\/The-Conservation-Angler-Logo.png\" alt=\"The Conservation Angler Logo\" width=\"120\" height=\"120\" \/><\/a><\/p>\n<p><a class=\"logolink\" href=\"http:\/\/willamette-riverkeeper.org\/\" target=\"_blank\" rel=\"noopener noreferrer\"><img loading=\"lazy\" decoding=\"async\" class=\"alignnone wp-image-16952 size-full\" src=\"https:\/\/westernlaw.org\/wp-content\/uploads\/2017\/06\/Willamette-Riverkeeper-Logo.png\" alt=\"Willamette Riverkeeper Logo\" width=\"120\" height=\"148\" \/><\/a><\/p>\n<p>[\/et_pb_text][\/et_pb_column][et_pb_column type=&#8221;1_3&#8243;][et_pb_text admin_label=&#8221;Related Documents &#8211; linked PDFs&#8221; background_layout=&#8221;light&#8221; text_orientation=&#8221;left&#8221; use_border_color=&#8221;off&#8221; border_color=&#8221;#ffffff&#8221; border_style=&#8221;solid&#8221;]<\/p>\n<h3>Related Documents<\/h3>\n<ul>\n<li><a href=\"https:\/\/westernlaw.org\/wp-content\/uploads\/2021\/01\/2020.04.10-Steelhead-Santiam-Notice-of-Intent.pdf\">Santiam River hatchery notice of intent to sue (4.10.20)<\/a><\/li>\n<\/ul>\n<p>[\/et_pb_text][\/et_pb_column][et_pb_column type=&#8221;1_3&#8243;][et_pb_text admin_label=&#8221;Staff &#8211; attorney name linked to tag query&#8221; background_layout=&#8221;light&#8221; text_orientation=&#8221;left&#8221; use_border_color=&#8221;off&#8221; border_color=&#8221;#ffffff&#8221; border_style=&#8221;solid&#8221;]<\/p>\n<h3>Staff<\/h3>\n<p>Pete Frost: <a href=\"\/about-us\/staff\/#petefrost\">Bio<\/a> | <a href=\"\/tag\/pete-frost\">Docket<\/a><br \/>\nAndrew Hawley: <a href=\"\/about-us\/staff\/#andrewhawley\">Bio<\/a> | <a href=\"\/tag\/andrew-hawley\">Docket<\/a><br \/>\nSangye Ince-Johannsen: <a href=\"https:\/\/westernlaw.org\/about-us\/staff\/#sangyeij\">Bio<\/a> | <a href=\"https:\/\/westernlaw.org\/tag\/sangye-ij\">Docket<\/a><\/p>\n<p>[\/et_pb_text][\/et_pb_column][\/et_pb_row][\/et_pb_section][et_pb_section bb_built=&#8221;1&#8243; admin_label=&#8221;section&#8221;][et_pb_row admin_label=&#8221;row&#8221;][et_pb_column type=&#8221;4_4&#8243;][et_pb_text admin_label=&#8221;Photo Credits&#8221; background_layout=&#8221;dark&#8221; text_orientation=&#8221;center&#8221; use_border_color=&#8221;off&#8221; border_color=&#8221;#ffffff&#8221; border_style=&#8221;solid&#8221; header_font_size=&#8221;40px&#8221; header_font_size_last_edited=&#8221;off|phone&#8221; saved_tabs=&#8221;all&#8221; text_font_size=&#8221;10&#8243;]<\/p>\n<p><span style=\"color: #333333;\"><em>Photo by Pete Forsyth.<br \/>\n<\/em><\/span><\/p>\n<p>[\/et_pb_text][\/et_pb_column][\/et_pb_row][\/et_pb_section]<\/p>\n","protected":false},"excerpt":{"rendered":"<p>Protecting Native Steelhead in the North and South Santiam Rivers In 1999, the National Marine Fisheries Service listed native winter steelhead trout in the upper Willamette River basin in Oregon as threatened with extinction. The U.S. Army Corps of Engineers pays for and allows hatcheries to produce and release non-native summer steelhead into the North [&hellip;]<\/p>\n","protected":false},"author":20,"featured_media":0,"parent":5711,"menu_order":0,"comment_status":"closed","ping_status":"closed","template":"","meta":{"_et_pb_use_builder":"on","_et_pb_old_content":"","_et_gb_content_width":"","_uag_custom_page_level_css":"","_monsterinsights_skip_tracking":false,"_monsterinsights_sitenote_active":false,"_monsterinsights_sitenote_note":"","_monsterinsights_sitenote_category":0,"footnotes":""},"categories":[254],"tags":[343,348,349,346,277,388,345,347,344],"class_list":["post-16949","page","type-page","status-publish","hentry","category-wildlife","tag-andrew-hawley","tag-hatcheries","tag-hatchery","tag-north-santiam","tag-pete-frost","tag-sangye-ij","tag-santiam","tag-south-santiam","tag-steelhead"],"yoast_head":"<!-- This site is optimized with the Yoast SEO plugin v27.3 - https:\/\/yoast.com\/product\/yoast-seo-wordpress\/ -->\n<title>Protecting Native Steelhead in the North and South Santiam Rivers - Western Environmental Law Center<\/title>\n<meta name=\"robots\" content=\"index, follow, max-snippet:-1, max-image-preview:large, max-video-preview:-1\" \/>\n<link rel=\"canonical\" href=\"https:\/\/westernlaw.org\/es\/protecting-wildlife\/wild-salmon\/protecting-native-steelhead-in-the-north-and-south-santiam-rivers\/\" \/>\n<meta property=\"og:locale\" content=\"es_MX\" \/>\n<meta property=\"og:type\" content=\"article\" \/>\n<meta property=\"og:title\" content=\"Protecting Native Steelhead in the North and South Santiam Rivers - Western Environmental Law Center\" \/>\n<meta property=\"og:description\" content=\"Protecting Native Steelhead in the North and South Santiam Rivers In 1999, the National Marine Fisheries Service listed native winter steelhead trout in the upper Willamette River basin in Oregon as threatened with extinction. The U.S. Army Corps of Engineers pays for and allows hatcheries to produce and release non-native summer steelhead into the North [&hellip;]\" \/>\n<meta property=\"og:url\" content=\"https:\/\/westernlaw.org\/es\/protecting-wildlife\/wild-salmon\/protecting-native-steelhead-in-the-north-and-south-santiam-rivers\/\" \/>\n<meta property=\"og:site_name\" content=\"Western Environmental Law Center\" \/>\n<meta property=\"article:publisher\" content=\"https:\/\/www.facebook.com\/westernlaw\/\" \/>\n<meta property=\"article:modified_time\" content=\"2021-01-05T18:12:31+00:00\" \/>\n<meta property=\"og:image\" content=\"https:\/\/westernlaw.org\/wp-content\/uploads\/2017\/06\/The-Conservation-Angler-Logo.png\" \/>\n<meta name=\"twitter:card\" content=\"summary_large_image\" \/>\n<meta name=\"twitter:site\" content=\"@westernlaw\" \/>\n<meta name=\"twitter:label1\" content=\"Tiempo de lectura\" \/>\n\t<meta name=\"twitter:data1\" content=\"3 minutos\" \/>\n<script type=\"application\/ld+json\" class=\"yoast-schema-graph\">{\"@context\":\"https:\\\/\\\/schema.org\",\"@graph\":[{\"@type\":\"WebPage\",\"@id\":\"https:\\\/\\\/westernlaw.org\\\/protecting-wildlife\\\/wild-salmon\\\/protecting-native-steelhead-in-the-north-and-south-santiam-rivers\\\/\",\"url\":\"https:\\\/\\\/westernlaw.org\\\/protecting-wildlife\\\/wild-salmon\\\/protecting-native-steelhead-in-the-north-and-south-santiam-rivers\\\/\",\"name\":\"Protecting Native Steelhead in the North and South Santiam Rivers - Western Environmental Law Center\",\"isPartOf\":{\"@id\":\"https:\\\/\\\/westernlaw.org\\\/#website\"},\"primaryImageOfPage\":{\"@id\":\"https:\\\/\\\/westernlaw.org\\\/protecting-wildlife\\\/wild-salmon\\\/protecting-native-steelhead-in-the-north-and-south-santiam-rivers\\\/#primaryimage\"},\"image\":{\"@id\":\"https:\\\/\\\/westernlaw.org\\\/protecting-wildlife\\\/wild-salmon\\\/protecting-native-steelhead-in-the-north-and-south-santiam-rivers\\\/#primaryimage\"},\"thumbnailUrl\":\"https:\\\/\\\/westernlaw.org\\\/wp-content\\\/uploads\\\/2017\\\/06\\\/The-Conservation-Angler-Logo.png\",\"datePublished\":\"2017-06-27T22:47:31+00:00\",\"dateModified\":\"2021-01-05T18:12:31+00:00\",\"breadcrumb\":{\"@id\":\"https:\\\/\\\/westernlaw.org\\\/protecting-wildlife\\\/wild-salmon\\\/protecting-native-steelhead-in-the-north-and-south-santiam-rivers\\\/#breadcrumb\"},\"inLanguage\":\"es\",\"potentialAction\":[{\"@type\":\"ReadAction\",\"target\":[\"https:\\\/\\\/westernlaw.org\\\/protecting-wildlife\\\/wild-salmon\\\/protecting-native-steelhead-in-the-north-and-south-santiam-rivers\\\/\"]}]},{\"@type\":\"ImageObject\",\"inLanguage\":\"es\",\"@id\":\"https:\\\/\\\/westernlaw.org\\\/protecting-wildlife\\\/wild-salmon\\\/protecting-native-steelhead-in-the-north-and-south-santiam-rivers\\\/#primaryimage\",\"url\":\"https:\\\/\\\/westernlaw.org\\\/wp-content\\\/uploads\\\/2017\\\/06\\\/The-Conservation-Angler-Logo.png\",\"contentUrl\":\"https:\\\/\\\/westernlaw.org\\\/wp-content\\\/uploads\\\/2017\\\/06\\\/The-Conservation-Angler-Logo.png\"},{\"@type\":\"BreadcrumbList\",\"@id\":\"https:\\\/\\\/westernlaw.org\\\/protecting-wildlife\\\/wild-salmon\\\/protecting-native-steelhead-in-the-north-and-south-santiam-rivers\\\/#breadcrumb\",\"itemListElement\":[{\"@type\":\"ListItem\",\"position\":1,\"name\":\"Home\",\"item\":\"https:\\\/\\\/westernlaw.org\\\/\"},{\"@type\":\"ListItem\",\"position\":2,\"name\":\"Protecting Wildlife\",\"item\":\"https:\\\/\\\/westernlaw.org\\\/protecting-wildlife\\\/\"},{\"@type\":\"ListItem\",\"position\":3,\"name\":\"Wild Salmon\",\"item\":\"https:\\\/\\\/westernlaw.org\\\/es\\\/?page_id=5711\"},{\"@type\":\"ListItem\",\"position\":4,\"name\":\"Protecting Native Steelhead in the North and South Santiam Rivers\"}]},{\"@type\":\"WebSite\",\"@id\":\"https:\\\/\\\/westernlaw.org\\\/#website\",\"url\":\"https:\\\/\\\/westernlaw.org\\\/\",\"name\":\"Western Environmental Law Center\",\"description\":\"Defending the West\",\"publisher\":{\"@id\":\"https:\\\/\\\/westernlaw.org\\\/#organization\"},\"potentialAction\":[{\"@type\":\"SearchAction\",\"target\":{\"@type\":\"EntryPoint\",\"urlTemplate\":\"https:\\\/\\\/westernlaw.org\\\/?s={search_term_string}\"},\"query-input\":{\"@type\":\"PropertyValueSpecification\",\"valueRequired\":true,\"valueName\":\"search_term_string\"}}],\"inLanguage\":\"es\"},{\"@type\":\"Organization\",\"@id\":\"https:\\\/\\\/westernlaw.org\\\/#organization\",\"name\":\"Western Environmental Law Center\",\"url\":\"https:\\\/\\\/westernlaw.org\\\/\",\"logo\":{\"@type\":\"ImageObject\",\"inLanguage\":\"es\",\"@id\":\"https:\\\/\\\/westernlaw.org\\\/#\\\/schema\\\/logo\\\/image\\\/\",\"url\":\"https:\\\/\\\/westernlaw.org\\\/wp-content\\\/uploads\\\/2017\\\/03\\\/WELC-logo-600-1.png\",\"contentUrl\":\"https:\\\/\\\/westernlaw.org\\\/wp-content\\\/uploads\\\/2017\\\/03\\\/WELC-logo-600-1.png\",\"width\":600,\"height\":600,\"caption\":\"Western Environmental Law Center\"},\"image\":{\"@id\":\"https:\\\/\\\/westernlaw.org\\\/#\\\/schema\\\/logo\\\/image\\\/\"},\"sameAs\":[\"https:\\\/\\\/www.facebook.com\\\/westernlaw\\\/\",\"https:\\\/\\\/x.com\\\/westernlaw\",\"https:\\\/\\\/www.instagram.com\\\/welc_org\\\/\"]}]}<\/script>\n<!-- \/ Yoast SEO plugin. -->","yoast_head_json":{"title":"Protecci\u00f3n de la trucha arco\u00edris nativa en los r\u00edos Santiam Norte y Sur - Centro de Derecho Ambiental Occidental","robots":{"index":"index","follow":"follow","max-snippet":"max-snippet:-1","max-image-preview":"max-image-preview:large","max-video-preview":"max-video-preview:-1"},"canonical":"https:\/\/westernlaw.org\/es\/protecting-wildlife\/wild-salmon\/protecting-native-steelhead-in-the-north-and-south-santiam-rivers\/","og_locale":"es_MX","og_type":"article","og_title":"Protecting Native Steelhead in the North and South Santiam Rivers - Western Environmental Law Center","og_description":"Protecting Native Steelhead in the North and South Santiam Rivers In 1999, the National Marine Fisheries Service listed native winter steelhead trout in the upper Willamette River basin in Oregon as threatened with extinction. The U.S. Army Corps of Engineers pays for and allows hatcheries to produce and release non-native summer steelhead into the North [&hellip;]","og_url":"https:\/\/westernlaw.org\/es\/protecting-wildlife\/wild-salmon\/protecting-native-steelhead-in-the-north-and-south-santiam-rivers\/","og_site_name":"Western Environmental Law Center","article_publisher":"https:\/\/www.facebook.com\/westernlaw\/","article_modified_time":"2021-01-05T18:12:31+00:00","og_image":[{"url":"https:\/\/westernlaw.org\/wp-content\/uploads\/2017\/06\/The-Conservation-Angler-Logo.png","type":"","width":"","height":""}],"twitter_card":"summary_large_image","twitter_site":"@westernlaw","twitter_misc":{"Tiempo de lectura":"3 minutos"},"schema":{"@context":"https:\/\/schema.org","@graph":[{"@type":"WebPage","@id":"https:\/\/westernlaw.org\/protecting-wildlife\/wild-salmon\/protecting-native-steelhead-in-the-north-and-south-santiam-rivers\/","url":"https:\/\/westernlaw.org\/protecting-wildlife\/wild-salmon\/protecting-native-steelhead-in-the-north-and-south-santiam-rivers\/","name":"Protecci\u00f3n de la trucha arco\u00edris nativa en los r\u00edos Santiam Norte y Sur - Centro de Derecho Ambiental Occidental","isPartOf":{"@id":"https:\/\/westernlaw.org\/#website"},"primaryImageOfPage":{"@id":"https:\/\/westernlaw.org\/protecting-wildlife\/wild-salmon\/protecting-native-steelhead-in-the-north-and-south-santiam-rivers\/#primaryimage"},"image":{"@id":"https:\/\/westernlaw.org\/protecting-wildlife\/wild-salmon\/protecting-native-steelhead-in-the-north-and-south-santiam-rivers\/#primaryimage"},"thumbnailUrl":"https:\/\/westernlaw.org\/wp-content\/uploads\/2017\/06\/The-Conservation-Angler-Logo.png","datePublished":"2017-06-27T22:47:31+00:00","dateModified":"2021-01-05T18:12:31+00:00","breadcrumb":{"@id":"https:\/\/westernlaw.org\/protecting-wildlife\/wild-salmon\/protecting-native-steelhead-in-the-north-and-south-santiam-rivers\/#breadcrumb"},"inLanguage":"es","potentialAction":[{"@type":"ReadAction","target":["https:\/\/westernlaw.org\/protecting-wildlife\/wild-salmon\/protecting-native-steelhead-in-the-north-and-south-santiam-rivers\/"]}]},{"@type":"ImageObject","inLanguage":"es","@id":"https:\/\/westernlaw.org\/protecting-wildlife\/wild-salmon\/protecting-native-steelhead-in-the-north-and-south-santiam-rivers\/#primaryimage","url":"https:\/\/westernlaw.org\/wp-content\/uploads\/2017\/06\/The-Conservation-Angler-Logo.png","contentUrl":"https:\/\/westernlaw.org\/wp-content\/uploads\/2017\/06\/The-Conservation-Angler-Logo.png"},{"@type":"BreadcrumbList","@id":"https:\/\/westernlaw.org\/protecting-wildlife\/wild-salmon\/protecting-native-steelhead-in-the-north-and-south-santiam-rivers\/#breadcrumb","itemListElement":[{"@type":"ListItem","position":1,"name":"Home","item":"https:\/\/westernlaw.org\/"},{"@type":"ListItem","position":2,"name":"Protecting Wildlife","item":"https:\/\/westernlaw.org\/protecting-wildlife\/"},{"@type":"ListItem","position":3,"name":"Wild Salmon","item":"https:\/\/westernlaw.org\/es\/?page_id=5711"},{"@type":"ListItem","position":4,"name":"Protecting Native Steelhead in the North and South Santiam Rivers"}]},{"@type":"WebSite","@id":"https:\/\/westernlaw.org\/#website","url":"https:\/\/westernlaw.org\/","name":"Centro de Derecho Ambiental Occidental","description":"Defendemos el Oeste","publisher":{"@id":"https:\/\/westernlaw.org\/#organization"},"potentialAction":[{"@type":"SearchAction","target":{"@type":"EntryPoint","urlTemplate":"https:\/\/westernlaw.org\/?s={search_term_string}"},"query-input":{"@type":"PropertyValueSpecification","valueRequired":true,"valueName":"search_term_string"}}],"inLanguage":"es"},{"@type":"Organization","@id":"https:\/\/westernlaw.org\/#organization","name":"Centro de Derecho Ambiental Occidental","url":"https:\/\/westernlaw.org\/","logo":{"@type":"ImageObject","inLanguage":"es","@id":"https:\/\/westernlaw.org\/#\/schema\/logo\/image\/","url":"https:\/\/westernlaw.org\/wp-content\/uploads\/2017\/03\/WELC-logo-600-1.png","contentUrl":"https:\/\/westernlaw.org\/wp-content\/uploads\/2017\/03\/WELC-logo-600-1.png","width":600,"height":600,"caption":"Western Environmental Law Center"},"image":{"@id":"https:\/\/westernlaw.org\/#\/schema\/logo\/image\/"},"sameAs":["https:\/\/www.facebook.com\/westernlaw\/","https:\/\/x.com\/westernlaw","https:\/\/www.instagram.com\/welc_org\/"]}]}},"uagb_featured_image_src":{"full":false,"thumbnail":false,"medium":false,"medium_large":false,"large":false,"1536x1536":false,"2048x2048":false,"trp-custom-language-flag":false,"bloom_image":false,"et-pb-post-main-image":false,"et-pb-post-main-image-fullwidth":false,"et-pb-portfolio-image":false,"et-pb-portfolio-module-image":false,"et-pb-portfolio-image-single":false,"et-pb-gallery-module-image-portrait":false,"et-pb-post-main-image-fullwidth-large":false,"et-pb-image--responsive--desktop":false,"et-pb-image--responsive--tablet":false,"et-pb-image--responsive--phone":false,"gform-image-choice-sm":false,"gform-image-choice-md":false,"gform-image-choice-lg":false},"uagb_author_info":{"display_name":"Brian Sweeney","author_link":"https:\/\/westernlaw.org\/es\/author\/brian\/"},"uagb_comment_info":0,"uagb_excerpt":"Protecting Native Steelhead in the North and South Santiam Rivers In 1999, the National Marine Fisheries Service listed native winter steelhead trout in the upper Willamette River basin in Oregon as threatened with extinction. The U.S. Army Corps of Engineers pays for and allows hatcheries to produce and release non-native summer steelhead into the North&hellip;","post_mailing_queue_ids":[],"_links":{"self":[{"href":"https:\/\/westernlaw.org\/es\/wp-json\/wp\/v2\/pages\/16949","targetHints":{"allow":["GET"]}}],"collection":[{"href":"https:\/\/westernlaw.org\/es\/wp-json\/wp\/v2\/pages"}],"about":[{"href":"https:\/\/westernlaw.org\/es\/wp-json\/wp\/v2\/types\/page"}],"author":[{"embeddable":true,"href":"https:\/\/westernlaw.org\/es\/wp-json\/wp\/v2\/users\/20"}],"replies":[{"embeddable":true,"href":"https:\/\/westernlaw.org\/es\/wp-json\/wp\/v2\/comments?post=16949"}],"version-history":[{"count":13,"href":"https:\/\/westernlaw.org\/es\/wp-json\/wp\/v2\/pages\/16949\/revisions"}],"predecessor-version":[{"id":21202,"href":"https:\/\/westernlaw.org\/es\/wp-json\/wp\/v2\/pages\/16949\/revisions\/21202"}],"up":[{"embeddable":true,"href":"https:\/\/westernlaw.org\/es\/wp-json\/wp\/v2\/pages\/5711"}],"wp:attachment":[{"href":"https:\/\/westernlaw.org\/es\/wp-json\/wp\/v2\/media?parent=16949"}],"wp:term":[{"taxonomy":"category","embeddable":true,"href":"https:\/\/westernlaw.org\/es\/wp-json\/wp\/v2\/categories?post=16949"},{"taxonomy":"post_tag","embeddable":true,"href":"https:\/\/westernlaw.org\/es\/wp-json\/wp\/v2\/tags?post=16949"}],"curies":[{"name":"gracias","href":"https:\/\/api.w.org\/{rel}","templated":true}]}}