{"id":16928,"date":"2017-06-27T18:20:43","date_gmt":"2017-06-27T18:20:43","guid":{"rendered":"https:\/\/westernlaw.org\/?page_id=16928"},"modified":"2019-01-03T21:42:21","modified_gmt":"2019-01-03T21:42:21","slug":"protecting-oregons-ochoco-national-forest-from-orvs","status":"publish","type":"page","link":"https:\/\/westernlaw.org\/es\/protecting-oregons-ochoco-national-forest-from-orvs\/","title":{"rendered":"Protegiendo el Bosque Nacional Ochoco de Oreg\u00f3n de los OHV"},"content":{"rendered":"<p>[et_pb_section bb_built=&#8221;1&#8243; admin_label=&#8221;Section&#8221; fullwidth=&#8221;on&#8221; specialty=&#8221;off&#8221;][et_pb_fullwidth_image admin_label=&#8221;Fullwidth header image&#8221; src=&#8221;https:\/\/westernlaw.org\/wp-content\/uploads\/2017\/06\/Ochoco-National-Forest-by-Gary-T.-Marsh-1920&#215;750-copy.jpg&#8221; show_in_lightbox=&#8221;off&#8221; url_new_window=&#8221;off&#8221; use_overlay=&#8221;off&#8221; animation=&#8221;off&#8221; use_border_color=&#8221;off&#8221; border_color=&#8221;#ffffff&#8221; border_style=&#8221;solid&#8221; \/][\/et_pb_section][et_pb_section bb_built=&#8221;1&#8243; admin_label=&#8221;Section&#8221; fullwidth=&#8221;off&#8221; specialty=&#8221;off&#8221; transparent_background=&#8221;off&#8221; allow_player_pause=&#8221;off&#8221; inner_shadow=&#8221;off&#8221; parallax=&#8221;off&#8221; parallax_method=&#8221;off&#8221; custom_padding_last_edited=&#8221;on|phone&#8221; make_fullwidth=&#8221;off&#8221; use_custom_width=&#8221;off&#8221; width_unit=&#8221;on&#8221; make_equal=&#8221;off&#8221; use_custom_gutter=&#8221;off&#8221; custom_padding_phone=&#8221;30px||30px|&#8221;][et_pb_row admin_label=&#8221;Row&#8221; make_fullwidth=&#8221;off&#8221; use_custom_width=&#8221;off&#8221; width_unit=&#8221;on&#8221; use_custom_gutter=&#8221;off&#8221; custom_padding=&#8221;0px||0px|&#8221; custom_padding_last_edited=&#8221;on|desktop&#8221; allow_player_pause=&#8221;off&#8221; parallax=&#8221;off&#8221; parallax_method=&#8221;off&#8221; make_equal=&#8221;off&#8221; parallax_1=&#8221;off&#8221; parallax_method_1=&#8221;off&#8221; parallax_2=&#8221;off&#8221; parallax_method_2=&#8221;off&#8221;][et_pb_column type=&#8221;4_4&#8243;][et_pb_text admin_label=&#8221;Protecting Oregon&#8217;s Ochoco National Forest From OHVs&#8221; background_layout=&#8221;light&#8221; text_orientation=&#8221;left&#8221; use_border_color=&#8221;off&#8221; border_color=&#8221;#ffffff&#8221; border_style=&#8221;solid&#8221;]<\/p>\n<h1>Protecting Oregon&#8217;s Ochoco National Forest From OHVs<\/h1>\n<p>The U.S. Forest Service issued a final decision green-lighting an extensive motorized trail system that would add 137 miles of new off-highway vehicle (OHV) trails to the existing network of 674 miles within the Ochoco National Forest in central Oregon, including areas of old growth forest.<\/p>\n<p>This plan would add new scars to the landscape of old growth ponderosa pine and extremely fragile scabland ecosystems. Attendant OHV use\u00a0would disrupt wildlife that inhabits the secluded Ochoco Mountains, including Rocky Mountain elk, mule deer, redband trout, and gray wolves. The Forest Service approved the project despite major opposition from the community and concerns from Oregon\u2019s Department of Fish and Wildlife about disruptions to elk calving and security areas on the forest.<\/p>\n<p>We challenged this plan in court and won on all of our claims. The project is dead for now and very unlikely to surface but we&#8217;ll monitor any future developments.<\/p>\n<p>[\/et_pb_text][\/et_pb_column][\/et_pb_row][\/et_pb_section][et_pb_section bb_built=&#8221;1&#8243; admin_label=&#8221;Section&#8221; fullwidth=&#8221;off&#8221; specialty=&#8221;off&#8221; transparent_background=&#8221;off&#8221; background_color=&#8221;#f1f3f2&#8243; allow_player_pause=&#8221;off&#8221; inner_shadow=&#8221;off&#8221; parallax=&#8221;off&#8221; parallax_method=&#8221;off&#8221; custom_padding=&#8221;30px||30px|&#8221; custom_padding_last_edited=&#8221;on|tablet&#8221; make_fullwidth=&#8221;off&#8221; use_custom_width=&#8221;off&#8221; width_unit=&#8221;on&#8221; make_equal=&#8221;off&#8221; use_custom_gutter=&#8221;off&#8221; custom_padding_tablet=&#8221;30px||40px|&#8221;][et_pb_row admin_label=&#8221;Row&#8221; make_fullwidth=&#8221;off&#8221; use_custom_width=&#8221;off&#8221; width_unit=&#8221;on&#8221; use_custom_gutter=&#8221;off&#8221; allow_player_pause=&#8221;off&#8221; parallax=&#8221;off&#8221; parallax_method=&#8221;off&#8221; make_equal=&#8221;off&#8221; parallax_1=&#8221;off&#8221; parallax_method_1=&#8221;off&#8221; column_padding_mobile=&#8221;on&#8221; custom_padding=&#8221;0px||0px|&#8221; custom_padding_last_edited=&#8221;on|phone&#8221; parallax_2=&#8221;off&#8221; parallax_method_2=&#8221;off&#8221;][et_pb_column type=&#8221;1_3&#8243;][et_pb_text admin_label=&#8221;Partners &#8211; linked partner logos&#8221; background_layout=&#8221;light&#8221; text_orientation=&#8221;left&#8221; use_border_color=&#8221;off&#8221; border_color=&#8221;#ffffff&#8221; border_style=&#8221;solid&#8221;]<\/p>\n<h3>Partners<\/h3>\n<p><a class=\"logolink\" href=\"http:\/\/www.greatoldbroads.org\/\" target=\"_blank\" rel=\"noopener noreferrer\"><img loading=\"lazy\" decoding=\"async\" class=\"alignnone wp-image-17351 size-full\" src=\"https:\/\/westernlaw.org\/wp-content\/uploads\/2017\/06\/Great-Old-Broads-for-Wilderness-Logo.png\" alt=\"Great Old Broads for Wilderness Logo\" width=\"119\" height=\"45\" \/><\/a><\/p>\n<p><a class=\"logolink\" href=\"http:\/\/www.oregonwild.org\/\" target=\"_blank\" rel=\"noopener noreferrer\"><img loading=\"lazy\" decoding=\"async\" class=\"alignnone wp-image-13631 size-full\" src=\"https:\/\/westernlaw.org\/wp-content\/uploads\/2012\/07\/Oregon-Wild-Logo.png\" alt=\"oregon wild logo\" width=\"120\" height=\"121\" \/><\/a><\/p>\n<p><a class=\"logolink\" href=\"http:\/\/sierraclub.org\" target=\"_blank\" rel=\"noopener noreferrer\"><img loading=\"lazy\" decoding=\"async\" class=\"alignnone wp-image-13660 size-full\" src=\"https:\/\/westernlaw.org\/wp-content\/uploads\/2014\/05\/Sierra-Club-Logo.png\" alt=\"sierra club logo\" width=\"120\" height=\"53\" \/><\/a><\/p>\n<p><a class=\"logolink\" href=\"http:\/\/wildearthguardians.org\" target=\"_blank\" rel=\"noopener noreferrer\"><img loading=\"lazy\" decoding=\"async\" class=\"alignleft wp-image-13683 size-full\" src=\"https:\/\/westernlaw.org\/wp-content\/uploads\/2016\/01\/Wildearth-Guardians-Logo.png\" alt=\"Wildearth Guardians Logo\" width=\"120\" height=\"55\" \/><\/a><\/p>\n<p>[\/et_pb_text][\/et_pb_column][et_pb_column type=&#8221;1_3&#8243;][et_pb_text admin_label=&#8221;Related Documents &#8211; linked PDFs&#8221; background_layout=&#8221;light&#8221; text_orientation=&#8221;left&#8221; use_border_color=&#8221;off&#8221; border_color=&#8221;#ffffff&#8221; border_style=&#8221;solid&#8221;]<\/p>\n<h3>Related Documents<\/h3>\n<ul>\n<li><a href=\"https:\/\/westernlaw.org\/wp-content\/uploads\/2019\/01\/2019.01.03-Ochoco-Final-Victory.pdf\">Ochoco final decision, confirmed by Article III judge (1.3.19)<\/a><\/li>\n<li><a href=\"https:\/\/westernlaw.org\/wp-content\/uploads\/2018\/08\/2018.08.26-Ochoco-OHV-Final-Decision.pdf\">Ochoco final decision pending Article III confirmation (8.27.18)<\/a><\/li>\n<li><a href=\"https:\/\/westernlaw.org\/court-victory-protects-clean-water-wildlife-ochoco-national-forest\/\">Ochoco victory news release (8.27.18)<\/a><\/li>\n<li><a href=\"https:\/\/westernlaw.org\/groups-challenge-plan-increasing-off-highway-vehicle-use-in-old-growth-areas-of-ochoco-national-forest\/\">Ochoco filing news release (6.28.17)<\/a><\/li>\n<li><a href=\"https:\/\/westernlaw.org\/sites\/default\/files\/2017.06.28-Ochoco%20OHV%20Complaint_0.pdf\">Ochoco complaint (6.28.17)<\/a><\/li>\n<li><a href=\"https:\/\/westernlaw.org\/wp-content\/uploads\/2019\/01\/Oregon-Wild-Ochoco-OHV-Report.pdf\">Oregon Wild Ochoco OHV Report (7.17)<\/a><\/li>\n<\/ul>\n<p>[\/et_pb_text][\/et_pb_column][et_pb_column type=&#8221;1_3&#8243;][et_pb_text admin_label=&#8221;Staff &#8211; attorney name linked to tag query&#8221; background_layout=&#8221;light&#8221; text_orientation=&#8221;left&#8221; use_border_color=&#8221;off&#8221; border_color=&#8221;#ffffff&#8221; border_style=&#8221;solid&#8221;]<\/p>\n<h3>Staff<\/h3>\n<p>John Mellgren: <a href=\"\/about-us\/staff\/#johnmellgren\">Bio<\/a> | <a href=\"\/tag\/john-mellgren\">Docket<\/a><\/p>\n<p>[\/et_pb_text][\/et_pb_column][\/et_pb_row][\/et_pb_section][et_pb_section bb_built=&#8221;1&#8243; admin_label=&#8221;section&#8221;][et_pb_row admin_label=&#8221;row&#8221;][et_pb_column type=&#8221;4_4&#8243;][et_pb_text admin_label=&#8221;Photo Credits&#8221; background_layout=&#8221;dark&#8221; text_orientation=&#8221;center&#8221; use_border_color=&#8221;off&#8221; border_color=&#8221;#ffffff&#8221; border_style=&#8221;solid&#8221; header_font_size=&#8221;40px&#8221; header_font_size_last_edited=&#8221;off|phone&#8221; saved_tabs=&#8221;all&#8221; text_font_size=&#8221;10&#8243;]<\/p>\n<p><span style=\"color: #333333;\"><em>Photo by Gary T. Marsh.<br \/>\n<\/em><\/span><\/p>\n<p>[\/et_pb_text][\/et_pb_column][\/et_pb_row][\/et_pb_section]<\/p>\n","protected":false},"excerpt":{"rendered":"<p>Protecting Oregon&#8217;s Ochoco National Forest From OHVs The U.S. Forest Service issued a final decision green-lighting an extensive motorized trail system that would add 137 miles of new off-highway vehicle (OHV) trails to the existing network of 674 miles within the Ochoco National Forest in central Oregon, including areas of old growth forest. This plan [&hellip;]<\/p>\n","protected":false},"author":20,"featured_media":0,"parent":0,"menu_order":0,"comment_status":"closed","ping_status":"closed","template":"","meta":{"_et_pb_use_builder":"on","_et_pb_old_content":"","_et_gb_content_width":"","_uag_custom_page_level_css":"","_monsterinsights_skip_tracking":false,"_monsterinsights_sitenote_active":false,"_monsterinsights_sitenote_note":"","_monsterinsights_sitenote_category":0,"footnotes":""},"categories":[252],"tags":[355,356,276,353,354,333],"class_list":["post-16928","page","type-page","status-publish","hentry","category-wildlands","tag-atv","tag-atvs","tag-john-mellgren","tag-ochoco-national-forest","tag-orv","tag-orvs"],"yoast_head":"<!-- This site is optimized with the Yoast SEO plugin v27.4 - https:\/\/yoast.com\/product\/yoast-seo-wordpress\/ -->\n<title>Protecting Oregon&#039;s Ochoco National Forest From OHVs - Western Environmental Law Center<\/title>\n<meta name=\"robots\" content=\"index, follow, max-snippet:-1, max-image-preview:large, max-video-preview:-1\" \/>\n<link rel=\"canonical\" href=\"https:\/\/westernlaw.org\/es\/protecting-oregons-ochoco-national-forest-from-orvs\/\" \/>\n<meta property=\"og:locale\" content=\"es_MX\" \/>\n<meta property=\"og:type\" content=\"article\" \/>\n<meta property=\"og:title\" content=\"Protecting Oregon&#039;s Ochoco National Forest From OHVs - Western Environmental Law Center\" \/>\n<meta property=\"og:description\" content=\"Protecting Oregon&#039;s Ochoco National Forest From OHVs The U.S. Forest Service issued a final decision green-lighting an extensive motorized trail system that would add 137 miles of new off-highway vehicle (OHV) trails to the existing network of 674 miles within the Ochoco National Forest in central Oregon, including areas of old growth forest. This plan [&hellip;]\" \/>\n<meta property=\"og:url\" content=\"https:\/\/westernlaw.org\/es\/protecting-oregons-ochoco-national-forest-from-orvs\/\" \/>\n<meta property=\"og:site_name\" content=\"Western Environmental Law Center\" \/>\n<meta property=\"article:publisher\" content=\"https:\/\/www.facebook.com\/westernlaw\/\" \/>\n<meta property=\"article:modified_time\" content=\"2019-01-03T21:42:21+00:00\" \/>\n<meta property=\"og:image\" content=\"https:\/\/westernlaw.org\/wp-content\/uploads\/2017\/06\/Great-Old-Broads-for-Wilderness-Logo.png\" \/>\n<meta name=\"twitter:card\" content=\"summary_large_image\" \/>\n<meta name=\"twitter:site\" content=\"@westernlaw\" \/>\n<meta name=\"twitter:label1\" content=\"Tiempo de lectura\" \/>\n\t<meta name=\"twitter:data1\" content=\"4 minutos\" \/>\n<script type=\"application\/ld+json\" class=\"yoast-schema-graph\">{\"@context\":\"https:\\\/\\\/schema.org\",\"@graph\":[{\"@type\":\"WebPage\",\"@id\":\"https:\\\/\\\/westernlaw.org\\\/es\\\/protecting-oregons-ochoco-national-forest-from-orvs\\\/\",\"url\":\"https:\\\/\\\/westernlaw.org\\\/es\\\/protecting-oregons-ochoco-national-forest-from-orvs\\\/\",\"name\":\"Protecting Oregon's Ochoco National Forest From OHVs - Western Environmental Law Center\",\"isPartOf\":{\"@id\":\"https:\\\/\\\/westernlaw.org\\\/#website\"},\"primaryImageOfPage\":{\"@id\":\"https:\\\/\\\/westernlaw.org\\\/es\\\/protecting-oregons-ochoco-national-forest-from-orvs\\\/#primaryimage\"},\"image\":{\"@id\":\"https:\\\/\\\/westernlaw.org\\\/es\\\/protecting-oregons-ochoco-national-forest-from-orvs\\\/#primaryimage\"},\"thumbnailUrl\":\"https:\\\/\\\/westernlaw.org\\\/wp-content\\\/uploads\\\/2017\\\/06\\\/Great-Old-Broads-for-Wilderness-Logo.png\",\"datePublished\":\"2017-06-27T18:20:43+00:00\",\"dateModified\":\"2019-01-03T21:42:21+00:00\",\"breadcrumb\":{\"@id\":\"https:\\\/\\\/westernlaw.org\\\/es\\\/protecting-oregons-ochoco-national-forest-from-orvs\\\/#breadcrumb\"},\"inLanguage\":\"es\",\"potentialAction\":[{\"@type\":\"ReadAction\",\"target\":[\"https:\\\/\\\/westernlaw.org\\\/es\\\/protecting-oregons-ochoco-national-forest-from-orvs\\\/\"]}]},{\"@type\":\"ImageObject\",\"inLanguage\":\"es\",\"@id\":\"https:\\\/\\\/westernlaw.org\\\/es\\\/protecting-oregons-ochoco-national-forest-from-orvs\\\/#primaryimage\",\"url\":\"https:\\\/\\\/westernlaw.org\\\/wp-content\\\/uploads\\\/2017\\\/06\\\/Great-Old-Broads-for-Wilderness-Logo.png\",\"contentUrl\":\"https:\\\/\\\/westernlaw.org\\\/wp-content\\\/uploads\\\/2017\\\/06\\\/Great-Old-Broads-for-Wilderness-Logo.png\"},{\"@type\":\"BreadcrumbList\",\"@id\":\"https:\\\/\\\/westernlaw.org\\\/es\\\/protecting-oregons-ochoco-national-forest-from-orvs\\\/#breadcrumb\",\"itemListElement\":[{\"@type\":\"ListItem\",\"position\":1,\"name\":\"Home\",\"item\":\"https:\\\/\\\/westernlaw.org\\\/\"},{\"@type\":\"ListItem\",\"position\":2,\"name\":\"Protecting Oregon&#8217;s Ochoco National Forest From OHVs\"}]},{\"@type\":\"WebSite\",\"@id\":\"https:\\\/\\\/westernlaw.org\\\/#website\",\"url\":\"https:\\\/\\\/westernlaw.org\\\/\",\"name\":\"Western Environmental Law Center\",\"description\":\"Defending the West\",\"publisher\":{\"@id\":\"https:\\\/\\\/westernlaw.org\\\/#organization\"},\"potentialAction\":[{\"@type\":\"SearchAction\",\"target\":{\"@type\":\"EntryPoint\",\"urlTemplate\":\"https:\\\/\\\/westernlaw.org\\\/?s={search_term_string}\"},\"query-input\":{\"@type\":\"PropertyValueSpecification\",\"valueRequired\":true,\"valueName\":\"search_term_string\"}}],\"inLanguage\":\"es\"},{\"@type\":\"Organization\",\"@id\":\"https:\\\/\\\/westernlaw.org\\\/#organization\",\"name\":\"Western Environmental Law Center\",\"url\":\"https:\\\/\\\/westernlaw.org\\\/\",\"logo\":{\"@type\":\"ImageObject\",\"inLanguage\":\"es\",\"@id\":\"https:\\\/\\\/westernlaw.org\\\/#\\\/schema\\\/logo\\\/image\\\/\",\"url\":\"https:\\\/\\\/westernlaw.org\\\/wp-content\\\/uploads\\\/2017\\\/03\\\/WELC-logo-600-1.png\",\"contentUrl\":\"https:\\\/\\\/westernlaw.org\\\/wp-content\\\/uploads\\\/2017\\\/03\\\/WELC-logo-600-1.png\",\"width\":600,\"height\":600,\"caption\":\"Western Environmental Law Center\"},\"image\":{\"@id\":\"https:\\\/\\\/westernlaw.org\\\/#\\\/schema\\\/logo\\\/image\\\/\"},\"sameAs\":[\"https:\\\/\\\/www.facebook.com\\\/westernlaw\\\/\",\"https:\\\/\\\/x.com\\\/westernlaw\",\"https:\\\/\\\/www.instagram.com\\\/welc_org\\\/\"]}]}<\/script>\n<!-- \/ Yoast SEO plugin. -->","yoast_head_json":{"title":"Protecci\u00f3n del Bosque Nacional Ochoco de Oreg\u00f3n contra los veh\u00edculos todoterreno - Centro de Derecho Ambiental Occidental","robots":{"index":"index","follow":"follow","max-snippet":"max-snippet:-1","max-image-preview":"max-image-preview:large","max-video-preview":"max-video-preview:-1"},"canonical":"https:\/\/westernlaw.org\/es\/protecting-oregons-ochoco-national-forest-from-orvs\/","og_locale":"es_MX","og_type":"article","og_title":"Protecting Oregon's Ochoco National Forest From OHVs - Western Environmental Law Center","og_description":"Protecting Oregon's Ochoco National Forest From OHVs The U.S. Forest Service issued a final decision green-lighting an extensive motorized trail system that would add 137 miles of new off-highway vehicle (OHV) trails to the existing network of 674 miles within the Ochoco National Forest in central Oregon, including areas of old growth forest. This plan [&hellip;]","og_url":"https:\/\/westernlaw.org\/es\/protecting-oregons-ochoco-national-forest-from-orvs\/","og_site_name":"Western Environmental Law Center","article_publisher":"https:\/\/www.facebook.com\/westernlaw\/","article_modified_time":"2019-01-03T21:42:21+00:00","og_image":[{"url":"https:\/\/westernlaw.org\/wp-content\/uploads\/2017\/06\/Great-Old-Broads-for-Wilderness-Logo.png","type":"","width":"","height":""}],"twitter_card":"summary_large_image","twitter_site":"@westernlaw","twitter_misc":{"Tiempo de lectura":"4 minutos"},"schema":{"@context":"https:\/\/schema.org","@graph":[{"@type":"WebPage","@id":"https:\/\/westernlaw.org\/es\/protecting-oregons-ochoco-national-forest-from-orvs\/","url":"https:\/\/westernlaw.org\/es\/protecting-oregons-ochoco-national-forest-from-orvs\/","name":"Protecci\u00f3n del Bosque Nacional Ochoco de Oreg\u00f3n contra los veh\u00edculos todoterreno - Centro de Derecho Ambiental Occidental","isPartOf":{"@id":"https:\/\/westernlaw.org\/#website"},"primaryImageOfPage":{"@id":"https:\/\/westernlaw.org\/es\/protecting-oregons-ochoco-national-forest-from-orvs\/#primaryimage"},"image":{"@id":"https:\/\/westernlaw.org\/es\/protecting-oregons-ochoco-national-forest-from-orvs\/#primaryimage"},"thumbnailUrl":"https:\/\/westernlaw.org\/wp-content\/uploads\/2017\/06\/Great-Old-Broads-for-Wilderness-Logo.png","datePublished":"2017-06-27T18:20:43+00:00","dateModified":"2019-01-03T21:42:21+00:00","breadcrumb":{"@id":"https:\/\/westernlaw.org\/es\/protecting-oregons-ochoco-national-forest-from-orvs\/#breadcrumb"},"inLanguage":"es","potentialAction":[{"@type":"ReadAction","target":["https:\/\/westernlaw.org\/es\/protecting-oregons-ochoco-national-forest-from-orvs\/"]}]},{"@type":"ImageObject","inLanguage":"es","@id":"https:\/\/westernlaw.org\/es\/protecting-oregons-ochoco-national-forest-from-orvs\/#primaryimage","url":"https:\/\/westernlaw.org\/wp-content\/uploads\/2017\/06\/Great-Old-Broads-for-Wilderness-Logo.png","contentUrl":"https:\/\/westernlaw.org\/wp-content\/uploads\/2017\/06\/Great-Old-Broads-for-Wilderness-Logo.png"},{"@type":"BreadcrumbList","@id":"https:\/\/westernlaw.org\/es\/protecting-oregons-ochoco-national-forest-from-orvs\/#breadcrumb","itemListElement":[{"@type":"ListItem","position":1,"name":"Home","item":"https:\/\/westernlaw.org\/"},{"@type":"ListItem","position":2,"name":"Protecting Oregon&#8217;s Ochoco National Forest From OHVs"}]},{"@type":"WebSite","@id":"https:\/\/westernlaw.org\/#website","url":"https:\/\/westernlaw.org\/","name":"Centro de Derecho Ambiental Occidental","description":"Defendemos el Oeste","publisher":{"@id":"https:\/\/westernlaw.org\/#organization"},"potentialAction":[{"@type":"SearchAction","target":{"@type":"EntryPoint","urlTemplate":"https:\/\/westernlaw.org\/?s={search_term_string}"},"query-input":{"@type":"PropertyValueSpecification","valueRequired":true,"valueName":"search_term_string"}}],"inLanguage":"es"},{"@type":"Organization","@id":"https:\/\/westernlaw.org\/#organization","name":"Centro de Derecho Ambiental Occidental","url":"https:\/\/westernlaw.org\/","logo":{"@type":"ImageObject","inLanguage":"es","@id":"https:\/\/westernlaw.org\/#\/schema\/logo\/image\/","url":"https:\/\/westernlaw.org\/wp-content\/uploads\/2017\/03\/WELC-logo-600-1.png","contentUrl":"https:\/\/westernlaw.org\/wp-content\/uploads\/2017\/03\/WELC-logo-600-1.png","width":600,"height":600,"caption":"Western Environmental Law Center"},"image":{"@id":"https:\/\/westernlaw.org\/#\/schema\/logo\/image\/"},"sameAs":["https:\/\/www.facebook.com\/westernlaw\/","https:\/\/x.com\/westernlaw","https:\/\/www.instagram.com\/welc_org\/"]}]}},"uagb_featured_image_src":{"full":false,"thumbnail":false,"medium":false,"medium_large":false,"large":false,"1536x1536":false,"2048x2048":false,"trp-custom-language-flag":false,"bloom_image":false,"et-pb-post-main-image":false,"et-pb-post-main-image-fullwidth":false,"et-pb-portfolio-image":false,"et-pb-portfolio-module-image":false,"et-pb-portfolio-image-single":false,"et-pb-gallery-module-image-portrait":false,"et-pb-post-main-image-fullwidth-large":false,"et-pb-image--responsive--desktop":false,"et-pb-image--responsive--tablet":false,"et-pb-image--responsive--phone":false,"gform-image-choice-sm":false,"gform-image-choice-md":false,"gform-image-choice-lg":false},"uagb_author_info":{"display_name":"Brian Sweeney","author_link":"https:\/\/westernlaw.org\/es\/author\/brian\/"},"uagb_comment_info":0,"uagb_excerpt":"Protecting Oregon's Ochoco National Forest From OHVs The U.S. Forest Service issued a final decision green-lighting an extensive motorized trail system that would add 137 miles of new off-highway vehicle (OHV) trails to the existing network of 674 miles within the Ochoco National Forest in central Oregon, including areas of old growth forest. This plan&hellip;","post_mailing_queue_ids":[],"_links":{"self":[{"href":"https:\/\/westernlaw.org\/es\/wp-json\/wp\/v2\/pages\/16928","targetHints":{"allow":["GET"]}}],"collection":[{"href":"https:\/\/westernlaw.org\/es\/wp-json\/wp\/v2\/pages"}],"about":[{"href":"https:\/\/westernlaw.org\/es\/wp-json\/wp\/v2\/types\/page"}],"author":[{"embeddable":true,"href":"https:\/\/westernlaw.org\/es\/wp-json\/wp\/v2\/users\/20"}],"replies":[{"embeddable":true,"href":"https:\/\/westernlaw.org\/es\/wp-json\/wp\/v2\/comments?post=16928"}],"version-history":[{"count":16,"href":"https:\/\/westernlaw.org\/es\/wp-json\/wp\/v2\/pages\/16928\/revisions"}],"predecessor-version":[{"id":19317,"href":"https:\/\/westernlaw.org\/es\/wp-json\/wp\/v2\/pages\/16928\/revisions\/19317"}],"wp:attachment":[{"href":"https:\/\/westernlaw.org\/es\/wp-json\/wp\/v2\/media?parent=16928"}],"wp:term":[{"taxonomy":"category","embeddable":true,"href":"https:\/\/westernlaw.org\/es\/wp-json\/wp\/v2\/categories?post=16928"},{"taxonomy":"post_tag","embeddable":true,"href":"https:\/\/westernlaw.org\/es\/wp-json\/wp\/v2\/tags?post=16928"}],"curies":[{"name":"gracias","href":"https:\/\/api.w.org\/{rel}","templated":true}]}}