{"id":11204,"date":"2016-11-03T03:34:20","date_gmt":"2016-11-03T03:34:20","guid":{"rendered":"http:\/\/westernlaw.aviandesign.net\/?post_type=project&#038;p=11204"},"modified":"2018-05-25T16:32:10","modified_gmt":"2018-05-25T16:32:10","slug":"protecting-critical-habitat-for-threatened-bull-trout-on-the-payette-id","status":"publish","type":"page","link":"https:\/\/westernlaw.org\/es\/defending-wildlands\/clean-free-flowing-rivers\/protecting-critical-habitat-for-threatened-bull-trout-on-the-payette-id\/","title":{"rendered":"Protecci\u00f3n del h\u00e1bitat cr\u00edtico para la trucha toro amenazada en Payette"},"content":{"rendered":"<p>[et_pb_section bb_built=&#8221;1&#8243; admin_label=&#8221;Section&#8221; fullwidth=&#8221;on&#8221; specialty=&#8221;off&#8221;][et_pb_fullwidth_header admin_label=&#8221;Fullwidth Header&#8221; background_layout=&#8221;dark&#8221; text_orientation=&#8221;left&#8221; header_fullscreen=&#8221;off&#8221; header_scroll_down=&#8221;off&#8221; background_url=&#8221;https:\/\/westernlaw.org\/wp-content\/uploads\/2012\/08\/salmon-1280&#215;600.jpg&#8221; parallax=&#8221;off&#8221; parallax_method=&#8221;off&#8221; content_orientation=&#8221;center&#8221; image_orientation=&#8221;center&#8221; custom_button_one=&#8221;off&#8221; button_one_letter_spacing=&#8221;0&#8243; button_one_use_icon=&#8221;default&#8221; button_one_icon_placement=&#8221;right&#8221; button_one_on_hover=&#8221;on&#8221; button_one_letter_spacing_hover=&#8221;0&#8243; custom_button_two=&#8221;off&#8221; button_two_letter_spacing=&#8221;0&#8243; button_two_use_icon=&#8221;default&#8221; button_two_icon_placement=&#8221;right&#8221; button_two_on_hover=&#8221;on&#8221; button_two_letter_spacing_hover=&#8221;0&#8243; scroll_down_icon=&#8221;%%8%%&#8221; background_overlay_color=&#8221;rgba(0,0,0,0)&#8221; title_font_size=&#8221;50px&#8221; content_font_size=&#8221;18px&#8221; scroll_down_icon_size=&#8221;30px&#8221; custom_css_main_element=&#8221;padding: 100px 0 300px 0;&#8221; \/][\/et_pb_section][et_pb_section bb_built=&#8221;1&#8243; admin_label=&#8221;Section&#8221; fullwidth=&#8221;off&#8221; specialty=&#8221;off&#8221; transparent_background=&#8221;off&#8221; allow_player_pause=&#8221;off&#8221; inner_shadow=&#8221;off&#8221; parallax=&#8221;off&#8221; parallax_method=&#8221;off&#8221; custom_padding_last_edited=&#8221;on|phone&#8221; make_fullwidth=&#8221;off&#8221; use_custom_width=&#8221;off&#8221; width_unit=&#8221;on&#8221; make_equal=&#8221;off&#8221; use_custom_gutter=&#8221;off&#8221; custom_padding_phone=&#8221;30px||40px|&#8221;][et_pb_row admin_label=&#8221;Row&#8221; make_fullwidth=&#8221;off&#8221; use_custom_width=&#8221;off&#8221; width_unit=&#8221;on&#8221; use_custom_gutter=&#8221;off&#8221; custom_padding=&#8221;0px||0px|&#8221; custom_padding_last_edited=&#8221;on|desktop&#8221; allow_player_pause=&#8221;off&#8221; parallax=&#8221;off&#8221; parallax_method=&#8221;off&#8221; make_equal=&#8221;off&#8221; parallax_1=&#8221;off&#8221; parallax_method_1=&#8221;off&#8221; parallax_2=&#8221;off&#8221; parallax_method_2=&#8221;off&#8221;][et_pb_column type=&#8221;4_4&#8243;][et_pb_text admin_label=&#8221;Protecting Critical Habitat for Threatened Bull Trout on the Payette (ID)&#8221; background_layout=&#8221;light&#8221; text_orientation=&#8221;left&#8221; use_border_color=&#8221;off&#8221; border_color=&#8221;#ffffff&#8221; border_style=&#8221;solid&#8221;]<\/p>\n<h1 class=\"title\">Protecting Critical Habitat for Threatened Bull Trout on the Payette<\/h1>\n<p class=\"title\">The U.S. Fish and Wildlife Service has designated 9,671 stream miles and 197,915 acres of lakes and reservoirs in Idaho as critical to bull trout conservation\u2014many of which are found on national forests including the Payette. The Fish and Wildlife Service designates as critical habitat the rivers and streams essential to bull trout conservation, which require special management and protection, since bull trout occupy less than half their historic range, and their territory continues to shrink due to climate change.<\/p>\n<p class=\"title\">The U.S. Forest Service is required to consult with the Fish and Wildlife Service when newly designated critical habitat for threatened species like bull trout may be affected by plans for forest roads (travel management plans). Forest roads dump sediment-laden stormwater into streams and rivers, increasing water temperatures and smothering juvenile fish. Forest roads block fish passage due to undersized culverts and split apart important spawning and rearing fish habitat. And frequently, forest roads actually cross streams that are designated as bull trout critical habitat.<\/p>\n<p class=\"title\">In this case, the travel management plan was finalized in 2009, the critical habitat was designated in 2010, and the agencies never evaluated the impacts of these roads and associated motor vehicle use on bull trout critical habitat, which differs from impacts to the species itself.<\/p>\n<p class=\"title\">Representing WildEarth Guardians, we filed a case on Sept. 21, 2016 under the Endangered Species Act to force the Forest Service to consult with the Fish and Wildlife Service on how an extensive road network on the Payette National Forest affects bull trout critical habitat.<\/p>\n<p class=\"title\">As a result of our efforts, the Forest Service agreed to consult with the U.S. Fish and Wildlife Service on the effects of the Payette\u2019s motorized vehicle route system on bull trout critical habitat. That process is expected to be completed in 2017, and WELC will ensure that this process is completed on time and in a meaningful way.<\/p>\n<p>[\/et_pb_text][\/et_pb_column][\/et_pb_row][\/et_pb_section][et_pb_section bb_built=&#8221;1&#8243; admin_label=&#8221;Section&#8221; fullwidth=&#8221;off&#8221; specialty=&#8221;off&#8221; transparent_background=&#8221;off&#8221; background_color=&#8221;#f1f3f2&#8243; allow_player_pause=&#8221;off&#8221; inner_shadow=&#8221;off&#8221; parallax=&#8221;off&#8221; parallax_method=&#8221;off&#8221; custom_padding=&#8221;30px||30px|&#8221; custom_padding_last_edited=&#8221;on|tablet&#8221; make_fullwidth=&#8221;off&#8221; use_custom_width=&#8221;off&#8221; width_unit=&#8221;on&#8221; make_equal=&#8221;off&#8221; use_custom_gutter=&#8221;off&#8221; custom_padding_tablet=&#8221;30px||40px|&#8221;][et_pb_row admin_label=&#8221;Row&#8221; make_fullwidth=&#8221;off&#8221; use_custom_width=&#8221;off&#8221; width_unit=&#8221;on&#8221; use_custom_gutter=&#8221;off&#8221; allow_player_pause=&#8221;off&#8221; parallax=&#8221;off&#8221; parallax_method=&#8221;off&#8221; make_equal=&#8221;off&#8221; parallax_1=&#8221;off&#8221; parallax_method_1=&#8221;off&#8221; column_padding_mobile=&#8221;on&#8221; custom_padding=&#8221;0px||0px|&#8221; custom_padding_last_edited=&#8221;on|phone&#8221; parallax_2=&#8221;off&#8221; parallax_method_2=&#8221;off&#8221;][et_pb_column type=&#8221;1_3&#8243;][et_pb_text admin_label=&#8221;Partners&#8221; background_layout=&#8221;light&#8221; text_orientation=&#8221;left&#8221; use_border_color=&#8221;off&#8221; border_color=&#8221;#ffffff&#8221; border_style=&#8221;solid&#8221;]<\/p>\n<h3>Partners<\/h3>\n<p><a class=\"logolink\" href=\"http:\/\/wildearthguardians.org\" target=\"_blank\" rel=\"noopener noreferrer\"><img loading=\"lazy\" decoding=\"async\" class=\"alignleft wp-image-13683 size-full\" src=\"https:\/\/westernlaw.org\/wp-content\/uploads\/2016\/01\/Wildearth-Guardians-Logo.png\" alt=\"Wildearth Guardians Logo\" width=\"120\" height=\"55\" \/><\/a><\/p>\n<p>[\/et_pb_text][\/et_pb_column][et_pb_column type=&#8221;1_3&#8243;][et_pb_text admin_label=&#8221;Related Documents&#8221; background_layout=&#8221;light&#8221; text_orientation=&#8221;left&#8221; use_border_color=&#8221;off&#8221; border_color=&#8221;#ffffff&#8221; border_style=&#8221;solid&#8221;]<\/p>\n<h2>Related Documents<\/h2>\n<div id=\"content-area\"><\/div>\n<div id=\"content-bottom\" class=\"region region-content_bottom\">\n<div id=\"block-views-ProjectDetails-block_1\" class=\"block block-views region-odd odd region-count-1 count-7 block block-views blockTitle-Unknown \">\n<div class=\"block-inner\">\n<div class=\"content\">\n<div class=\"view view-ProjectDetails view-id-ProjectDetails view-display-id-block_1 view-dom-id-7\">\n<div class=\"view-content\">\n<div class=\"views-row views-row-1 views-row-odd views-row-first views-row-last\">\n<div id=\"right-detail\"><\/div>\n<ul>\n<li id=\"clearinghouse\"><a title=\"2016.09.21-Payette Bull Trout Complaint.pdf\" href=\"https:\/\/westernlaw.org\/sites\/default\/files\/2016.09.21-Payette%20Bull%20Trout%20Complaint.pdf\" type=\"application\/pdf; length=183522\">Payette Bull Trout Complaint (9.21.16)<\/a><\/li>\n<\/ul>\n<div id=\"right-detail\"><\/div>\n<div id=\"right-detail\"><\/div>\n<\/div>\n<\/div>\n<\/div>\n<\/div>\n<\/div>\n<\/div>\n<\/div>\n<p>[\/et_pb_text][\/et_pb_column][et_pb_column type=&#8221;1_3&#8243;][et_pb_text admin_label=&#8221;Staff&#8221; background_layout=&#8221;light&#8221; text_orientation=&#8221;left&#8221; use_border_color=&#8221;off&#8221; border_color=&#8221;#ffffff&#8221; border_style=&#8221;solid&#8221;]<\/p>\n<h3>Staff<\/h3>\n<p>John Mellgren: <a href=\"\/about-us\/staff\/#johnmellgren\">Bio<\/a> | <a href=\"\/tag\/john-mellgren\">Docket<\/a><\/p>\n<p>[\/et_pb_text][\/et_pb_column][\/et_pb_row][\/et_pb_section][et_pb_section bb_built=&#8221;1&#8243; admin_label=&#8221;section&#8221; disabled_on=&#8221;on|on|on&#8221; disabled=&#8221;on&#8221; collapsed=&#8221;on&#8221;][et_pb_row admin_label=&#8221;row&#8221;][et_pb_column type=&#8221;4_4&#8243;][et_pb_text admin_label=&#8221;Text&#8221;]<\/p>\n<div class=\"field_documents\">\n<p><a href=\"https:\/\/westernlaw.org\/wp-content\/uploads\/2017.02.24-KSNM Intervene OR Mtn and Memo_0.pdf\">2017.02.24-KSNM Intervene OR Mtn and Memo.pdf<\/a><\/p>\n<div><\/div>\n<p><a href=\"https:\/\/westernlaw.org\/wp-content\/uploads\/2017.02.24-KSNM Intervene Memo.pdf\">2017.02.24-KSNM Intervene Memo.pdf<\/a><\/p>\n<\/div>\n<p class=\"MsoNormal\"><span style=\"font-size: 11.5pt;\">President Clinton designated the Klamath-Siskiyou National Monument in 2000. It is the first and only national monument specifically established to<br \/>\nprotect biological diversity. But ecologists agreed after the designation that many of the most important parts of the region were excluded from the monument&#8217;s boundaries. In 2015, 85 scientists concerned about increasing<br \/>\nthreats to the area signed a letter urging monument expansion in to better<br \/>\nprotect and connect important habitats for the monument\u2019s spectacular variety<br \/>\nof plants and animals \u201cwhose survival in the region,\u201d according the monument\u2019s<br \/>\noriginal proclamation, \u201cdepends upon its continued ecological integrity.\u201d In January 2017, President Obama expanded the monument to include these ecologically important areas.<\/span><\/p>\n<p class=\"MsoNormal\">Soon after, a timber company and the Association of O&amp;C Counties, keen on logging, filed separate lawsuits suggesting an obscure law requires the area be logged and supersedes the Antiquities Act, used to designate and expand the monument. They&#8217;re wrong, and we&#8217;re representing the Soda Mountain Wilderness Council, Klamath-Siskiyou Wild, Oregon Wild, and the Wilderness Society, defending the monument from this industry attack.<\/p>\n<p class=\"MsoNormal\"><em>(WELC project #484)<\/em><\/p>\n<div class=\"field_project_thumbnail\"><img decoding=\"async\" src=\"https:\/\/westernlaw.org\/wp-content\/uploads\/KSNM-thumb.jpg\" \/><\/div>\n<p>[\/et_pb_text][\/et_pb_column][\/et_pb_row][\/et_pb_section]<\/p>\n","protected":false},"excerpt":{"rendered":"<p>Protecting Critical Habitat for Threatened Bull Trout on the Payette The U.S. Fish and Wildlife Service has designated 9,671 stream miles and 197,915 acres of lakes and reservoirs in Idaho as critical to bull trout conservation\u2014many of which are found on national forests including the Payette. The Fish and Wildlife Service designates as critical habitat [&hellip;]<\/p>\n","protected":false},"author":1,"featured_media":11206,"parent":5599,"menu_order":0,"comment_status":"closed","ping_status":"closed","template":"","meta":{"_et_pb_use_builder":"on","_et_pb_old_content":"","_et_gb_content_width":"","_monsterinsights_skip_tracking":false,"_monsterinsights_sitenote_active":false,"_monsterinsights_sitenote_note":"","_monsterinsights_sitenote_category":0,"footnotes":""},"categories":[254],"tags":[271,276,296],"class_list":["post-11204","page","type-page","status-publish","has-post-thumbnail","hentry","category-wildlife","tag-idaho","tag-john-mellgren","tag-trout"],"yoast_head":"<!-- This site is optimized with the Yoast SEO plugin v27.5 - https:\/\/yoast.com\/product\/yoast-seo-wordpress\/ -->\n<title>Protecting Critical Habitat for Threatened Bull Trout on the Payette - Western Environmental Law Center<\/title>\n<meta name=\"robots\" content=\"index, follow, max-snippet:-1, max-image-preview:large, max-video-preview:-1\" \/>\n<link rel=\"canonical\" href=\"https:\/\/westernlaw.org\/es\/defending-wildlands\/clean-free-flowing-rivers\/protecting-critical-habitat-for-threatened-bull-trout-on-the-payette-id\/\" \/>\n<meta property=\"og:locale\" content=\"es_MX\" \/>\n<meta property=\"og:type\" content=\"article\" \/>\n<meta property=\"og:title\" content=\"Protecting Critical Habitat for Threatened Bull Trout on the Payette - Western Environmental Law Center\" \/>\n<meta property=\"og:description\" content=\"Protecting Critical Habitat for Threatened Bull Trout on the Payette The U.S. Fish and Wildlife Service has designated 9,671 stream miles and 197,915 acres of lakes and reservoirs in Idaho as critical to bull trout conservation\u2014many of which are found on national forests including the Payette. The Fish and Wildlife Service designates as critical habitat [&hellip;]\" \/>\n<meta property=\"og:url\" content=\"https:\/\/westernlaw.org\/es\/defending-wildlands\/clean-free-flowing-rivers\/protecting-critical-habitat-for-threatened-bull-trout-on-the-payette-id\/\" \/>\n<meta property=\"og:site_name\" content=\"Western Environmental Law Center\" \/>\n<meta property=\"article:publisher\" content=\"https:\/\/www.facebook.com\/westernlaw\/\" \/>\n<meta property=\"article:modified_time\" content=\"2018-05-25T16:32:10+00:00\" \/>\n<meta property=\"og:image\" content=\"https:\/\/westernlaw.org\/wp-content\/uploads\/2023\/03\/WELC-General-FB-Default.jpg\" \/>\n\t<meta property=\"og:image:width\" content=\"1200\" \/>\n\t<meta property=\"og:image:height\" content=\"628\" \/>\n\t<meta property=\"og:image:type\" content=\"image\/jpeg\" \/>\n<meta name=\"twitter:card\" content=\"summary_large_image\" \/>\n<meta name=\"twitter:site\" content=\"@westernlaw\" \/>\n<meta name=\"twitter:label1\" content=\"Tiempo de lectura\" \/>\n\t<meta name=\"twitter:data1\" content=\"5 minutos\" \/>\n<script type=\"application\/ld+json\" class=\"yoast-schema-graph\">{\"@context\":\"https:\\\/\\\/schema.org\",\"@graph\":[{\"@type\":\"WebPage\",\"@id\":\"https:\\\/\\\/westernlaw.org\\\/defending-wildlands\\\/clean-free-flowing-rivers\\\/protecting-critical-habitat-for-threatened-bull-trout-on-the-payette-id\\\/\",\"url\":\"https:\\\/\\\/westernlaw.org\\\/defending-wildlands\\\/clean-free-flowing-rivers\\\/protecting-critical-habitat-for-threatened-bull-trout-on-the-payette-id\\\/\",\"name\":\"Protecting Critical Habitat for Threatened Bull Trout on the Payette - Western Environmental Law Center\",\"isPartOf\":{\"@id\":\"https:\\\/\\\/westernlaw.org\\\/#website\"},\"primaryImageOfPage\":{\"@id\":\"https:\\\/\\\/westernlaw.org\\\/defending-wildlands\\\/clean-free-flowing-rivers\\\/protecting-critical-habitat-for-threatened-bull-trout-on-the-payette-id\\\/#primaryimage\"},\"image\":{\"@id\":\"https:\\\/\\\/westernlaw.org\\\/defending-wildlands\\\/clean-free-flowing-rivers\\\/protecting-critical-habitat-for-threatened-bull-trout-on-the-payette-id\\\/#primaryimage\"},\"thumbnailUrl\":\"\",\"datePublished\":\"2016-11-03T03:34:20+00:00\",\"dateModified\":\"2018-05-25T16:32:10+00:00\",\"breadcrumb\":{\"@id\":\"https:\\\/\\\/westernlaw.org\\\/defending-wildlands\\\/clean-free-flowing-rivers\\\/protecting-critical-habitat-for-threatened-bull-trout-on-the-payette-id\\\/#breadcrumb\"},\"inLanguage\":\"es\",\"potentialAction\":[{\"@type\":\"ReadAction\",\"target\":[\"https:\\\/\\\/westernlaw.org\\\/defending-wildlands\\\/clean-free-flowing-rivers\\\/protecting-critical-habitat-for-threatened-bull-trout-on-the-payette-id\\\/\"]}]},{\"@type\":\"ImageObject\",\"inLanguage\":\"es\",\"@id\":\"https:\\\/\\\/westernlaw.org\\\/defending-wildlands\\\/clean-free-flowing-rivers\\\/protecting-critical-habitat-for-threatened-bull-trout-on-the-payette-id\\\/#primaryimage\",\"url\":\"\",\"contentUrl\":\"\"},{\"@type\":\"BreadcrumbList\",\"@id\":\"https:\\\/\\\/westernlaw.org\\\/defending-wildlands\\\/clean-free-flowing-rivers\\\/protecting-critical-habitat-for-threatened-bull-trout-on-the-payette-id\\\/#breadcrumb\",\"itemListElement\":[{\"@type\":\"ListItem\",\"position\":1,\"name\":\"Home\",\"item\":\"https:\\\/\\\/westernlaw.org\\\/\"},{\"@type\":\"ListItem\",\"position\":2,\"name\":\"Defending Wildlands\",\"item\":\"https:\\\/\\\/westernlaw.org\\\/defending-wildlands\\\/\"},{\"@type\":\"ListItem\",\"position\":3,\"name\":\"Clean, Free-Flowing Rivers\",\"item\":\"https:\\\/\\\/westernlaw.org\\\/?page_id=5599\"},{\"@type\":\"ListItem\",\"position\":4,\"name\":\"Protecting Critical Habitat for Threatened Bull Trout on the Payette\"}]},{\"@type\":\"WebSite\",\"@id\":\"https:\\\/\\\/westernlaw.org\\\/#website\",\"url\":\"https:\\\/\\\/westernlaw.org\\\/\",\"name\":\"Western Environmental Law Center\",\"description\":\"Defending the West\",\"publisher\":{\"@id\":\"https:\\\/\\\/westernlaw.org\\\/#organization\"},\"potentialAction\":[{\"@type\":\"SearchAction\",\"target\":{\"@type\":\"EntryPoint\",\"urlTemplate\":\"https:\\\/\\\/westernlaw.org\\\/?s={search_term_string}\"},\"query-input\":{\"@type\":\"PropertyValueSpecification\",\"valueRequired\":true,\"valueName\":\"search_term_string\"}}],\"inLanguage\":\"es\"},{\"@type\":\"Organization\",\"@id\":\"https:\\\/\\\/westernlaw.org\\\/#organization\",\"name\":\"Western Environmental Law Center\",\"url\":\"https:\\\/\\\/westernlaw.org\\\/\",\"logo\":{\"@type\":\"ImageObject\",\"inLanguage\":\"es\",\"@id\":\"https:\\\/\\\/westernlaw.org\\\/#\\\/schema\\\/logo\\\/image\\\/\",\"url\":\"https:\\\/\\\/westernlaw.org\\\/wp-content\\\/uploads\\\/2017\\\/03\\\/WELC-logo-600-1.png\",\"contentUrl\":\"https:\\\/\\\/westernlaw.org\\\/wp-content\\\/uploads\\\/2017\\\/03\\\/WELC-logo-600-1.png\",\"width\":600,\"height\":600,\"caption\":\"Western Environmental Law Center\"},\"image\":{\"@id\":\"https:\\\/\\\/westernlaw.org\\\/#\\\/schema\\\/logo\\\/image\\\/\"},\"sameAs\":[\"https:\\\/\\\/www.facebook.com\\\/westernlaw\\\/\",\"https:\\\/\\\/x.com\\\/westernlaw\",\"https:\\\/\\\/www.instagram.com\\\/welc_org\\\/\"]}]}<\/script>\n<!-- \/ Yoast SEO plugin. -->","yoast_head_json":{"title":"Protecci\u00f3n del h\u00e1bitat cr\u00edtico para la trucha toro amenazada en el r\u00edo Payette - Centro de Derecho Ambiental Occidental","robots":{"index":"index","follow":"follow","max-snippet":"max-snippet:-1","max-image-preview":"max-image-preview:large","max-video-preview":"max-video-preview:-1"},"canonical":"https:\/\/westernlaw.org\/es\/defending-wildlands\/clean-free-flowing-rivers\/protecting-critical-habitat-for-threatened-bull-trout-on-the-payette-id\/","og_locale":"es_MX","og_type":"article","og_title":"Protecting Critical Habitat for Threatened Bull Trout on the Payette - Western Environmental Law Center","og_description":"Protecting Critical Habitat for Threatened Bull Trout on the Payette The U.S. Fish and Wildlife Service has designated 9,671 stream miles and 197,915 acres of lakes and reservoirs in Idaho as critical to bull trout conservation\u2014many of which are found on national forests including the Payette. The Fish and Wildlife Service designates as critical habitat [&hellip;]","og_url":"https:\/\/westernlaw.org\/es\/defending-wildlands\/clean-free-flowing-rivers\/protecting-critical-habitat-for-threatened-bull-trout-on-the-payette-id\/","og_site_name":"Western Environmental Law Center","article_publisher":"https:\/\/www.facebook.com\/westernlaw\/","article_modified_time":"2018-05-25T16:32:10+00:00","og_image":[{"width":1200,"height":628,"url":"https:\/\/westernlaw.org\/wp-content\/uploads\/2023\/03\/WELC-General-FB-Default.jpg","type":"image\/jpeg"}],"twitter_card":"summary_large_image","twitter_site":"@westernlaw","twitter_misc":{"Tiempo de lectura":"5 minutos"},"schema":{"@context":"https:\/\/schema.org","@graph":[{"@type":"WebPage","@id":"https:\/\/westernlaw.org\/defending-wildlands\/clean-free-flowing-rivers\/protecting-critical-habitat-for-threatened-bull-trout-on-the-payette-id\/","url":"https:\/\/westernlaw.org\/defending-wildlands\/clean-free-flowing-rivers\/protecting-critical-habitat-for-threatened-bull-trout-on-the-payette-id\/","name":"Protecci\u00f3n del h\u00e1bitat cr\u00edtico para la trucha toro amenazada en el r\u00edo Payette - Centro de Derecho Ambiental Occidental","isPartOf":{"@id":"https:\/\/westernlaw.org\/#website"},"primaryImageOfPage":{"@id":"https:\/\/westernlaw.org\/defending-wildlands\/clean-free-flowing-rivers\/protecting-critical-habitat-for-threatened-bull-trout-on-the-payette-id\/#primaryimage"},"image":{"@id":"https:\/\/westernlaw.org\/defending-wildlands\/clean-free-flowing-rivers\/protecting-critical-habitat-for-threatened-bull-trout-on-the-payette-id\/#primaryimage"},"thumbnailUrl":"","datePublished":"2016-11-03T03:34:20+00:00","dateModified":"2018-05-25T16:32:10+00:00","breadcrumb":{"@id":"https:\/\/westernlaw.org\/defending-wildlands\/clean-free-flowing-rivers\/protecting-critical-habitat-for-threatened-bull-trout-on-the-payette-id\/#breadcrumb"},"inLanguage":"es","potentialAction":[{"@type":"ReadAction","target":["https:\/\/westernlaw.org\/defending-wildlands\/clean-free-flowing-rivers\/protecting-critical-habitat-for-threatened-bull-trout-on-the-payette-id\/"]}]},{"@type":"ImageObject","inLanguage":"es","@id":"https:\/\/westernlaw.org\/defending-wildlands\/clean-free-flowing-rivers\/protecting-critical-habitat-for-threatened-bull-trout-on-the-payette-id\/#primaryimage","url":"","contentUrl":""},{"@type":"BreadcrumbList","@id":"https:\/\/westernlaw.org\/defending-wildlands\/clean-free-flowing-rivers\/protecting-critical-habitat-for-threatened-bull-trout-on-the-payette-id\/#breadcrumb","itemListElement":[{"@type":"ListItem","position":1,"name":"Home","item":"https:\/\/westernlaw.org\/"},{"@type":"ListItem","position":2,"name":"Defending Wildlands","item":"https:\/\/westernlaw.org\/defending-wildlands\/"},{"@type":"ListItem","position":3,"name":"Clean, Free-Flowing Rivers","item":"https:\/\/westernlaw.org\/?page_id=5599"},{"@type":"ListItem","position":4,"name":"Protecting Critical Habitat for Threatened Bull Trout on the Payette"}]},{"@type":"WebSite","@id":"https:\/\/westernlaw.org\/#website","url":"https:\/\/westernlaw.org\/","name":"Centro de Derecho Ambiental Occidental","description":"Defendemos el Oeste","publisher":{"@id":"https:\/\/westernlaw.org\/#organization"},"potentialAction":[{"@type":"SearchAction","target":{"@type":"EntryPoint","urlTemplate":"https:\/\/westernlaw.org\/?s={search_term_string}"},"query-input":{"@type":"PropertyValueSpecification","valueRequired":true,"valueName":"search_term_string"}}],"inLanguage":"es"},{"@type":"Organization","@id":"https:\/\/westernlaw.org\/#organization","name":"Centro de Derecho Ambiental Occidental","url":"https:\/\/westernlaw.org\/","logo":{"@type":"ImageObject","inLanguage":"es","@id":"https:\/\/westernlaw.org\/#\/schema\/logo\/image\/","url":"https:\/\/westernlaw.org\/wp-content\/uploads\/2017\/03\/WELC-logo-600-1.png","contentUrl":"https:\/\/westernlaw.org\/wp-content\/uploads\/2017\/03\/WELC-logo-600-1.png","width":600,"height":600,"caption":"Western Environmental Law Center"},"image":{"@id":"https:\/\/westernlaw.org\/#\/schema\/logo\/image\/"},"sameAs":["https:\/\/www.facebook.com\/westernlaw\/","https:\/\/x.com\/westernlaw","https:\/\/www.instagram.com\/welc_org\/"]}]}},"_links":{"self":[{"href":"https:\/\/westernlaw.org\/es\/wp-json\/wp\/v2\/pages\/11204","targetHints":{"allow":["GET"]}}],"collection":[{"href":"https:\/\/westernlaw.org\/es\/wp-json\/wp\/v2\/pages"}],"about":[{"href":"https:\/\/westernlaw.org\/es\/wp-json\/wp\/v2\/types\/page"}],"author":[{"embeddable":true,"href":"https:\/\/westernlaw.org\/es\/wp-json\/wp\/v2\/users\/1"}],"replies":[{"embeddable":true,"href":"https:\/\/westernlaw.org\/es\/wp-json\/wp\/v2\/comments?post=11204"}],"version-history":[{"count":8,"href":"https:\/\/westernlaw.org\/es\/wp-json\/wp\/v2\/pages\/11204\/revisions"}],"predecessor-version":[{"id":18848,"href":"https:\/\/westernlaw.org\/es\/wp-json\/wp\/v2\/pages\/11204\/revisions\/18848"}],"up":[{"embeddable":true,"href":"https:\/\/westernlaw.org\/es\/wp-json\/wp\/v2\/pages\/5599"}],"wp:featuredmedia":[{"embeddable":true,"href":"https:\/\/westernlaw.org\/es\/wp-json\/"}],"wp:attachment":[{"href":"https:\/\/westernlaw.org\/es\/wp-json\/wp\/v2\/media?parent=11204"}],"wp:term":[{"taxonomy":"category","embeddable":true,"href":"https:\/\/westernlaw.org\/es\/wp-json\/wp\/v2\/categories?post=11204"},{"taxonomy":"post_tag","embeddable":true,"href":"https:\/\/westernlaw.org\/es\/wp-json\/wp\/v2\/tags?post=11204"}],"curies":[{"name":"gracias","href":"https:\/\/api.w.org\/{rel}","templated":true}]}}